{"id":910,"date":"2022-02-11T09:22:10","date_gmt":"2022-02-11T09:22:10","guid":{"rendered":"https:\/\/eeefc.eu\/?page_id=910"},"modified":"2022-03-05T23:36:22","modified_gmt":"2022-03-05T23:36:22","slug":"nouvelles","status":"publish","type":"page","link":"https:\/\/eeefc.eu\/fr\/nouvelles\/","title":{"rendered":"Actualit\u00e9s"},"content":{"rendered":"<div class=\"wp-block-group\"><div class=\"wp-block-group__inner-container is-layout-flow wp-block-group-is-layout-flow\"><div id=\"pl-gb910-69ea45d8dd02e\"  class=\"panel-layout\" ><div id=\"pg-gb910-69ea45d8dd02e-0\"  class=\"panel-grid panel-no-style\" ><div id=\"pgc-gb910-69ea45d8dd02e-0-0\"  class=\"panel-grid-cell\" ><div id=\"panel-gb910-69ea45d8dd02e-0-0-0\" class=\"so-panel widget widget_themegrill_flash_heading tg-widget section-title-wrapper panel-first-child\" data-index=\"0\" >\t<h3 class=\"section-title\">TOUTES LES NOUVELLES<\/h3>\n<\/div><div id=\"panel-gb910-69ea45d8dd02e-0-0-1\" class=\"so-panel widget widget_themegrill_flash_blog tg-widget blog-section panel-last-child\" data-index=\"1\" >\n<div class=\"blog-wrapper tg-column-wrapper tg-blog-widget-layout-1\">\n\t\t\t<div class=\"row\">\n\t\t<div class=\"tg-blog-widget tg-column-2\">\n\t\t\t\t<div class=\"post-image image-none\">\n\t\t\t\t\t<\/div>\n\t\t<div class=\"blog-content\">\n\t\t\t<h3 class=\"entry-title\"><a href=\"https:\/\/eeefc.eu\/fr\/2024\/10\/27\/ressources-projet-eeefcom-2\/\">Ressources Projet EEEFCom<\/a><\/h3>\n\t\t\t\t\t\t<div class=\"entry-meta\">\n\t\t\t\t<span class=\"entry-date\">\n\t\t\t\t\t<i class=\"fa fa-clock-o\"><\/i><a href=\"https:\/\/eeefc.eu\/fr\/2024\/10\/27\/ressources-projet-eeefcom-2\/\" rel=\"bookmark\">27 de octobre de 2024<\/a>\n\t\t\t\t<\/span>\n\t\t\t\t<span class=\"entry-author\">\n\t\t\t\t\t<i class=\"fa fa-user\"><\/i><a class=\"url fn n\" href=\"https:\/\/eeefc.eu\/fr\/author\/eeefc\/\">eeefc<\/a>\n\t\t\t\t<\/span>\n\t\t\t<\/div>\n\t\t\t\t\t\t<div class=\"entry-summary\">\n\t\t\t\t<p>Vous trouverez d'autres ressources sur les \u00e9v\u00e9nements multiplicateurs ici : https:\/\/eeefc.eu\/resources-documents\/ Lisez et \u00e9coutez nos \u00e9v\u00e9nements en ligne.<\/p>\n\t\t\t<\/div>\n\t\t\t\t\t<\/div>\n\t<\/div>\n\t\t<div class=\"tg-blog-widget tg-column-2\">\n\t\t\t\t<div class=\"post-image\">\n\t\t\t<figure><a href=\"https:\/\/eeefc.eu\/fr\/2024\/10\/27\/diapositives-du-symposium-de-leeefcom-le-pouvoir-de-leducation-emancipatoire-dans-le-redressement-personnel-et-social\/\" title=\"Diapositives du symposium EEEFCom : Le pouvoir de l&#039;\u00e9ducation \u00e9mancipatrice dans le r\u00e9tablissement personnel et social\"><img loading=\"lazy\" decoding=\"async\" width=\"300\" height=\"300\" src=\"https:\/\/eeefc.eu\/wp-content\/uploads\/2024\/10\/file-300x300.jpg\" class=\"attachment-flash-square size-flash-square wp-post-image\" alt=\"\" srcset=\"https:\/\/eeefc.eu\/wp-content\/uploads\/2024\/10\/file-300x300.jpg 300w, https:\/\/eeefc.eu\/wp-content\/uploads\/2024\/10\/file-150x150.jpg 150w\" sizes=\"auto, (max-width: 300px) 100vw, 300px\" \/><\/a><\/figure>\t\t<\/div>\n\t\t<div class=\"blog-content\">\n\t\t\t<h3 class=\"entry-title\"><a href=\"https:\/\/eeefc.eu\/fr\/2024\/10\/27\/diapositives-du-symposium-de-leeefcom-le-pouvoir-de-leducation-emancipatoire-dans-le-redressement-personnel-et-social\/\">Diapositives du symposium EEEFCom : Le pouvoir de l'\u00e9ducation \u00e9mancipatrice dans le r\u00e9tablissement personnel et social<\/a><\/h3>\n\t\t\t\t\t\t<div class=\"entry-meta\">\n\t\t\t\t<span class=\"entry-date\">\n\t\t\t\t\t<i class=\"fa fa-clock-o\"><\/i><a href=\"https:\/\/eeefc.eu\/fr\/2024\/10\/27\/diapositives-du-symposium-de-leeefcom-le-pouvoir-de-leducation-emancipatoire-dans-le-redressement-personnel-et-social\/\" rel=\"bookmark\">27 de octobre de 2024<\/a>\n\t\t\t\t<\/span>\n\t\t\t\t<span class=\"entry-author\">\n\t\t\t\t\t<i class=\"fa fa-user\"><\/i><a class=\"url fn n\" href=\"https:\/\/eeefc.eu\/fr\/author\/eeefc\/\">eeefc<\/a>\n\t\t\t\t<\/span>\n\t\t\t<\/div>\n\t\t\t\t\t\t<div class=\"entry-summary\">\n\t\t\t\t<p>&nbsp; Veuillez trouver les diapositives du Symposium EEEFCom : Le pouvoir de l'\u00e9ducation \u00e9mancipatrice dans le r\u00e9tablissement personnel et social de [...]<\/p>\n\t\t\t<\/div>\n\t\t\t\t\t<\/div>\n\t<\/div>\n\t\t<\/div>\n\t\t\t<div class=\"row\">\n\t\t<div class=\"tg-blog-widget tg-column-2\">\n\t\t\t\t<div class=\"post-image\">\n\t\t\t<figure><a href=\"https:\/\/eeefc.eu\/fr\/2024\/09\/28\/symposium-eeefcom-le-pouvoir-de-leducation-emancipatoire-dans-le-redressement-personnel-et-social-18-octobre-2024\/\" title=\"Symposium EEEFCom : Le pouvoir de l&#039;\u00e9ducation \u00e9mancipatrice dans le r\u00e9tablissement personnel et social - 18 octobre 2024\"><img loading=\"lazy\" decoding=\"async\" width=\"300\" height=\"300\" src=\"https:\/\/eeefc.eu\/wp-content\/uploads\/2024\/09\/Screenshot-2024-09-28-at-15-34-28-Invitation-ME_Dublin_-18-10-2024.docx-Invitation-Dublin-18-10-2024-300x300.jpg\" class=\"attachment-flash-square size-flash-square wp-post-image\" alt=\"\" srcset=\"https:\/\/eeefc.eu\/wp-content\/uploads\/2024\/09\/Screenshot-2024-09-28-at-15-34-28-Invitation-ME_Dublin_-18-10-2024.docx-Invitation-Dublin-18-10-2024-300x300.jpg 300w, https:\/\/eeefc.eu\/wp-content\/uploads\/2024\/09\/Screenshot-2024-09-28-at-15-34-28-Invitation-ME_Dublin_-18-10-2024.docx-Invitation-Dublin-18-10-2024-150x150.jpg 150w\" sizes=\"auto, (max-width: 300px) 100vw, 300px\" \/><\/a><\/figure>\t\t<\/div>\n\t\t<div class=\"blog-content\">\n\t\t\t<h3 class=\"entry-title\"><a href=\"https:\/\/eeefc.eu\/fr\/2024\/09\/28\/symposium-eeefcom-le-pouvoir-de-leducation-emancipatoire-dans-le-redressement-personnel-et-social-18-octobre-2024\/\">Symposium EEEFCom : Le pouvoir de l'\u00e9ducation \u00e9mancipatrice dans le r\u00e9tablissement personnel et social - 18 octobre 2024<\/a><\/h3>\n\t\t\t\t\t\t<div class=\"entry-meta\">\n\t\t\t\t<span class=\"entry-date\">\n\t\t\t\t\t<i class=\"fa fa-clock-o\"><\/i><a href=\"https:\/\/eeefc.eu\/fr\/2024\/09\/28\/symposium-eeefcom-le-pouvoir-de-leducation-emancipatoire-dans-le-redressement-personnel-et-social-18-octobre-2024\/\" rel=\"bookmark\">28 septembre 2024<\/a>\n\t\t\t\t<\/span>\n\t\t\t\t<span class=\"entry-author\">\n\t\t\t\t\t<i class=\"fa fa-user\"><\/i><a class=\"url fn n\" href=\"https:\/\/eeefc.eu\/fr\/author\/eeefc\/\">eeefc<\/a>\n\t\t\t\t<\/span>\n\t\t\t<\/div>\n\t\t\t\t\t\t<div class=\"entry-summary\">\n\t\t\t\t<p>Symposium EEEFCom : Le pouvoir de l'\u00e9ducation \u00e9mancipatrice dans le r\u00e9tablissement personnel et social - 18 octobre 2024 Chers coll\u00e8gues et amis, [...]<\/p>\n\t\t\t<\/div>\n\t\t\t\t\t<\/div>\n\t<\/div>\n\t\t<div class=\"tg-blog-widget tg-column-2\">\n\t\t\t\t<div class=\"post-image\">\n\t\t\t<figure><a href=\"https:\/\/eeefc.eu\/fr\/2024\/09\/25\/eeefcom-edinburgh-septembre-2024\/\" title=\"Multiplicateur \u00e9cossais \u00e0 Edimbourg EEEFCom Good Practice Guidelines\"><img loading=\"lazy\" decoding=\"async\" width=\"300\" height=\"300\" src=\"https:\/\/eeefc.eu\/wp-content\/uploads\/2024\/09\/Edinburgh-300x300.jpg\" class=\"attachment-flash-square size-flash-square wp-post-image\" alt=\"\" srcset=\"https:\/\/eeefc.eu\/wp-content\/uploads\/2024\/09\/Edinburgh-300x300.jpg 300w, https:\/\/eeefc.eu\/wp-content\/uploads\/2024\/09\/Edinburgh-150x150.jpg 150w\" sizes=\"auto, (max-width: 300px) 100vw, 300px\" \/><\/a><\/figure>\t\t<\/div>\n\t\t<div class=\"blog-content\">\n\t\t\t<h3 class=\"entry-title\"><a href=\"https:\/\/eeefc.eu\/fr\/2024\/09\/25\/eeefcom-edinburgh-septembre-2024\/\">Multiplicateur \u00e9cossais \u00e0 Edimbourg EEEFCom Good Practice Guidelines<\/a><\/h3>\n\t\t\t\t\t\t<div class=\"entry-meta\">\n\t\t\t\t<span class=\"entry-date\">\n\t\t\t\t\t<i class=\"fa fa-clock-o\"><\/i><a href=\"https:\/\/eeefc.eu\/fr\/2024\/09\/25\/eeefcom-edinburgh-septembre-2024\/\" rel=\"bookmark\">25 de septembre de 2024<\/a>\n\t\t\t\t<\/span>\n\t\t\t\t<span class=\"entry-author\">\n\t\t\t\t\t<i class=\"fa fa-user\"><\/i><a class=\"url fn n\" href=\"https:\/\/eeefc.eu\/fr\/author\/eeefc\/\">eeefc<\/a>\n\t\t\t\t<\/span>\n\t\t\t<\/div>\n\t\t\t\t\t\t<div class=\"entry-summary\">\n\t\t\t\t<p>&nbsp; Le 20 septembre, les membres du projet 2024 se sont r\u00e9unis avec un groupe plus large \u00e0 Edimbourg pour avancer sur la bonne [...]<\/p>\n\t\t\t<\/div>\n\t\t\t\t\t<\/div>\n\t<\/div>\n\t\t<\/div>\n\t\t\t<div class=\"row\">\n\t\t<div class=\"tg-blog-widget tg-column-2\">\n\t\t\t\t<div class=\"post-image\">\n\t\t\t<figure><a href=\"https:\/\/eeefc.eu\/fr\/2024\/09\/25\/pays-des-journaux\/\" title=\"EEEFCom \u00e0 Cracovie lors de la conf\u00e9rence europ\u00e9enne sur la sant\u00e9 mentale Septembre 2024\"><img loading=\"lazy\" decoding=\"async\" width=\"300\" height=\"300\" src=\"https:\/\/eeefc.eu\/wp-content\/uploads\/2024\/09\/PolandECMH2-300x300.jpg\" class=\"attachment-flash-square size-flash-square wp-post-image\" alt=\"\" srcset=\"https:\/\/eeefc.eu\/wp-content\/uploads\/2024\/09\/PolandECMH2-300x300.jpg 300w, https:\/\/eeefc.eu\/wp-content\/uploads\/2024\/09\/PolandECMH2-150x150.jpg 150w\" sizes=\"auto, (max-width: 300px) 100vw, 300px\" \/><\/a><\/figure>\t\t<\/div>\n\t\t<div class=\"blog-content\">\n\t\t\t<h3 class=\"entry-title\"><a href=\"https:\/\/eeefc.eu\/fr\/2024\/09\/25\/pays-des-journaux\/\">EEEFCom \u00e0 Cracovie lors de la conf\u00e9rence europ\u00e9enne sur la sant\u00e9 mentale Septembre 2024<\/a><\/h3>\n\t\t\t\t\t\t<div class=\"entry-meta\">\n\t\t\t\t<span class=\"entry-date\">\n\t\t\t\t\t<i class=\"fa fa-clock-o\"><\/i><a href=\"https:\/\/eeefc.eu\/fr\/2024\/09\/25\/pays-des-journaux\/\" rel=\"bookmark\">25 de septembre de 2024<\/a>\n\t\t\t\t<\/span>\n\t\t\t\t<span class=\"entry-author\">\n\t\t\t\t\t<i class=\"fa fa-user\"><\/i><a class=\"url fn n\" href=\"https:\/\/eeefc.eu\/fr\/author\/eeefc\/\">eeefc<\/a>\n\t\t\t\t<\/span>\n\t\t\t<\/div>\n\t\t\t\t\t\t<div class=\"entry-summary\">\n\t\t\t\t<p>&nbsp; Nous avons \u00e9t\u00e9 ravis d'\u00eatre pr\u00e9sents et d'organiser un atelier lors de la 12e Conf\u00e9rence europ\u00e9enne sur la sant\u00e9 mentale \u00e0 [...]<\/p>\n\t\t\t<\/div>\n\t\t\t\t\t<\/div>\n\t<\/div>\n\t\t<div class=\"tg-blog-widget tg-column-2\">\n\t\t\t\t<div class=\"post-image\">\n\t\t\t<figure><a href=\"https:\/\/eeefc.eu\/fr\/2024\/07\/01\/ressources-projet-eeefcom\/\" title=\"Ressources Projet EEEFCom\"><img loading=\"lazy\" decoding=\"async\" width=\"300\" height=\"300\" src=\"https:\/\/eeefc.eu\/wp-content\/uploads\/2024\/07\/GREtwaKXkAAtS1h-300x300.jpg\" class=\"attachment-flash-square size-flash-square wp-post-image\" alt=\"\" srcset=\"https:\/\/eeefc.eu\/wp-content\/uploads\/2024\/07\/GREtwaKXkAAtS1h-300x300.jpg 300w, https:\/\/eeefc.eu\/wp-content\/uploads\/2024\/07\/GREtwaKXkAAtS1h-150x150.jpg 150w\" sizes=\"auto, (max-width: 300px) 100vw, 300px\" \/><\/a><\/figure>\t\t<\/div>\n\t\t<div class=\"blog-content\">\n\t\t\t<h3 class=\"entry-title\"><a href=\"https:\/\/eeefc.eu\/fr\/2024\/07\/01\/ressources-projet-eeefcom\/\">Ressources Projet EEEFCom<\/a><\/h3>\n\t\t\t\t\t\t<div class=\"entry-meta\">\n\t\t\t\t<span class=\"entry-date\">\n\t\t\t\t\t<i class=\"fa fa-clock-o\"><\/i><a href=\"https:\/\/eeefc.eu\/fr\/2024\/07\/01\/ressources-projet-eeefcom\/\" rel=\"bookmark\">1 de juillet de 2024<\/a>\n\t\t\t\t<\/span>\n\t\t\t\t<span class=\"entry-author\">\n\t\t\t\t\t<i class=\"fa fa-user\"><\/i><a class=\"url fn n\" href=\"https:\/\/eeefc.eu\/fr\/author\/eeefc\/\">eeefc<\/a>\n\t\t\t\t<\/span>\n\t\t\t<\/div>\n\t\t\t\t\t\t<div class=\"entry-summary\">\n\t\t\t\t<p>Lisez et \u00e9coutez nos \u00e9v\u00e9nements multiplicateurs en ligne ici : https:\/\/eeefc.eu\/resources-documents\/ Trouvez-nous : X facebook &nbsp; &nbsp; &nbsp;<\/p>\n\t\t\t<\/div>\n\t\t\t\t\t<\/div>\n\t<\/div>\n\t\t<\/div>\n\t\t\t<div class=\"row\">\n\t\t<div class=\"tg-blog-widget tg-column-2\">\n\t\t\t\t<div class=\"post-image\">\n\t\t\t<figure><a href=\"https:\/\/eeefc.eu\/fr\/2024\/06\/11\/webinaire-eeefcom\/\" title=\"Webinaire EEEFCom II : Pr\u00e9sentation de la bo\u00eete \u00e0 outils pour l&#039;\u00e9ducation\"><img loading=\"lazy\" decoding=\"async\" width=\"300\" height=\"300\" src=\"https:\/\/eeefc.eu\/wp-content\/uploads\/2024\/06\/INVITE-MULTIPLIER-300x300.gif\" class=\"attachment-flash-square size-flash-square wp-post-image\" alt=\"\" srcset=\"https:\/\/eeefc.eu\/wp-content\/uploads\/2024\/06\/INVITE-MULTIPLIER-300x300.gif 300w, https:\/\/eeefc.eu\/wp-content\/uploads\/2024\/06\/INVITE-MULTIPLIER-150x150.gif 150w\" sizes=\"auto, (max-width: 300px) 100vw, 300px\" \/><\/a><\/figure>\t\t<\/div>\n\t\t<div class=\"blog-content\">\n\t\t\t<h3 class=\"entry-title\"><a href=\"https:\/\/eeefc.eu\/fr\/2024\/06\/11\/webinaire-eeefcom\/\">Webinaire EEEFCom II : Pr\u00e9sentation de la bo\u00eete \u00e0 outils pour l'\u00e9ducation<\/a><\/h3>\n\t\t\t\t\t\t<div class=\"entry-meta\">\n\t\t\t\t<span class=\"entry-date\">\n\t\t\t\t\t<i class=\"fa fa-clock-o\"><\/i><a href=\"https:\/\/eeefc.eu\/fr\/2024\/06\/11\/webinaire-eeefcom\/\" rel=\"bookmark\">11 de juin de 2024<\/a>\n\t\t\t\t<\/span>\n\t\t\t\t<span class=\"entry-author\">\n\t\t\t\t\t<i class=\"fa fa-user\"><\/i><a class=\"url fn n\" href=\"https:\/\/eeefc.eu\/fr\/author\/eeefc\/\">eeefc<\/a>\n\t\t\t\t<\/span>\n\t\t\t<\/div>\n\t\t\t\t\t\t<div class=\"entry-summary\">\n\t\t\t\t<p>&nbsp; Chers coll\u00e8gues et amis, Rejoignez-nous pour un nouvel \u00e9v\u00e9nement informatif en ligne le 27 JUIN de 12h \u00e0 13h30 [...]<\/p>\n\t\t\t<\/div>\n\t\t\t\t\t<\/div>\n\t<\/div>\n\t\t<div class=\"tg-blog-widget tg-column-2\">\n\t\t\t\t<div class=\"post-image\">\n\t\t\t<figure><a href=\"https:\/\/eeefc.eu\/fr\/2024\/05\/07\/depliant\/\" title=\"Webinaire EEEFCom\"><img loading=\"lazy\" decoding=\"async\" width=\"300\" height=\"300\" src=\"https:\/\/eeefc.eu\/wp-content\/uploads\/2024\/05\/LjubljanaPosterandpeople-300x300.jpg\" class=\"attachment-flash-square size-flash-square wp-post-image\" alt=\"poster de recherche\" srcset=\"https:\/\/eeefc.eu\/wp-content\/uploads\/2024\/05\/LjubljanaPosterandpeople-300x300.jpg 300w, https:\/\/eeefc.eu\/wp-content\/uploads\/2024\/05\/LjubljanaPosterandpeople-150x150.jpg 150w\" sizes=\"auto, (max-width: 300px) 100vw, 300px\" \/><\/a><\/figure>\t\t<\/div>\n\t\t<div class=\"blog-content\">\n\t\t\t<h3 class=\"entry-title\"><a href=\"https:\/\/eeefc.eu\/fr\/2024\/05\/07\/depliant\/\">Webinaire EEEFCom<\/a><\/h3>\n\t\t\t\t\t\t<div class=\"entry-meta\">\n\t\t\t\t<span class=\"entry-date\">\n\t\t\t\t\t<i class=\"fa fa-clock-o\"><\/i><a href=\"https:\/\/eeefc.eu\/fr\/2024\/05\/07\/depliant\/\" rel=\"bookmark\">7 de mai de 2024<\/a>\n\t\t\t\t<\/span>\n\t\t\t\t<span class=\"entry-author\">\n\t\t\t\t\t<i class=\"fa fa-user\"><\/i><a class=\"url fn n\" href=\"https:\/\/eeefc.eu\/fr\/author\/eeefc\/\">eeefc<\/a>\n\t\t\t\t<\/span>\n\t\t\t<\/div>\n\t\t\t\t\t\t<div class=\"entry-summary\">\n\t\t\t\t<p>\"Am\u00e9liorer la communaut\u00e9 gr\u00e2ce \u00e0 l'\u00e9ducation au r\u00e9tablissement - D\u00e9couvrez les premiers r\u00e9sultats du projet EEEFCom ! Pr\u00e9sentant les r\u00e9sultats de recherche du projet EEEFCom [...]<\/p>\n\t\t\t<\/div>\n\t\t\t\t\t<\/div>\n\t<\/div>\n\t\t<\/div>\n\t\t\t<div class=\"row\">\n\t\t<div class=\"tg-blog-widget tg-column-2\">\n\t\t\t\t<div class=\"post-image\">\n\t\t\t<figure><a href=\"https:\/\/eeefc.eu\/fr\/2022\/04\/08\/eeefcom\/\" title=\"EEEFCom\"><img loading=\"lazy\" decoding=\"async\" width=\"300\" height=\"300\" src=\"https:\/\/eeefc.eu\/wp-content\/uploads\/2022\/04\/eeefc-300x300.png\" class=\"attachment-flash-square size-flash-square wp-post-image\" alt=\"\" srcset=\"https:\/\/eeefc.eu\/wp-content\/uploads\/2022\/04\/eeefc-300x300.png 300w, https:\/\/eeefc.eu\/wp-content\/uploads\/2022\/04\/eeefc-150x150.png 150w\" sizes=\"auto, (max-width: 300px) 100vw, 300px\" \/><\/a><\/figure>\t\t<\/div>\n\t\t<div class=\"blog-content\">\n\t\t\t<h3 class=\"entry-title\"><a href=\"https:\/\/eeefc.eu\/fr\/2022\/04\/08\/eeefcom\/\">EEEFCom<\/a><\/h3>\n\t\t\t\t\t\t<div class=\"entry-meta\">\n\t\t\t\t<span class=\"entry-date\">\n\t\t\t\t\t<i class=\"fa fa-clock-o\"><\/i><a href=\"https:\/\/eeefc.eu\/fr\/2022\/04\/08\/eeefcom\/\" rel=\"bookmark\">8 de avril de 2022<\/a>\n\t\t\t\t<\/span>\n\t\t\t\t<span class=\"entry-author\">\n\t\t\t\t\t<i class=\"fa fa-user\"><\/i><a class=\"url fn n\" href=\"https:\/\/eeefc.eu\/fr\/author\/eeefc\/\">eeefc<\/a>\n\t\t\t\t<\/span>\n\t\t\t<\/div>\n\t\t\t\t\t\t<div class=\"entry-summary\">\n\t\t\t\t<p>Le projet @EEEFCom est financ\u00e9 par @EUErasmusPlus pour int\u00e9grer un cadre \u00e9ducatif \u00e9mancipatoire dans les communaut\u00e9s pour les personnes marginalis\u00e9es et exclues en raison [...]<\/p>\n\t\t\t<\/div>\n\t\t\t\t\t<\/div>\n\t<\/div>\n\t\t<div class=\"tg-blog-widget tg-column-2\">\n\t\t\t\t<div class=\"post-image\">\n\t\t\t<figure><a href=\"https:\/\/eeefc.eu\/fr\/2022\/04\/08\/reunion-de-projet-aujourdhui\/\" title=\"R\u00e9union de projet aujourd&#039;hui\"><img loading=\"lazy\" decoding=\"async\" width=\"300\" height=\"300\" src=\"https:\/\/eeefc.eu\/wp-content\/uploads\/2022\/04\/Project_Meeting_Today-300x300.jpg\" class=\"attachment-flash-square size-flash-square wp-post-image\" alt=\"\" srcset=\"https:\/\/eeefc.eu\/wp-content\/uploads\/2022\/04\/Project_Meeting_Today-300x300.jpg 300w, https:\/\/eeefc.eu\/wp-content\/uploads\/2022\/04\/Project_Meeting_Today-150x150.jpg 150w\" sizes=\"auto, (max-width: 300px) 100vw, 300px\" \/><\/a><\/figure>\t\t<\/div>\n\t\t<div class=\"blog-content\">\n\t\t\t<h3 class=\"entry-title\"><a href=\"https:\/\/eeefc.eu\/fr\/2022\/04\/08\/reunion-de-projet-aujourdhui\/\">R\u00e9union de projet aujourd'hui<\/a><\/h3>\n\t\t\t\t\t\t<div class=\"entry-meta\">\n\t\t\t\t<span class=\"entry-date\">\n\t\t\t\t\t<i class=\"fa fa-clock-o\"><\/i><a href=\"https:\/\/eeefc.eu\/fr\/2022\/04\/08\/reunion-de-projet-aujourdhui\/\" rel=\"bookmark\">8 de avril de 2022<\/a>\n\t\t\t\t<\/span>\n\t\t\t\t<span class=\"entry-author\">\n\t\t\t\t\t<i class=\"fa fa-user\"><\/i><a class=\"url fn n\" href=\"https:\/\/eeefc.eu\/fr\/author\/eeefc\/\">eeefc<\/a>\n\t\t\t\t<\/span>\n\t\t\t<\/div>\n\t\t\t\t\t\t<div class=\"entry-summary\">\n\t\t\t\t<p>R\u00e9union de projet aujourd'hui - quel beau groupe de personnes. Beaucoup de planification en ce moment @EUErasmusPlus. pic.twitter.com\/VvAEldGMLN - [...]<\/p>\n\t\t\t<\/div>\n\t\t\t\t\t<\/div>\n\t<\/div>\n\t\t<\/div>\n\t\t\t<div class=\"row\">\n\t\t<div class=\"tg-blog-widget tg-column-2\">\n\t\t\t\t<div class=\"post-image\">\n\t\t\t<figure><a href=\"https:\/\/eeefc.eu\/fr\/2022\/04\/08\/aujourdhui-jeudi-7-avril-2022-cest-la-journee-mondiale-de-la-sante-de-loms\/\" title=\"Aujourd&#039;hui, jeudi 7 avril 2022, c&#039;est la Journ\u00e9e mondiale de la sant\u00e9 de l&#039;OMS.\"><img loading=\"lazy\" decoding=\"async\" width=\"300\" height=\"300\" src=\"https:\/\/eeefc.eu\/wp-content\/uploads\/2022\/04\/2022_World_health_-Day-300x300.jpg\" class=\"attachment-flash-square size-flash-square wp-post-image\" alt=\"\" srcset=\"https:\/\/eeefc.eu\/wp-content\/uploads\/2022\/04\/2022_World_health_-Day-300x300.jpg 300w, https:\/\/eeefc.eu\/wp-content\/uploads\/2022\/04\/2022_World_health_-Day-150x150.jpg 150w\" sizes=\"auto, (max-width: 300px) 100vw, 300px\" \/><\/a><\/figure>\t\t<\/div>\n\t\t<div class=\"blog-content\">\n\t\t\t<h3 class=\"entry-title\"><a href=\"https:\/\/eeefc.eu\/fr\/2022\/04\/08\/aujourdhui-jeudi-7-avril-2022-cest-la-journee-mondiale-de-la-sante-de-loms\/\">Aujourd'hui, jeudi 7 avril 2022, c'est la Journ\u00e9e mondiale de la sant\u00e9 de l'OMS.<\/a><\/h3>\n\t\t\t\t\t\t<div class=\"entry-meta\">\n\t\t\t\t<span class=\"entry-date\">\n\t\t\t\t\t<i class=\"fa fa-clock-o\"><\/i><a href=\"https:\/\/eeefc.eu\/fr\/2022\/04\/08\/aujourdhui-jeudi-7-avril-2022-cest-la-journee-mondiale-de-la-sante-de-loms\/\" rel=\"bookmark\">8 de avril de 2022<\/a>\n\t\t\t\t<\/span>\n\t\t\t\t<span class=\"entry-author\">\n\t\t\t\t\t<i class=\"fa fa-user\"><\/i><a class=\"url fn n\" href=\"https:\/\/eeefc.eu\/fr\/author\/eeefc\/\">eeefc<\/a>\n\t\t\t\t<\/span>\n\t\t\t<\/div>\n\t\t\t\t\t\t<div class=\"entry-summary\">\n\t\t\t\t<p>Aujourd'hui, jeudi 7 avril 2022, c'est la Journ\u00e9e mondiale de la sant\u00e9 de l'OMS. Cette ann\u00e9e, l'OMS se concentre sur la promotion d'un mouvement [...]<\/p>\n\t\t\t<\/div>\n\t\t\t\t\t<\/div>\n\t<\/div>\n\t\t<div class=\"tg-blog-widget tg-column-2\">\n\t\t\t\t<div class=\"post-image\">\n\t\t\t<figure><a href=\"https:\/\/eeefc.eu\/fr\/2022\/03\/28\/recherche\/\" title=\"Recherche\"><img loading=\"lazy\" decoding=\"async\" width=\"300\" height=\"300\" src=\"https:\/\/eeefc.eu\/wp-content\/uploads\/2022\/03\/Destacada_Research-300x300.png\" class=\"attachment-flash-square size-flash-square wp-post-image\" alt=\"\" srcset=\"https:\/\/eeefc.eu\/wp-content\/uploads\/2022\/03\/Destacada_Research.png 300w, https:\/\/eeefc.eu\/wp-content\/uploads\/2022\/03\/Destacada_Research-150x150.png 150w, https:\/\/eeefc.eu\/wp-content\/uploads\/2022\/03\/Destacada_Research-100x100.png 100w\" sizes=\"auto, (max-width: 300px) 100vw, 300px\" \/><\/a><\/figure>\t\t<\/div>\n\t\t<div class=\"blog-content\">\n\t\t\t<h3 class=\"entry-title\"><a href=\"https:\/\/eeefc.eu\/fr\/2022\/03\/28\/recherche\/\">Recherche<\/a><\/h3>\n\t\t\t\t\t\t<div class=\"entry-meta\">\n\t\t\t\t<span class=\"entry-date\">\n\t\t\t\t\t<i class=\"fa fa-clock-o\"><\/i><a href=\"https:\/\/eeefc.eu\/fr\/2022\/03\/28\/recherche\/\" rel=\"bookmark\">28 de mars de 2022<\/a>\n\t\t\t\t<\/span>\n\t\t\t\t<span class=\"entry-author\">\n\t\t\t\t\t<i class=\"fa fa-user\"><\/i><a class=\"url fn n\" href=\"https:\/\/eeefc.eu\/fr\/author\/eeefc\/\">eeefc<\/a>\n\t\t\t\t<\/span>\n\t\t\t<\/div>\n\t\t\t\t\t\t<div class=\"entry-summary\">\n\t\t\t\t<p>Objectifs de la recherche dans le cadre du projet<\/p>\n\t\t\t<\/div>\n\t\t\t\t\t<\/div>\n\t<\/div>\n\t\t<\/div>\n\t\t\t<div class=\"row\">\n\t\t<div class=\"tg-blog-widget tg-column-2\">\n\t\t\t\t<div class=\"post-image\">\n\t\t\t<figure><a href=\"https:\/\/eeefc.eu\/fr\/2022\/03\/28\/partenariat\/\" title=\"Partenariat\"><img loading=\"lazy\" decoding=\"async\" width=\"300\" height=\"300\" src=\"https:\/\/eeefc.eu\/wp-content\/uploads\/2022\/03\/Destacada_Partnership1-300x300.png\" class=\"attachment-flash-square size-flash-square wp-post-image\" alt=\"\" srcset=\"https:\/\/eeefc.eu\/wp-content\/uploads\/2022\/03\/Destacada_Partnership1.png 300w, https:\/\/eeefc.eu\/wp-content\/uploads\/2022\/03\/Destacada_Partnership1-150x150.png 150w, https:\/\/eeefc.eu\/wp-content\/uploads\/2022\/03\/Destacada_Partnership1-100x100.png 100w\" sizes=\"auto, (max-width: 300px) 100vw, 300px\" \/><\/a><\/figure>\t\t<\/div>\n\t\t<div class=\"blog-content\">\n\t\t\t<h3 class=\"entry-title\"><a href=\"https:\/\/eeefc.eu\/fr\/2022\/03\/28\/partenariat\/\">Partenariat<\/a><\/h3>\n\t\t\t\t\t\t<div class=\"entry-meta\">\n\t\t\t\t<span class=\"entry-date\">\n\t\t\t\t\t<i class=\"fa fa-clock-o\"><\/i><a href=\"https:\/\/eeefc.eu\/fr\/2022\/03\/28\/partenariat\/\" rel=\"bookmark\">28 de mars de 2022<\/a>\n\t\t\t\t<\/span>\n\t\t\t\t<span class=\"entry-author\">\n\t\t\t\t\t<i class=\"fa fa-user\"><\/i><a class=\"url fn n\" href=\"https:\/\/eeefc.eu\/fr\/author\/eeefc\/\">eeefc<\/a>\n\t\t\t\t<\/span>\n\t\t\t<\/div>\n\t\t\t\t\t\t<div class=\"entry-summary\">\n\t\t\t\t<p>Travailler sur les termes du partenariat<\/p>\n\t\t\t<\/div>\n\t\t\t\t\t<\/div>\n\t<\/div>\n\t\t<div class=\"tg-blog-widget tg-column-2\">\n\t\t\t\t<div class=\"post-image\">\n\t\t\t<figure><a href=\"https:\/\/eeefc.eu\/fr\/2022\/03\/28\/coup-denvoi\/\" title=\"Coup d&#039;envoi\"><img loading=\"lazy\" decoding=\"async\" width=\"300\" height=\"300\" src=\"https:\/\/eeefc.eu\/wp-content\/uploads\/2022\/03\/LiamLeader1-300x300.png\" class=\"attachment-flash-square size-flash-square wp-post-image\" alt=\"\" srcset=\"https:\/\/eeefc.eu\/wp-content\/uploads\/2022\/03\/LiamLeader1-300x300.png 300w, https:\/\/eeefc.eu\/wp-content\/uploads\/2022\/03\/LiamLeader1-150x150.png 150w, https:\/\/eeefc.eu\/wp-content\/uploads\/2022\/03\/LiamLeader1-100x100.png 100w\" sizes=\"auto, (max-width: 300px) 100vw, 300px\" \/><\/a><\/figure>\t\t<\/div>\n\t\t<div class=\"blog-content\">\n\t\t\t<h3 class=\"entry-title\"><a href=\"https:\/\/eeefc.eu\/fr\/2022\/03\/28\/coup-denvoi\/\">Coup d'envoi<\/a><\/h3>\n\t\t\t\t\t\t<div class=\"entry-meta\">\n\t\t\t\t<span class=\"entry-date\">\n\t\t\t\t\t<i class=\"fa fa-clock-o\"><\/i><a href=\"https:\/\/eeefc.eu\/fr\/2022\/03\/28\/coup-denvoi\/\" rel=\"bookmark\">28 de mars de 2022<\/a>\n\t\t\t\t<\/span>\n\t\t\t\t<span class=\"entry-author\">\n\t\t\t\t\t<i class=\"fa fa-user\"><\/i><a class=\"url fn n\" href=\"https:\/\/eeefc.eu\/fr\/author\/eeefc\/\">eeefc<\/a>\n\t\t\t\t<\/span>\n\t\t\t<\/div>\n\t\t\t\t\t\t<div class=\"entry-summary\">\n\t\t\t\t<p>Le 8 mars 2022, le coup d'envoi du projet EEEFCom a eu lieu \u00e0 la Dublin City University.<\/p>\n\t\t\t<\/div>\n\t\t\t\t\t<\/div>\n\t<\/div>\n\t\t<\/div>\n\t<\/div><!-- .blog-wrapper -->\n<\/div><\/div><\/div><\/div><\/div><\/div>\n\n\n\n<p><\/p>","protected":false},"excerpt":{"rendered":"","protected":false},"author":1,"featured_media":0,"parent":0,"menu_order":0,"comment_status":"closed","ping_status":"closed","template":"page-templates\/pagebuilder.php","meta":{"om_disable_all_campaigns":false,"_monsterinsights_skip_tracking":false,"_monsterinsights_sitenote_active":false,"_monsterinsights_sitenote_note":"","_monsterinsights_sitenote_category":0,"footnotes":""},"class_list":["post-910","page","type-page","status-publish","hentry"],"aioseo_notices":[],"_links":{"self":[{"href":"https:\/\/eeefc.eu\/fr\/wp-json\/wp\/v2\/pages\/910","targetHints":{"allow":["GET"]}}],"collection":[{"href":"https:\/\/eeefc.eu\/fr\/wp-json\/wp\/v2\/pages"}],"about":[{"href":"https:\/\/eeefc.eu\/fr\/wp-json\/wp\/v2\/types\/page"}],"author":[{"embeddable":true,"href":"https:\/\/eeefc.eu\/fr\/wp-json\/wp\/v2\/users\/1"}],"replies":[{"embeddable":true,"href":"https:\/\/eeefc.eu\/fr\/wp-json\/wp\/v2\/comments?post=910"}],"version-history":[{"count":8,"href":"https:\/\/eeefc.eu\/fr\/wp-json\/wp\/v2\/pages\/910\/revisions"}],"predecessor-version":[{"id":2289,"href":"https:\/\/eeefc.eu\/fr\/wp-json\/wp\/v2\/pages\/910\/revisions\/2289"}],"wp:attachment":[{"href":"https:\/\/eeefc.eu\/fr\/wp-json\/wp\/v2\/media?parent=910"}],"curies":[{"name":"wp","href":"https:\/\/api.w.org\/{rel}","templated":true}]}}