{"id":798,"date":"2022-02-09T16:27:00","date_gmt":"2022-02-09T16:27:00","guid":{"rendered":"https:\/\/eeefc.eu\/?page_id=798"},"modified":"2024-12-20T20:20:29","modified_gmt":"2024-12-20T18:20:29","slug":"evenements","status":"publish","type":"page","link":"https:\/\/eeefc.eu\/fr\/evenements\/","title":{"rendered":"Ev\u00e9nements"},"content":{"rendered":"<div>\n<h5><img loading=\"lazy\" decoding=\"async\" class=\"wp-image-1898 size-medium alignleft\" src=\"https:\/\/eeefc.eu\/wp-content\/uploads\/2022\/03\/KickOff_04-300x188.png\" alt=\"\" width=\"300\" height=\"188\" srcset=\"https:\/\/eeefc.eu\/wp-content\/uploads\/2022\/03\/KickOff_04-300x188.png 300w, https:\/\/eeefc.eu\/wp-content\/uploads\/2022\/03\/KickOff_04-768x480.png 768w, https:\/\/eeefc.eu\/wp-content\/uploads\/2022\/03\/KickOff_04-600x375.png 600w, https:\/\/eeefc.eu\/wp-content\/uploads\/2022\/03\/KickOff_04.png 800w\" sizes=\"auto, (max-width: 300px) 100vw, 300px\" \/><a href=\"https:\/\/eeefc.eu\/fr\/2022\/03\/28\/coup-denvoi\/\">Coup d'envoi : 8 mars 2020<\/a><\/h5>\n<h5><\/h5>\n<h5><a href=\"https:\/\/eeefc.eu\/wp-content\/uploads\/2022\/03\/Agenda-March-8th-2022-Kick-Off-Meeting.pdf\">Ordre du jour du 8 mars. R\u00e9union de lancement 2022<\/a><\/h5>\n<\/div>\n<p>&nbsp;<\/p>\n<p>&nbsp;<\/p>\n<p>&nbsp;<\/p>\n<p>&nbsp;<\/p>\n<div>\n<h5><img loading=\"lazy\" decoding=\"async\" class=\"wp-image-2239 size-full alignleft\" src=\"https:\/\/eeefc.eu\/wp-content\/uploads\/2024\/06\/eeefcom-meeting-2.jpg\" alt=\"\" width=\"300\" height=\"188\" \/><a href=\"https:\/\/eeefc.eu\/fr\/2024\/05\/07\/depliant\/\">Webinaire EEEFCom : mai 2024 <\/a><\/h5>\n<\/div>\n<h5><\/h5>\n<p>&nbsp;<\/p>\n<div>\n<p>&nbsp;<\/p>\n<\/div>\n<p>&nbsp;<\/p>\n<p>&nbsp;<\/p>\n<p>&nbsp;<\/p>\n<div>\n<p><img loading=\"lazy\" decoding=\"async\" class=\"size-medium wp-image-2272 alignleft\" src=\"https:\/\/eeefc.eu\/wp-content\/uploads\/2024\/06\/INVITE-MULTIPLIER-300x169.gif\" alt=\"\" width=\"300\" height=\"169\" srcset=\"https:\/\/eeefc.eu\/wp-content\/uploads\/2024\/06\/INVITE-MULTIPLIER-300x169.gif 300w, https:\/\/eeefc.eu\/wp-content\/uploads\/2024\/06\/INVITE-MULTIPLIER-768x432.gif 768w\" sizes=\"auto, (max-width: 300px) 100vw, 300px\" \/><\/p>\n<\/div>\n<h5><a href=\"https:\/\/eeefc.eu\/fr\/2024\/06\/11\/webinaire-eeefcom\/\">Webinaire EEEFCom II : Juin 2024<\/a><\/h5>\n<p>&nbsp;<\/p>\n<p>&nbsp;<\/p>\n<p>&nbsp;<\/p>\n<p>&nbsp;<\/p>\n<p>&nbsp;<\/p>\n<p>&nbsp;<\/p>\n<p><img loading=\"lazy\" decoding=\"async\" class=\"alignleft wp-image-2324 size-medium\" src=\"https:\/\/eeefc.eu\/wp-content\/uploads\/2024\/09\/Edinburgh-300x240.jpg\" alt=\"\" width=\"300\" height=\"240\" srcset=\"https:\/\/eeefc.eu\/wp-content\/uploads\/2024\/09\/Edinburgh-300x240.jpg 300w, https:\/\/eeefc.eu\/wp-content\/uploads\/2024\/09\/Edinburgh-1024x819.jpg 1024w, https:\/\/eeefc.eu\/wp-content\/uploads\/2024\/09\/Edinburgh-768x614.jpg 768w, https:\/\/eeefc.eu\/wp-content\/uploads\/2024\/09\/Edinburgh.jpg 1536w\" sizes=\"auto, (max-width: 300px) 100vw, 300px\" \/><\/p>\n<h5><a title=\"Multiplicateur \u00e9cossais \u00e0 Edimbourg EEEFCom Good Practice Guidelines\" href=\"https:\/\/eeefc.eu\/fr\/2024\/09\/25\/eeefcom-edinburgh-septembre-2024\/\" target=\"_blank\" rel=\"noopener\">Multiplicateur \u00e9cossais \u00e0 Edimbourg EEEFCom Good Practice Guidelines <\/a><span style=\"color: #ff6600;\">- septembre 2024<\/span><\/h5>\n<p>&nbsp;<\/p>\n<p>&nbsp;<\/p>\n<p>&nbsp;<\/p>\n<p>&nbsp;<\/p>\n<p>&nbsp;<\/p>\n<p>&nbsp;<\/p>\n<p>&nbsp;<\/p>\n<h5><img loading=\"lazy\" decoding=\"async\" class=\"size-medium wp-image-2332 alignleft\" src=\"https:\/\/eeefc.eu\/wp-content\/uploads\/2024\/09\/Screenshot-2024-09-28-at-15-34-28-Invitation-ME_Dublin_-18-10-2024.docx-Invitation-Dublin-18-10-2024-300x131.jpg\" alt=\"\" width=\"300\" height=\"131\" srcset=\"https:\/\/eeefc.eu\/wp-content\/uploads\/2024\/09\/Screenshot-2024-09-28-at-15-34-28-Invitation-ME_Dublin_-18-10-2024.docx-Invitation-Dublin-18-10-2024-300x131.jpg 300w, https:\/\/eeefc.eu\/wp-content\/uploads\/2024\/09\/Screenshot-2024-09-28-at-15-34-28-Invitation-ME_Dublin_-18-10-2024.docx-Invitation-Dublin-18-10-2024-1024x447.jpg 1024w, https:\/\/eeefc.eu\/wp-content\/uploads\/2024\/09\/Screenshot-2024-09-28-at-15-34-28-Invitation-ME_Dublin_-18-10-2024.docx-Invitation-Dublin-18-10-2024-768x335.jpg 768w, https:\/\/eeefc.eu\/wp-content\/uploads\/2024\/09\/Screenshot-2024-09-28-at-15-34-28-Invitation-ME_Dublin_-18-10-2024.docx-Invitation-Dublin-18-10-2024-1536x670.jpg 1536w, https:\/\/eeefc.eu\/wp-content\/uploads\/2024\/09\/Screenshot-2024-09-28-at-15-34-28-Invitation-ME_Dublin_-18-10-2024.docx-Invitation-Dublin-18-10-2024.jpg 1920w\" sizes=\"auto, (max-width: 300px) 100vw, 300px\" \/><\/h5>\n<h5><a href=\"https:\/\/eeefc.eu\/fr\/2024\/09\/28\/symposium-eeefcom-le-pouvoir-de-leducation-emancipatoire-dans-le-redressement-personnel-et-social-18-octobre-2024\/\"><strong>Symposium EEEFCom : Le pouvoir de l'\u00e9ducation \u00e9mancipatrice dans le r\u00e9tablissement personnel et social - 18 octobre 2024<\/strong><\/a><\/h5>","protected":false},"excerpt":{"rendered":"<p>Kick Off : 8 mars 2020 Agenda 8 mars. 2022 R\u00e9union de lancement Webinaire EEEFCom : Mai 2024 [...]<\/p>","protected":false},"author":1,"featured_media":0,"parent":0,"menu_order":0,"comment_status":"closed","ping_status":"closed","template":"","meta":{"om_disable_all_campaigns":false,"_monsterinsights_skip_tracking":false,"_monsterinsights_sitenote_active":false,"_monsterinsights_sitenote_note":"","_monsterinsights_sitenote_category":0,"footnotes":""},"class_list":["post-798","page","type-page","status-publish","hentry"],"aioseo_notices":[],"_links":{"self":[{"href":"https:\/\/eeefc.eu\/fr\/wp-json\/wp\/v2\/pages\/798","targetHints":{"allow":["GET"]}}],"collection":[{"href":"https:\/\/eeefc.eu\/fr\/wp-json\/wp\/v2\/pages"}],"about":[{"href":"https:\/\/eeefc.eu\/fr\/wp-json\/wp\/v2\/types\/page"}],"author":[{"embeddable":true,"href":"https:\/\/eeefc.eu\/fr\/wp-json\/wp\/v2\/users\/1"}],"replies":[{"embeddable":true,"href":"https:\/\/eeefc.eu\/fr\/wp-json\/wp\/v2\/comments?post=798"}],"version-history":[{"count":37,"href":"https:\/\/eeefc.eu\/fr\/wp-json\/wp\/v2\/pages\/798\/revisions"}],"predecessor-version":[{"id":2474,"href":"https:\/\/eeefc.eu\/fr\/wp-json\/wp\/v2\/pages\/798\/revisions\/2474"}],"wp:attachment":[{"href":"https:\/\/eeefc.eu\/fr\/wp-json\/wp\/v2\/media?parent=798"}],"curies":[{"name":"wp","href":"https:\/\/api.w.org\/{rel}","templated":true}]}}