{"id":765,"date":"2022-02-09T13:46:06","date_gmt":"2022-02-09T13:46:06","guid":{"rendered":"https:\/\/eeefc.eu\/?page_id=765"},"modified":"2024-12-20T20:13:34","modified_gmt":"2024-12-20T18:13:34","slug":"les-objectifs","status":"publish","type":"page","link":"https:\/\/eeefc.eu\/fr\/les-objectifs\/","title":{"rendered":"Objectifs"},"content":{"rendered":"<p>Objectif et m\u00e9thodologie<\/p>\r\n<p>Il s'agit d'un partenariat de coop\u00e9ration de projet Erasmus+ dans le domaine de l'\u00e9ducation des adultes. Ce projet vise \u00e0 int\u00e9grer un cadre \u00e9ducatif \u00e9mancipatoire dans les communaut\u00e9s pour les personnes marginalis\u00e9es et exclues en raison de probl\u00e8mes de sant\u00e9 mentale et de toxicomanie.<\/p>\r\n<p>Objectifs g\u00e9n\u00e9raux :<\/p>\r\n<ol>\r\n<li>Mise en place d'un processus global de recherche-action participative (RAP) qui int\u00e8gre les \u00e9tudiants, les partenaires associ\u00e9s, les partenaires et toutes les autres parties prenantes concern\u00e9es dans le processus \u00e9ducatif et les r\u00e9sultats du projet.<\/li>\r\n<li>\u00c9tablir un cadre d'\u00e9valuation de la preuve du concept en adoptant des m\u00e9thodes de recherche d'action participative.<\/li>\r\n<li>Mise en \u0153uvre de processus \u00e9ducatifs.<\/li>\r\n<li>D\u00e9veloppement de lignes directrices de bonnes pratiques bas\u00e9es sur le processus du projet et la preuve de concept.<br \/><br \/><\/li>\r\n<\/ol>\r\n<p>Les personnes confront\u00e9es \u00e0 des probl\u00e8mes de sant\u00e9 mentale et de toxicomanie se retrouvent souvent dans des positions d'exclusion au sein de leur communaut\u00e9 et de la soci\u00e9t\u00e9 en g\u00e9n\u00e9ral, o\u00f9 la diversit\u00e9 des exp\u00e9riences et des modes de vie n'est pas prise en compte. Par la suite, la stigmatisation et la discrimination de la communaut\u00e9, de la soci\u00e9t\u00e9 et de soi-m\u00eame entra\u00eenent une marginalisation qui cr\u00e9e des difficult\u00e9s pour les membres de ces communaut\u00e9s.<\/p>\r\n<p>- pour prosp\u00e9rer ;<\/p>\r\n<p>- pour se connecter \u00e0 la communaut\u00e9 ;<\/p>\r\n<p>- pour surmonter l'alt\u00e9rit\u00e9 ;<\/p>\r\n<p>- de parvenir \u00e0 l'\u00e9galit\u00e9 des droits et des chances en mati\u00e8re de citoyennet\u00e9.<\/p>\r\n<p>En outre, la sant\u00e9 contemporaine.<\/p>","protected":false},"excerpt":{"rendered":"<p>Objectif et m\u00e9thodologie Il s'agit d'un projet de coop\u00e9ration Erasmus+ dans le domaine de l'\u00e9ducation des adultes. Ce projet vise \u00e0 int\u00e9grer une \u00e9ducation \u00e9mancipatrice [...]<\/p>","protected":false},"author":1,"featured_media":0,"parent":0,"menu_order":0,"comment_status":"closed","ping_status":"closed","template":"","meta":{"om_disable_all_campaigns":false,"_monsterinsights_skip_tracking":false,"_monsterinsights_sitenote_active":false,"_monsterinsights_sitenote_note":"","_monsterinsights_sitenote_category":0,"footnotes":""},"class_list":["post-765","page","type-page","status-publish","hentry"],"aioseo_notices":[],"_links":{"self":[{"href":"https:\/\/eeefc.eu\/fr\/wp-json\/wp\/v2\/pages\/765","targetHints":{"allow":["GET"]}}],"collection":[{"href":"https:\/\/eeefc.eu\/fr\/wp-json\/wp\/v2\/pages"}],"about":[{"href":"https:\/\/eeefc.eu\/fr\/wp-json\/wp\/v2\/types\/page"}],"author":[{"embeddable":true,"href":"https:\/\/eeefc.eu\/fr\/wp-json\/wp\/v2\/users\/1"}],"replies":[{"embeddable":true,"href":"https:\/\/eeefc.eu\/fr\/wp-json\/wp\/v2\/comments?post=765"}],"version-history":[{"count":11,"href":"https:\/\/eeefc.eu\/fr\/wp-json\/wp\/v2\/pages\/765\/revisions"}],"predecessor-version":[{"id":2470,"href":"https:\/\/eeefc.eu\/fr\/wp-json\/wp\/v2\/pages\/765\/revisions\/2470"}],"wp:attachment":[{"href":"https:\/\/eeefc.eu\/fr\/wp-json\/wp\/v2\/media?parent=765"}],"curies":[{"name":"wp","href":"https:\/\/api.w.org\/{rel}","templated":true}]}}