{"id":1819,"date":"2022-03-27T17:49:18","date_gmt":"2022-03-27T17:49:18","guid":{"rendered":"https:\/\/eeefc.eu\/?page_id=1819"},"modified":"2024-12-19T16:33:45","modified_gmt":"2024-12-19T14:33:45","slug":"lequipe","status":"publish","type":"page","link":"https:\/\/eeefc.eu\/fr\/lequipe\/","title":{"rendered":"L'\u00e9quipe"},"content":{"rendered":"<p><img loading=\"lazy\" decoding=\"async\" class=\"alignnone wp-image-1827 size-full\" src=\"https:\/\/eeefc.eu\/wp-content\/uploads\/2022\/03\/Martha-Griffin-DCU.png\" alt=\"\" width=\"225\" height=\"300\" \/><\/p>\n<p>Martha Griffin - DCU<\/p>\n<hr \/>\n<p><img loading=\"lazy\" decoding=\"async\" class=\"alignnone size-full wp-image-1715\" src=\"https:\/\/eeefc.eu\/wp-content\/uploads\/2022\/03\/Team_Liam.png\" alt=\"\" width=\"230\" height=\"300\" \/><\/p>\n<p>L\u00edam Mac Gabhann est professeur associ\u00e9 en pratique de la sant\u00e9 mentale \u00e0 l'\u00e9cole des soins infirmiers, de la psychoth\u00e9rapie et de la sant\u00e9 communautaire de l'universit\u00e9 de Dublin City. Il est conf\u00e9rencier, praticien de la sant\u00e9 mentale et militant associatif. Avec un large groupe de coll\u00e8gues, son principal programme de recherche se concentre sur `<em>Transformer les dialogues dans les communaut\u00e9s de sant\u00e9 mentale<\/em>`. Une grande partie de ce travail consiste \u00e0 r\u00e9concilier ses propres exp\u00e9riences, perceptions et pratiques avec d'autres personnes\/groupes associ\u00e9s \u00e0 la sant\u00e9 mentale et \u00e0 utiliser diff\u00e9rentes approches pour les am\u00e9liorer au niveau de l'individu, du groupe, de l'organisation et de la communaut\u00e9. Parmi les exemples de domaines pertinents, citons les exp\u00e9riences et croyances extraordinaires, les personnes priv\u00e9es de leurs droits par la soci\u00e9t\u00e9 et la communaut\u00e9, ainsi que les traumatismes et les r\u00e9actions aux \u00e9v\u00e9nements traumatisants.  Les approches comprennent l'apprentissage coop\u00e9ratif, l'action participative, le dialogue ouvert et le travail syst\u00e9mique des constellations familiales. Avec Paddy McGowan, une \u00e9quipe \u00e9largie et des groupes communautaires locaux, le Mental Health Trialogue Network Ireland (<a href=\"http:\/\/www.trialogue.co\/\">www.trialogue.co<\/a>) a \u00e9t\u00e9 cr\u00e9\u00e9 en 2010. Il s'agit de groupes communautaires locaux compos\u00e9s d'usagers des services de sant\u00e9 mentale, de soignants, de prestataires de services et de membres int\u00e9ress\u00e9s de la communaut\u00e9 qui organisent des r\u00e9unions mensuelles de dialogue ouvert (Trialogue) afin d'am\u00e9liorer la compr\u00e9hension et les r\u00e9actions des gens \u00e0 l'\u00e9gard des personnes souffrant de probl\u00e8mes de sant\u00e9 mentale au sein de leur communaut\u00e9.<\/p>\n<hr \/>\n<div><img loading=\"lazy\" decoding=\"async\" class=\"alignnone size-medium wp-image-2401\" src=\"https:\/\/eeefc.eu\/wp-content\/uploads\/2024\/12\/Triona-300x300.jpg\" alt=\"\" width=\"300\" height=\"300\" srcset=\"https:\/\/eeefc.eu\/wp-content\/uploads\/2024\/12\/Triona-300x300.jpg 300w, https:\/\/eeefc.eu\/wp-content\/uploads\/2024\/12\/Triona-150x150.jpg 150w, https:\/\/eeefc.eu\/wp-content\/uploads\/2024\/12\/Triona-12x12.jpg 12w, https:\/\/eeefc.eu\/wp-content\/uploads\/2024\/12\/Triona.jpg 338w\" sizes=\"auto, (max-width: 300px) 100vw, 300px\" \/><\/div>\n<div>\u00a0<\/div>\n<div class=\"elementToProof\">Triona Byrne<\/div>\n<div class=\"elementToProof\">\u00a0<\/div>\n<div class=\"elementToProof\">Agent de d\u00e9veloppement communautaire pour la r\u00e9cup\u00e9ration\u00a0<\/div>\n<div class=\"elementToProof\">\u00a0<\/div>\n<div class=\"elementToProof\">Recovery Academy of Ireland (Acad\u00e9mie de la r\u00e9cup\u00e9ration en Irlande)<\/div>\n<div class=\"elementToProof\">\u00a0<\/div>\n<p class=\"elementToProof\">Triona est form\u00e9e au travail communautaire et \u00e0 la jeunesse, et a obtenu son dipl\u00f4me \u00e0 l'universit\u00e9 de Maynooth en 2022. S'inscrivant dans une perspective de d\u00e9veloppement communautaire, Tr\u00edona est convaincue que le processus est tout aussi important, si ce n'est plus, que l'objectif final pour parvenir \u00e0 transformer les individus et les communaut\u00e9s. Elle s'est engag\u00e9e \u00e0 utiliser cette approche pour renforcer la solidarit\u00e9 au sein des communaut\u00e9s afin d'agir collectivement pour le changement. Triona travaillera avec la Recovery Academy en tant que responsable du d\u00e9veloppement de la communaut\u00e9 du r\u00e9tablissement. Dans ce r\u00f4le, Triona utilise ses comp\u00e9tences et ses connaissances en mati\u00e8re de d\u00e9veloppement communautaire pour construire une communaut\u00e9 qui soutient et c\u00e9l\u00e8bre le r\u00e9tablissement \u00e0 travers la promotion d'initiatives de r\u00e9tablissement. En s'appuyant sur les principes de d\u00e9veloppement communautaire que sont la collectivit\u00e9, la participation et l'autonomisation de la communaut\u00e9, Triona s'efforce de rassembler la communaut\u00e9 afin que les individus et les membres de leur famille puissent b\u00e9n\u00e9ficier d'un soutien \u00e0 l'\u00e9chelle de la communaut\u00e9 lorsqu'ils entament un parcours de r\u00e9tablissement. En fin de compte, l'objectif est de construire un capital de r\u00e9tablissement personnel et communautaire. Triona est passionn\u00e9e par la lutte contre la stigmatisation des personnes qui sont ou ont \u00e9t\u00e9 confront\u00e9es \u00e0 des probl\u00e8mes de toxicomanie et de sant\u00e9 mentale, et elle croit que cela peut se faire en rendant le r\u00e9tablissement visible.<\/p>\n<hr \/>\n<p><img loading=\"lazy\" decoding=\"async\" class=\"alignnone size-full wp-image-2255\" src=\"https:\/\/eeefc.eu\/wp-content\/uploads\/2024\/06\/claire-230x300-1.jpg\" alt=\"\" width=\"230\" height=\"300\" \/><\/p>\n<p class=\"elementToProof\">Claire Naughton a r\u00e9cemment \u00e9t\u00e9 nomm\u00e9e coordinatrice nationale de la RAI.<\/p>\n<div class=\"elementToProof\">\n<p class=\"ContentPasted3 elementToProof\">Claire a travaill\u00e9 dans des services communautaires et b\u00e9n\u00e9voles de lutte contre la toxicomanie, avec une attention particuli\u00e8re pour les femmes et les enfants.<\/p>\n<p class=\"ContentPasted3 elementToProof\">Claire est une fervente partisane de la promotion du r\u00e9tablissement et de la lutte contre la stigmatisation.<\/p>\n<\/div>\n<hr \/>\n<p><img loading=\"lazy\" decoding=\"async\" class=\"alignnone size-medium wp-image-2405\" src=\"https:\/\/eeefc.eu\/wp-content\/uploads\/2024\/12\/Bernard-253x300.jpg\" alt=\"\" width=\"253\" height=\"300\" srcset=\"https:\/\/eeefc.eu\/wp-content\/uploads\/2024\/12\/Bernard-253x300.jpg 253w, https:\/\/eeefc.eu\/wp-content\/uploads\/2024\/12\/Bernard-10x12.jpg 10w, https:\/\/eeefc.eu\/wp-content\/uploads\/2024\/12\/Bernard.jpg 621w\" sizes=\"auto, (max-width: 253px) 100vw, 253px\" \/><\/p>\n<p>Bernard Jhon Bikai<\/p>\n<p>Association Chaque Jour Compte<\/p>\n<p>France<\/p>\n<p class=\"font_8 wixui-rich-text__text\"><span class=\"wixui-rich-text__text\">Dot\u00e9 d'une expertise diversifi\u00e9e, Bernard est sp\u00e9cialis\u00e9 dans l'organisation d'\u00e9v\u00e9nements sportifs, la gestion strat\u00e9gique d'organisations sportives et l'\u00e9valuation des politiques sociales. Son parcours comprend une connaissance approfondie du r\u00e9seau associatif, des syst\u00e8mes de soutien et une solide exp\u00e9rience du travail avec les personnes en difficult\u00e9.\u00a0 <\/span><span class=\"wixui-rich-text__text\">Engag\u00e9 dans la protection de l'enfance et des personnes handicap\u00e9es, il assure l'accompagnement socio-\u00e9ducatif des mineurs et des jeunes adultes et organise des projets sportifs et culturels. Depuis de nombreuses ann\u00e9es, Bernard s'engage en faveur de la r\u00e9insertion et du d\u00e9veloppement personnel des jeunes en difficult\u00e9.<\/span><\/p>\n<hr \/>\n<p data-wp-editing=\"1\"><img loading=\"lazy\" decoding=\"async\" class=\"alignnone size-full wp-image-2254\" src=\"https:\/\/eeefc.eu\/wp-content\/uploads\/2024\/06\/Sabine-230x300-1.jpg\" alt=\"\" width=\"230\" height=\"300\" \/><\/p>\n<p>Sabine Dick<\/p>\n<p>Association Chaque Jour Compte<\/p>\n<p>France<\/p>\n<p>Sabine Dick est conseill\u00e8re syst\u00e9mique, consultante et avocate. Elle travaille depuis plus de 20 ans dans des projets men\u00e9s par des pairs et en collaboration. Elle a \u00e9tudi\u00e9 la sociologie, la philologie anglaise et l'ethnologie \u00e0 Tr\u00e8ves et \u00e0 Berlin, en Allemagne, et s'est ensuite form\u00e9e \u00e0 la th\u00e9rapie syst\u00e9mique, \u00e0 la th\u00e9rapie des traumatismes, au soutien intentionnel par les pairs, \u00e0 la constellation syst\u00e9mique et familiale. Elle a \u00e9t\u00e9 assistante sociale dans la maison de fugue \"Villa St\u00f6ckle\", une institution antipsychiatrique \u00e0 Berlin, ce qui a profond\u00e9ment fa\u00e7onn\u00e9 son parcours. En 2018, elle est venue travailler \u00e0 Marseille, en France, o\u00f9 elle s'est familiaris\u00e9e avec l'Open Dialogue. Elle travaille aujourd'hui pour l'association<em> Chaque Jour Compte<\/em>qui s'int\u00e9resse aux sports, au bien-\u00eatre, au handicap, aux maladies chroniques et \u00e0 l'inclusion.<\/p>\n<hr \/>\n<p><img loading=\"lazy\" decoding=\"async\" class=\"alignnone size-full wp-image-1778\" src=\"https:\/\/eeefc.eu\/wp-content\/uploads\/2022\/03\/Team_Liisa-kallio_EVIPRO.png\" alt=\"\" width=\"230\" height=\"300\" \/><\/p>\n<p><span lang=\"en-US\">Liisa Kallio<\/span><\/p>\n<p><span lang=\"en-US\">M.Soc.Sc, Finlande, liisa.kallio(at)evipro.fi <\/span><\/p>\n<p><span lang=\"en-US\">J'ai une formation professionnelle en sciences sociales et j'ai beaucoup travaill\u00e9 sur les soins aux toxicomanes ainsi que sur le leadership et la gestion. Je crois au pouvoir des communaut\u00e9s et au soutien par les pairs, ainsi qu'aux pratiques ax\u00e9es sur le r\u00e9tablissement. Aujourd'hui, je travaille comme coach et superviseur professionnel et comme producteur d'\u00e9v\u00e9nements.<\/span><\/p>\n<hr \/>\n<p><img loading=\"lazy\" decoding=\"async\" class=\"alignnone size-full wp-image-1777\" src=\"https:\/\/eeefc.eu\/wp-content\/uploads\/2022\/03\/Team_Lauri-Kuosmanen_-EVIPRO.png\" alt=\"\" width=\"230\" height=\"300\" \/><\/p>\n<p><span lang=\"en-US\">Lauri Kuosmanen<\/span><\/p>\n<p><span lang=\"en-US\">Professeur adjoint, PhD, RN, FEANS, membre du comit\u00e9, Finlande, lauri.kuosmanen(at)evipro.fi<\/span><\/p>\n<p><span lang=\"en-US\">Je suis infirmi\u00e8re en sant\u00e9 mentale et j'ai travaill\u00e9 \u00e0 diff\u00e9rents postes dans le secteur des soins de sant\u00e9 pendant 30 ans. J'ai obtenu mon doctorat en sciences infirmi\u00e8res en 2009 et j'ai re\u00e7u le titre de docent (professeur adjoint) en 2013. Mes recherches portent sur la bio\u00e9thique, les droits de l'homme, la num\u00e9risation et l'\u00e9valuation des services de sant\u00e9. Outre Evipro, je travaille comme professeur \u00e0 l'universit\u00e9 de Finlande orientale, au d\u00e9partement des sciences infirmi\u00e8res.<\/span><\/p>\n<hr \/>\n<p><img loading=\"lazy\" decoding=\"async\" class=\"alignnone size-full wp-image-1717\" src=\"https:\/\/eeefc.eu\/wp-content\/uploads\/2022\/03\/Team_Stephen.png\" alt=\"\" width=\"230\" height=\"300\" \/><\/p>\n<p>Stephen Finlayson<\/p>\n<p>P\u00e9nombre<\/p>\n<p>\u00c9cosse<\/p>\n<hr \/>\n\n\n<figure class=\"wp-block-image size-large is-resized\"><img loading=\"lazy\" decoding=\"async\" width=\"1024\" height=\"1024\" src=\"https:\/\/eeefc.eu\/wp-content\/uploads\/2023\/05\/Nikki-Kilburn-Bio-Pic-1024x1024.jpg\" alt=\"\" class=\"wp-image-2159\" style=\"width:236px;height:auto\" srcset=\"https:\/\/eeefc.eu\/wp-content\/uploads\/2023\/05\/Nikki-Kilburn-Bio-Pic-1024x1024.jpg 1024w, https:\/\/eeefc.eu\/wp-content\/uploads\/2023\/05\/Nikki-Kilburn-Bio-Pic-300x300.jpg 300w, https:\/\/eeefc.eu\/wp-content\/uploads\/2023\/05\/Nikki-Kilburn-Bio-Pic-150x150.jpg 150w, https:\/\/eeefc.eu\/wp-content\/uploads\/2023\/05\/Nikki-Kilburn-Bio-Pic-768x768.jpg 768w, https:\/\/eeefc.eu\/wp-content\/uploads\/2023\/05\/Nikki-Kilburn-Bio-Pic-1536x1536.jpg 1536w, https:\/\/eeefc.eu\/wp-content\/uploads\/2023\/05\/Nikki-Kilburn-Bio-Pic-2048x2048.jpg 2048w\" sizes=\"auto, (max-width: 1024px) 100vw, 1024px\" \/><\/figure>\n\n\n\n<p>Nikki Kilburn<\/p>\n\n\n\n<p>P\u00e9nombre<\/p>\n\n\n\n<p>\u00c9cosse<\/p>\n\n\n\n<hr class=\"wp-block-separator has-alpha-channel-opacity is-style-wide\"\/>\n\n\n\n<figure class=\"wp-block-image\"><img loading=\"lazy\" decoding=\"async\" width=\"225\" height=\"300\" src=\"https:\/\/eeefc.eu\/wp-content\/uploads\/2022\/05\/Siobhan-Russell.png\" alt=\"\" class=\"wp-image-2109\"\/><\/figure>\n\n\n\n<p>Dr. Siobh\u00e1n Russell&nbsp;<\/p>\n\n\n\n<p>Professeur adjoint, Sant\u00e9 mentale et soins infirmiers<\/p>\n\n\n\n<p>\u00c9cole des soins infirmiers, de la psychoth\u00e9rapie et de la sant\u00e9 communautaire<\/p>\n\n\n\n<p>Universit\u00e9 de la ville de Dublin<\/p>\n\n\n\n<hr class=\"wp-block-separator has-alpha-channel-opacity is-style-wide\"\/>\n\n\n\n<figure class=\"wp-block-image\"><img loading=\"lazy\" decoding=\"async\" width=\"225\" height=\"300\" src=\"https:\/\/eeefc.eu\/wp-content\/uploads\/2022\/05\/Mary-Farrelly.png\" alt=\"\" class=\"wp-image-2108\"\/><\/figure>\n\n\n\n<p>Dr. Mary Farrelly<\/p>\n\n\n\n<p>Je suis professeur adjoint de soins infirmiers en sant\u00e9 mentale \u00e0 la Dublin City University et membre de l'\u00e9quipe du Dublin North\/North East Recovery College.  J'ai exerc\u00e9 diverses fonctions dans les services de sant\u00e9 mentale avant de me tourner vers l'enseignement.  Je suis \u00e9galement animatrice au sein du Hearing Voices Network Ireland.<\/p>\n\n\n\n<hr class=\"wp-block-separator has-alpha-channel-opacity is-style-wide\"\/>\n\n\n\n<figure class=\"wp-block-image\"><img loading=\"lazy\" decoding=\"async\" width=\"350\" height=\"263\" src=\"https:\/\/eeefc.eu\/wp-content\/uploads\/2022\/05\/Mark-Philbin.png\" alt=\"\" class=\"wp-image-2106\" srcset=\"https:\/\/eeefc.eu\/wp-content\/uploads\/2022\/05\/Mark-Philbin.png 350w, https:\/\/eeefc.eu\/wp-content\/uploads\/2022\/05\/Mark-Philbin-300x225.png 300w\" sizes=\"auto, (max-width: 350px) 100vw, 350px\" \/><\/figure>\n\n\n\n<p>Dr. Mark Philbin<\/p>\n\n\n\n<p>Ma\u00eetre de conf\u00e9rences en sant\u00e9 et soci\u00e9t\u00e9<\/p>\n\n\n\n<p>\u00c9cole des soins infirmiers, de la psychoth\u00e9rapie et de la sant\u00e9 communautaire<\/p>\n\n\n\n<p>Universit\u00e9 de la ville de Dublin<\/p>\n\n\n\n<p>Dublin 9<\/p>\n\n\n\n<hr class=\"wp-block-separator has-alpha-channel-opacity is-style-wide\"\/>\n\n\n\n<figure class=\"wp-block-image size-large is-resized\"><img loading=\"lazy\" decoding=\"async\" width=\"768\" height=\"1024\" src=\"https:\/\/eeefc.eu\/wp-content\/uploads\/2023\/04\/Chris-ODonell-768x1024.jpg\" alt=\"\" class=\"wp-image-2148\" style=\"width:254px;height:auto\" srcset=\"https:\/\/eeefc.eu\/wp-content\/uploads\/2023\/04\/Chris-ODonell-768x1024.jpg 768w, https:\/\/eeefc.eu\/wp-content\/uploads\/2023\/04\/Chris-ODonell-225x300.jpg 225w, https:\/\/eeefc.eu\/wp-content\/uploads\/2023\/04\/Chris-ODonell-1152x1536.jpg 1152w, https:\/\/eeefc.eu\/wp-content\/uploads\/2023\/04\/Chris-ODonell-1536x2048.jpg 1536w, https:\/\/eeefc.eu\/wp-content\/uploads\/2023\/04\/Chris-ODonell-scaled.jpg 1920w\" sizes=\"auto, (max-width: 768px) 100vw, 768px\" \/><\/figure>\n\n\n\n<p>Chris O'Donell<\/p>\n\n\n\n<p>Chris \u00e9tait une travailleuse de soutien par les pairs dans le domaine du sans-abrisme, des traumatismes et des d\u00e9pendances. Elle avait une formation en linguistique et en journalisme et s'int\u00e9ressait \u00e0 la gu\u00e9rison par la connexion et l'humour.<\/p>\n\n\n\n<p><a href=\"https:\/\/recoverycollege.ie\/angel-of-the-street-ascends\/\" title=\"\">https:\/\/recoverycollege.ie\/angel-of-the-street-ascends\/<\/a><\/p>","protected":false},"excerpt":{"rendered":"<p>Martha Griffin &#8211; DCU L\u00edam Mac Gabhann is Associate Professor, in Mental Health Practice at the School of Nursing, Psychotherapy [&hellip;]<\/p>","protected":false},"author":1,"featured_media":0,"parent":0,"menu_order":0,"comment_status":"closed","ping_status":"closed","template":"","meta":{"om_disable_all_campaigns":false,"_monsterinsights_skip_tracking":false,"_monsterinsights_sitenote_active":false,"_monsterinsights_sitenote_note":"","_monsterinsights_sitenote_category":0,"footnotes":""},"class_list":["post-1819","page","type-page","status-publish","hentry"],"aioseo_notices":[],"_links":{"self":[{"href":"https:\/\/eeefc.eu\/fr\/wp-json\/wp\/v2\/pages\/1819","targetHints":{"allow":["GET"]}}],"collection":[{"href":"https:\/\/eeefc.eu\/fr\/wp-json\/wp\/v2\/pages"}],"about":[{"href":"https:\/\/eeefc.eu\/fr\/wp-json\/wp\/v2\/types\/page"}],"author":[{"embeddable":true,"href":"https:\/\/eeefc.eu\/fr\/wp-json\/wp\/v2\/users\/1"}],"replies":[{"embeddable":true,"href":"https:\/\/eeefc.eu\/fr\/wp-json\/wp\/v2\/comments?post=1819"}],"version-history":[{"count":17,"href":"https:\/\/eeefc.eu\/fr\/wp-json\/wp\/v2\/pages\/1819\/revisions"}],"predecessor-version":[{"id":2426,"href":"https:\/\/eeefc.eu\/fr\/wp-json\/wp\/v2\/pages\/1819\/revisions\/2426"}],"wp:attachment":[{"href":"https:\/\/eeefc.eu\/fr\/wp-json\/wp\/v2\/media?parent=1819"}],"curies":[{"name":"wp","href":"https:\/\/api.w.org\/{rel}","templated":true}]}}