{"id":1551,"date":"2022-03-05T13:18:20","date_gmt":"2022-03-05T13:18:20","guid":{"rendered":"https:\/\/eeefc.eu\/?page_id=1551"},"modified":"2024-12-14T18:56:27","modified_gmt":"2024-12-14T16:56:27","slug":"partenaires","status":"publish","type":"page","link":"https:\/\/eeefc.eu\/fr\/partenaires\/","title":{"rendered":"Partenaires"},"content":{"rendered":"<div id=\"pl-1551\" class=\"panel-layout\">\r\n<div id=\"pg-1551-0\" class=\"panel-grid panel-no-style\" data-style=\"{&quot;background_image_attachment&quot;:false,&quot;background_display&quot;:&quot;tile&quot;,&quot;cell_alignment&quot;:&quot;flex-start&quot;}\" data-ratio=\"1\" data-ratio-direction=\"right\">\r\n<div id=\"pgc-1551-0-0\" class=\"panel-grid-cell\" data-weight=\"1\">\r\n<div id=\"panel-1551-0-0-0\" class=\"so-panel widget widget_text panel-first-child panel-last-child\" data-index=\"0\" data-style=\"{&quot;background_image_attachment&quot;:false,&quot;background_display&quot;:&quot;tile&quot;}\">\r\n<h3>Recovery Academy Ireland<\/h3>\r\n<h3 class=\"textwidget\"><img loading=\"lazy\" decoding=\"async\" class=\"size-full wp-image-1774 alignleft\" src=\"https:\/\/eeefc.eu\/wp-content\/uploads\/2022\/03\/Logo-Recovery_H.png\" alt=\"\" width=\"325\" height=\"233\" srcset=\"https:\/\/eeefc.eu\/wp-content\/uploads\/2022\/03\/Logo-Recovery_H.png 325w, https:\/\/eeefc.eu\/wp-content\/uploads\/2022\/03\/Logo-Recovery_H-300x215.png 300w\" sizes=\"auto, (max-width: 325px) 100vw, 325px\" \/><\/h3>\r\n<\/div>\r\n<\/div>\r\n<\/div>\r\n<\/div>\r\n<p>&nbsp;<\/p>\r\n<p>Recovery Academy Ireland est une organisation coop\u00e9rative\/caritative qui prend place au sein d'un r\u00e9seau international plus large d'organisations qui promeuvent la visibilit\u00e9 du r\u00e9tablissement et luttent contre la stigmatisation. Son objectif principal est de promouvoir et de soutenir le r\u00e9tablissement actif et durable des personnes d\u00e9pendantes, de leur famille et de leurs amis, et de d\u00e9fendre les int\u00e9r\u00eats de ces personnes. La mission de la Recovery Academy Ireland est d'amorcer ce changement culturel en r\u00e9orientant les services de la simple r\u00e9duction des risques vers un mod\u00e8le de r\u00e9tablissement. L'acad\u00e9mie vise \u00e0 promouvoir une vie d'\u00e9panouissement, de bien-\u00eatre et de pleine participation \u00e0 la soci\u00e9t\u00e9 pour les personnes en r\u00e9tablissement, qui s'\u00e9loigne de la d\u00e9pendance aux services d'aide aux toxicomanes et se concentre davantage sur la construction d'un capital de r\u00e9tablissement pour les individus et les communaut\u00e9s.<\/p>\r\n<p><a href=\"http:\/\/www.recoveryacademyireland.ie\">http:\/\/www.recoveryacademyireland.ie<\/a><\/p>\r\n<hr \/>\r\n<h3>DNNERC<\/h3>\r\n<p><img loading=\"lazy\" decoding=\"async\" class=\"size-full wp-image-1497 alignleft\" src=\"https:\/\/eeefc.eu\/wp-content\/uploads\/2022\/03\/Logo-DNNERC_H.png\" alt=\"\" width=\"325\" height=\"233\" srcset=\"https:\/\/eeefc.eu\/wp-content\/uploads\/2022\/03\/Logo-DNNERC_H.png 325w, https:\/\/eeefc.eu\/wp-content\/uploads\/2022\/03\/Logo-DNNERC_H-300x215.png 300w\" sizes=\"auto, (max-width: 325px) 100vw, 325px\" \/><\/p>\r\n<p>Le Dublin North, North East Recovery College propose des processus \u00e9ducatifs transformateurs en mati\u00e8re de sant\u00e9 mentale et de r\u00e9tablissement aux adultes et aux jeunes, principalement dans les r\u00e9gions de Dublin Nord, Louth et Meath, en Irlande, bien que ce champ d'action se soit \u00e9tendu \u00e0 d'autres r\u00e9gions d'Irlande. Le Recovery College propose une formation bas\u00e9e sur le r\u00e9tablissement, responsabilisante et transformatrice, \u00e0 toute personne int\u00e9ress\u00e9e par le r\u00e9tablissement dans le domaine de la sant\u00e9 mentale et de la toxicomanie.  Adoptant une approche de coproduction, le travail du Recovery College s'appuie sur une combinaison de principes issus du r\u00e9tablissement, de l'\u00e9ducation des adultes, des droits de l'homme et du d\u00e9veloppement communautaire.<\/p>\r\n<p><a href=\"http:\/\/www.recoverycollege.ie\">http:\/\/www.recoverycollege.ie\u00a0<\/a><\/p>\r\n<hr \/>\r\n<h3 class=\"widget-title\"><span style=\"font-size: revert;\">Evipro<\/span><\/h3>\r\n<p><img loading=\"lazy\" decoding=\"async\" class=\"alignleft wp-image-2095 size-medium\" src=\"https:\/\/eeefc.eu\/wp-content\/uploads\/2022\/04\/Logo-Evipro-e1651146948964-300x96.jpg\" alt=\"\" width=\"300\" height=\"96\" srcset=\"https:\/\/eeefc.eu\/wp-content\/uploads\/2022\/04\/Logo-Evipro-e1651146948964-300x96.jpg 300w, https:\/\/eeefc.eu\/wp-content\/uploads\/2022\/04\/Logo-Evipro-e1651146948964.jpg 569w\" sizes=\"auto, (max-width: 300px) 100vw, 300px\" \/>La soci\u00e9t\u00e9 Evipro (Evidence-based Professionals) est exp\u00e9riment\u00e9e dans l'organisation d'\u00e9v\u00e9nements tels que des conf\u00e9rences, des s\u00e9minaires et des visites d'\u00e9tude pour les professionnels afin de fournir des forums pour apprendre et discuter ensemble. Evipro fournit des services de conseil et de consultation dans le domaine des services sociaux et de sant\u00e9. Les formateurs de l'entreprise ont une grande exp\u00e9rience du travail pratique, de la direction, de la gestion, de la planification et de la recherche, en particulier dans les domaines de la sant\u00e9 mentale et de la toxicomanie. La voix des utilisateurs de services et des experts par leur exp\u00e9rience et leur r\u00e9tablissement est pr\u00e9sente dans le travail d'Evipro. Evipro propose des services de conseil, de supervision, de formation sur mesure et d'\u00e9ducation pour les professionnels du secteur public, des ONG, des entreprises priv\u00e9es, des \u00e9coles et d'autres institutions. La formation et le coaching du personnel et des dirigeants sont \u00e9galement assur\u00e9s par nos superviseurs et coachs accr\u00e9dit\u00e9s. Evipro est un organisateur officiel des conf\u00e9rences europ\u00e9ennes sur la sant\u00e9 mentale. <a href=\"https:\/\/www.ecmh.eu\">www.ecmh.eu<\/a>.<\/p>\r\n<p><a href=\"http:\/\/www.evipro.fi\">http:\/\/www.evipro.fi<\/a><\/p>\r\n<hr \/>\r\n<h3 class=\"textwidget\">Chaque Jour Compte<\/h3>\r\n<div><img loading=\"lazy\" decoding=\"async\" class=\"wp-image-2132 alignleft\" src=\"https:\/\/eeefc.eu\/wp-content\/uploads\/2023\/03\/cjc_logo_y_vf_2022.png\" alt=\"\" width=\"230\" height=\"206\" \/><\/div>\r\n<div>\r\n<p><em>Chaque Jour Compte<\/em> (<em>Chaque jour compte<\/em>) est une association d'activistes de la sant\u00e9 de base qui promeut des solutions alternatives en mati\u00e8re de sant\u00e9 mentale. Notre offre comprend le sport et les sorties, l'accompagnement individuel, l'accompagnement professionnel, la formation, le plaidoyer et la recherche. Chaque Jour Compte a \u00e9t\u00e9 fond\u00e9 en 2019 par Bernard Bikai, ancien champion national fran\u00e7ais de boxe professionnelle, \u00e9ducateur sp\u00e9cialis\u00e9 et \u00e9ducateur sportif, se battant pour faire sortir un proche \"malade\" d'un h\u00f4pital psychiatrique. Notre objectif est d'am\u00e9liorer le quotidien des personnes que nous accompagnons. Ce qui nous guide, c'est la dignit\u00e9, le relationnel, le social, l'\u00e9mancipation et l'autonomie.<\/p>\r\n<p>&nbsp;<\/p>\r\n<a href=\"https:\/\/www.chaquejourcompte13.fr\/\">https:\/\/www.chaquejourcompte13.fr\/<\/a><\/div>\r\n<div><br \/><hr \/><\/div>\r\n<p><!-- \/wp:post-content --><\/p>\r\n<!-- wp:image {\"id\":2158,\"width\":434,\"height\":91} -->\r\n<h3 class=\"wp-block-image is-resized\">P\u00e9nombre<\/h3>\r\n<figure class=\"wp-block-image is-resized\"><img loading=\"lazy\" decoding=\"async\" class=\"wp-image-2158 alignleft\" src=\"https:\/\/eeefc.eu\/wp-content\/uploads\/2023\/05\/Penumbra-Logos-RGB_RGB-Penumbra-Colour-Logo.png\" alt=\"\" width=\"316\" height=\"67\" srcset=\"https:\/\/eeefc.eu\/wp-content\/uploads\/2023\/05\/Penumbra-Logos-RGB_RGB-Penumbra-Colour-Logo.png 4961w, https:\/\/eeefc.eu\/wp-content\/uploads\/2023\/05\/Penumbra-Logos-RGB_RGB-Penumbra-Colour-Logo-300x64.png 300w, https:\/\/eeefc.eu\/wp-content\/uploads\/2023\/05\/Penumbra-Logos-RGB_RGB-Penumbra-Colour-Logo-1024x217.png 1024w, https:\/\/eeefc.eu\/wp-content\/uploads\/2023\/05\/Penumbra-Logos-RGB_RGB-Penumbra-Colour-Logo-768x163.png 768w, https:\/\/eeefc.eu\/wp-content\/uploads\/2023\/05\/Penumbra-Logos-RGB_RGB-Penumbra-Colour-Logo-1536x326.png 1536w, https:\/\/eeefc.eu\/wp-content\/uploads\/2023\/05\/Penumbra-Logos-RGB_RGB-Penumbra-Colour-Logo-2048x435.png 2048w\" sizes=\"auto, (max-width: 316px) 100vw, 316px\" \/><\/figure>\r\n<!-- \/wp:image -->\r\n\r\n<!-- wp:paragraph -->\r\n<p>Penumbra est une organisation caritative pionni\u00e8re bas\u00e9e en \u00c9cosse qui fournit des services sp\u00e9cialis\u00e9s aux personnes souffrant de troubles mentaux l\u00e9gers \u00e0 graves et durables. Nous soutenons les personnes dans leur cheminement vers une meilleure sant\u00e9 mentale en travaillant avec chacune d'entre elles pour trouver leur propre voie. Le pouvoir de l'exp\u00e9rience v\u00e9cue par les gens nous permet de fournir des services novateurs qui transforment des vies. Qu'il s'agisse de l'accompagnement des personnes en situation de crise, de la pr\u00e9vention du suicide, de l'aide \u00e0 la vie autonome, de la gestion de l'automutilation ou du soutien par les pairs. Nous accompagnons les personnes que nous soutenons \u00e0 chaque \u00e9tape de leur parcours vers un endroit meilleur. Penumbra aide les gens \u00e0 vivre une vie \u00e9panouissante et \u00e0 contribuer \u00e0 la soci\u00e9t\u00e9. En suivant notre mod\u00e8le d'ESPOIR centr\u00e9 sur la personne. Pour nous, l'espoir est un \u00e9l\u00e9ment essentiel du r\u00e9tablissement et le fait d'aider les personnes \u00e0 avoir et \u00e0 conserver l'espoir en l'avenir est un \u00e9l\u00e9ment cl\u00e9 de notre travail.<\/p>\r\n<!-- \/wp:paragraph -->\r\n\r\n<!-- wp:paragraph -->\r\n<p><a href=\"https:\/\/www.penumbra.org.uk\/\">https:\/\/www.penumbra.org.uk\/<\/a><\/p>\r\n<!-- \/wp:paragraph -->\r\n\r\n<!-- wp:paragraph \/-->","protected":false},"excerpt":{"rendered":"<p>Recovery Academy Ireland Recovery Academy Ireland est une organisation coop\u00e9rative\/caritative qui prend place au sein d'un r\u00e9seau international plus large [...]<\/p>","protected":false},"author":1,"featured_media":0,"parent":0,"menu_order":0,"comment_status":"closed","ping_status":"closed","template":"page-templates\/full-width.php","meta":{"om_disable_all_campaigns":false,"_monsterinsights_skip_tracking":false,"_monsterinsights_sitenote_active":false,"_monsterinsights_sitenote_note":"","_monsterinsights_sitenote_category":0,"footnotes":""},"class_list":["post-1551","page","type-page","status-publish","hentry"],"aioseo_notices":[],"_links":{"self":[{"href":"https:\/\/eeefc.eu\/fr\/wp-json\/wp\/v2\/pages\/1551","targetHints":{"allow":["GET"]}}],"collection":[{"href":"https:\/\/eeefc.eu\/fr\/wp-json\/wp\/v2\/pages"}],"about":[{"href":"https:\/\/eeefc.eu\/fr\/wp-json\/wp\/v2\/types\/page"}],"author":[{"embeddable":true,"href":"https:\/\/eeefc.eu\/fr\/wp-json\/wp\/v2\/users\/1"}],"replies":[{"embeddable":true,"href":"https:\/\/eeefc.eu\/fr\/wp-json\/wp\/v2\/comments?post=1551"}],"version-history":[{"count":54,"href":"https:\/\/eeefc.eu\/fr\/wp-json\/wp\/v2\/pages\/1551\/revisions"}],"predecessor-version":[{"id":2394,"href":"https:\/\/eeefc.eu\/fr\/wp-json\/wp\/v2\/pages\/1551\/revisions\/2394"}],"wp:attachment":[{"href":"https:\/\/eeefc.eu\/fr\/wp-json\/wp\/v2\/media?parent=1551"}],"curies":[{"name":"wp","href":"https:\/\/api.w.org\/{rel}","templated":true}]}}