{"id":1435,"date":"2022-03-01T12:22:17","date_gmt":"2022-03-01T12:22:17","guid":{"rendered":"https:\/\/eeefc.eu\/?page_id=1435"},"modified":"2024-12-20T20:16:56","modified_gmt":"2024-12-20T18:16:56","slug":"resultats","status":"publish","type":"page","link":"https:\/\/eeefc.eu\/fr\/resultats\/","title":{"rendered":"R\u00e9sultats"},"content":{"rendered":"<p>R\u00e9sultats : Quels sont les r\u00e9sultats du projet et les autres effets que vous attendez de votre projet ?<\/p>\n\n\n\n<ul class=\"wp-block-list\">\n<li>Renforcement de la capacit\u00e9 des participants au projet \u00e0 s'engager dans leur communaut\u00e9 au sens large et, en d\u00e9terminant leurs propres besoins \u00e9ducatifs et en y r\u00e9pondant, \u00e0 d\u00e9velopper une conscience critique qui leur permettra d'am\u00e9liorer leur propre bien-\u00eatre et celui de leurs pairs. <\/li>\n<\/ul>\n\n\n\n<ul class=\"wp-block-list\">\n<li>\u00c9laborer un cadre \u00e9ducatif \u00e9prouv\u00e9, fond\u00e9 sur des approches de l'inclusion bas\u00e9es sur les droits de l'homme et pouvant \u00eatre g\u00e9n\u00e9ralis\u00e9 en tant que processus \u00e9ducatif au sein de communaut\u00e9s plus larges. <\/li>\n<\/ul>\n\n\n\n<ul class=\"wp-block-list\">\n<li>Mettre en place un mod\u00e8le durable de prestation de programmes \u00e9ducatifs dans les communaut\u00e9s partenaires participantes. <\/li>\n<\/ul>\n\n\n\n<ul class=\"wp-block-list\">\n<li>D\u00e9velopper un kit de formation des formateurs pour toute personne ayant suivi le programme et souhaitant le proposer elle-m\u00eame au sein de sa communaut\u00e9. <\/li>\n<\/ul>\n\n\n\n<ul class=\"wp-block-list\">\n<li>\u00c9laborer des lignes directrices en mati\u00e8re de bonnes pratiques \u00e0 l'intention de tous ceux qui envisagent ou ont l'intention de mettre en \u0153uvre le cadre \u00e9ducatif de ce projet ou un cadre ayant des valeurs, des intentions et des processus similaires.<\/li>\n<\/ul>\n\n\n\n<p><\/p>","protected":false},"excerpt":{"rendered":"<p>R\u00e9sultats : Quels sont les r\u00e9sultats du projet et les autres effets que vous attendez de votre projet ?<\/p>","protected":false},"author":1,"featured_media":0,"parent":0,"menu_order":0,"comment_status":"closed","ping_status":"closed","template":"","meta":{"om_disable_all_campaigns":false,"_monsterinsights_skip_tracking":false,"_monsterinsights_sitenote_active":false,"_monsterinsights_sitenote_note":"","_monsterinsights_sitenote_category":0,"footnotes":""},"class_list":["post-1435","page","type-page","status-publish","hentry"],"aioseo_notices":[],"_links":{"self":[{"href":"https:\/\/eeefc.eu\/fr\/wp-json\/wp\/v2\/pages\/1435","targetHints":{"allow":["GET"]}}],"collection":[{"href":"https:\/\/eeefc.eu\/fr\/wp-json\/wp\/v2\/pages"}],"about":[{"href":"https:\/\/eeefc.eu\/fr\/wp-json\/wp\/v2\/types\/page"}],"author":[{"embeddable":true,"href":"https:\/\/eeefc.eu\/fr\/wp-json\/wp\/v2\/users\/1"}],"replies":[{"embeddable":true,"href":"https:\/\/eeefc.eu\/fr\/wp-json\/wp\/v2\/comments?post=1435"}],"version-history":[{"count":3,"href":"https:\/\/eeefc.eu\/fr\/wp-json\/wp\/v2\/pages\/1435\/revisions"}],"predecessor-version":[{"id":2472,"href":"https:\/\/eeefc.eu\/fr\/wp-json\/wp\/v2\/pages\/1435\/revisions\/2472"}],"wp:attachment":[{"href":"https:\/\/eeefc.eu\/fr\/wp-json\/wp\/v2\/media?parent=1435"}],"curies":[{"name":"wp","href":"https:\/\/api.w.org\/{rel}","templated":true}]}}