{"id":1433,"date":"2022-03-01T12:10:15","date_gmt":"2022-03-01T12:10:15","guid":{"rendered":"https:\/\/eeefc.eu\/?page_id=1433"},"modified":"2024-12-20T20:09:35","modified_gmt":"2024-12-20T18:09:35","slug":"mise-en-oeuvre","status":"publish","type":"page","link":"https:\/\/eeefc.eu\/fr\/mise-en-oeuvre\/","title":{"rendered":"Mise en \u0153uvre"},"content":{"rendered":"<p>La mise en \u0153uvre : Quelles activit\u00e9s allez-vous mettre en \u0153uvre ?<\/p>\n\n\n\n<p>Un processus de participation communautaire o\u00f9 la communaut\u00e9 et les partenaires du projet d\u00e9veloppent un processus d'apprentissage participatif pour \u00e9laborer un programme \u00e9ducatif comprenant deux modules : <\/p>\n\n\n\n<p>(a) R\u00e9cup\u00e9ration : Apprendre ensemble, former les formateurs<\/p>\n\n\n\n<p> et <\/p>\n\n\n\n<p>(b) avec les participants au programme, \u00e9laborer un programme \u00e9ducatif sur mesure en mati\u00e8re de sant\u00e9 mentale et de bien-\u00eatre, con\u00e7u en fonction des besoins exprim\u00e9s par les participants, qui renforce les capacit\u00e9s de leur communaut\u00e9<\/p>\n\n\n\n<ul class=\"wp-block-list\">\n<li>\u00c9laboration d'une trousse \u00e0 outils pour la formation des formateurs afin de guider la mise en \u0153uvre du programme \u00e9ducatif, <\/li>\n<\/ul>\n\n\n\n<ul class=\"wp-block-list\">\n<li>Cr\u00e9er un site web pour le projet afin de partager les r\u00e9sultats du projet et de promouvoir en permanence les r\u00e9sultats du projet, <\/li>\n<\/ul>\n\n\n\n<ul class=\"wp-block-list\">\n<li>Diffuser les r\u00e9sultats et les lignes directrices en mati\u00e8re de bonnes pratiques aupr\u00e8s d'un public large et pertinent.<\/li>\n<\/ul>\n\n\n\n<p><\/p>\n\n\n\n<p><\/p>","protected":false},"excerpt":{"rendered":"<p>Implementation: What activities are you going to implement? A process of community participation where the community along with project partners [&hellip;]<\/p>","protected":false},"author":1,"featured_media":0,"parent":0,"menu_order":0,"comment_status":"closed","ping_status":"closed","template":"","meta":{"om_disable_all_campaigns":false,"_monsterinsights_skip_tracking":false,"_monsterinsights_sitenote_active":false,"_monsterinsights_sitenote_note":"","_monsterinsights_sitenote_category":0,"footnotes":""},"class_list":["post-1433","page","type-page","status-publish","hentry"],"aioseo_notices":[],"_links":{"self":[{"href":"https:\/\/eeefc.eu\/fr\/wp-json\/wp\/v2\/pages\/1433","targetHints":{"allow":["GET"]}}],"collection":[{"href":"https:\/\/eeefc.eu\/fr\/wp-json\/wp\/v2\/pages"}],"about":[{"href":"https:\/\/eeefc.eu\/fr\/wp-json\/wp\/v2\/types\/page"}],"author":[{"embeddable":true,"href":"https:\/\/eeefc.eu\/fr\/wp-json\/wp\/v2\/users\/1"}],"replies":[{"embeddable":true,"href":"https:\/\/eeefc.eu\/fr\/wp-json\/wp\/v2\/comments?post=1433"}],"version-history":[{"count":3,"href":"https:\/\/eeefc.eu\/fr\/wp-json\/wp\/v2\/pages\/1433\/revisions"}],"predecessor-version":[{"id":2468,"href":"https:\/\/eeefc.eu\/fr\/wp-json\/wp\/v2\/pages\/1433\/revisions\/2468"}],"wp:attachment":[{"href":"https:\/\/eeefc.eu\/fr\/wp-json\/wp\/v2\/media?parent=1433"}],"curies":[{"name":"wp","href":"https:\/\/api.w.org\/{rel}","templated":true}]}}