{"id":1412,"date":"2022-02-28T09:42:16","date_gmt":"2022-02-28T07:42:16","guid":{"rendered":"https:\/\/eeefc.eu\/?page_id=1412"},"modified":"2024-12-20T20:18:13","modified_gmt":"2024-12-20T18:18:13","slug":"arriere-plan","status":"publish","type":"page","link":"https:\/\/eeefc.eu\/fr\/arriere-plan\/","title":{"rendered":"Contexte"},"content":{"rendered":"<p>Ce projet a d\u00e9velopp\u00e9 un r\u00e9seau international de professionnels, d'experts par exp\u00e9rience, d'universitaires et de personnes touch\u00e9es par les probl\u00e8mes de sant\u00e9 mentale et de toxicomanie, en vue de renforcer la capacit\u00e9 des communaut\u00e9s \u00e0 r\u00e9pondre \u00e0 ces probl\u00e8mes par la conception et la mise en \u0153uvre d'un processus d'\u00e9ducation des adultes responsabilisant dans cinq communaut\u00e9s d\u00e9sign\u00e9es.<\/p>\r\n<p>Le projet a \u00e9valu\u00e9 l'impact du processus participatif et de l'intervention \u00e9ducative sur les parties prenantes et a \u00e9labor\u00e9 des lignes directrices en mati\u00e8re de bonnes pratiques \u00e0 l'intention d'autres personnes qui souhaiteraient reproduire le processus dans leurs communaut\u00e9s.<\/p>\r\n<p>La Charte de Gen\u00e8ve pour le bien-\u00eatre (Organisation mondiale de la sant\u00e9, 2021) avait recommand\u00e9 des r\u00e9ponses<\/p>\r\n<p>\"qui int\u00e8grent la sant\u00e9 et le bien-\u00eatre de la plan\u00e8te, de la soci\u00e9t\u00e9, de la communaut\u00e9 et de l'individu, ainsi que des changements dans les structures sociales pour aider les gens \u00e0 prendre le contr\u00f4le de leur vie et de leur sant\u00e9\" (p.1)<\/p>\r\n<p>et sugg\u00e8re que des approches plus d\u00e9mocratiques de la compr\u00e9hension et de la promotion du bien-\u00eatre des citoyens sont n\u00e9cessaires \u00e0 l'avenir.<\/p>\r\n<p>Ce projet se justifie par le fait qu'il est de plus en plus admis au niveau de l'UE que les populations marginalis\u00e9es et vuln\u00e9rables ont besoin d'approches plus larges et inclusives dans lesquelles elles sont activement impliqu\u00e9es dans la d\u00e9termination de la mani\u00e8re dont elles vont g\u00e9rer leur sant\u00e9 et leur bien-\u00eatre (Hickey et al. 2022).<\/p>\r\n<p>Ce partenariat coop\u00e9ratif Erasmus + estime que ce processus participatif innovant d'\u00e9ducation communautaire d\u00e9veloppera la r\u00e9silience et la capacit\u00e9 des communaut\u00e9s impliqu\u00e9es dans le projet \u00e0 r\u00e9pondre aux d\u00e9fis de la sant\u00e9 mentale et des probl\u00e8mes de toxicomanie.<\/p>","protected":false},"excerpt":{"rendered":"<p>Ce projet a d\u00e9velopp\u00e9 un r\u00e9seau international de professionnels, d'experts par exp\u00e9rience, d'universitaires et de personnes concern\u00e9es par la sant\u00e9 mentale et [...]<\/p>","protected":false},"author":1,"featured_media":0,"parent":0,"menu_order":0,"comment_status":"closed","ping_status":"closed","template":"","meta":{"om_disable_all_campaigns":false,"_monsterinsights_skip_tracking":false,"_monsterinsights_sitenote_active":false,"_monsterinsights_sitenote_note":"","_monsterinsights_sitenote_category":0,"footnotes":""},"class_list":["post-1412","page","type-page","status-publish","hentry"],"aioseo_notices":[],"_links":{"self":[{"href":"https:\/\/eeefc.eu\/fr\/wp-json\/wp\/v2\/pages\/1412","targetHints":{"allow":["GET"]}}],"collection":[{"href":"https:\/\/eeefc.eu\/fr\/wp-json\/wp\/v2\/pages"}],"about":[{"href":"https:\/\/eeefc.eu\/fr\/wp-json\/wp\/v2\/types\/page"}],"author":[{"embeddable":true,"href":"https:\/\/eeefc.eu\/fr\/wp-json\/wp\/v2\/users\/1"}],"replies":[{"embeddable":true,"href":"https:\/\/eeefc.eu\/fr\/wp-json\/wp\/v2\/comments?post=1412"}],"version-history":[{"count":10,"href":"https:\/\/eeefc.eu\/fr\/wp-json\/wp\/v2\/pages\/1412\/revisions"}],"predecessor-version":[{"id":2473,"href":"https:\/\/eeefc.eu\/fr\/wp-json\/wp\/v2\/pages\/1412\/revisions\/2473"}],"wp:attachment":[{"href":"https:\/\/eeefc.eu\/fr\/wp-json\/wp\/v2\/media?parent=1412"}],"curies":[{"name":"wp","href":"https:\/\/api.w.org\/{rel}","templated":true}]}}