{"id":1395,"date":"2022-02-14T16:45:55","date_gmt":"2022-02-14T16:45:55","guid":{"rendered":"https:\/\/eeefc.eu\/?page_id=1395"},"modified":"2024-12-14T18:27:35","modified_gmt":"2024-12-14T16:27:35","slug":"le-projet","status":"publish","type":"page","link":"https:\/\/eeefc.eu\/fr\/le-projet\/","title":{"rendered":"Le projet"},"content":{"rendered":"<p>Le projet EEEFCom est un projet financ\u00e9 par Erasmus qui a travaill\u00e9 avec un r\u00e9seau coop\u00e9ratif de partenaires comprenant des organisations de sant\u00e9 mentale et de toxicomanie dans quatre zones g\u00e9ographiques. Le projet intitul\u00e9 Embedding an Emancipatory Educational Framework in Communities (EEEFCom) \u00e9tait compos\u00e9 de cinq partenaires, le Dublin North, North East Recovery College (Irlande), The Recovery Academy (Irlande), Evipro (Finlande), Chaque Jour Compte (France) et Penumbra (\u00c9cosse).<\/p>\n<p>Le r\u00e9seau coop\u00e9ratif a mis au point un mod\u00e8le et un cadre sur mesure qui ont permis de mettre en place des initiatives \u00e9ducatives ax\u00e9es sur un processus \u00e9ducatif transformateur pour les participants et les communaut\u00e9s.<\/p>\n<p>Depuis son d\u00e9veloppement initial en 2022, ce processus social et \u00e9ducatif a \u00e9t\u00e9 facilit\u00e9 et mis en \u0153uvre dans quatre villes europ\u00e9ennes \u00e0 plusieurs reprises avec diff\u00e9rents partenaires associ\u00e9s, produisant des r\u00e9sultats positifs pour un grand nombre de ses participants et de ses communaut\u00e9s.<\/p>","protected":false},"excerpt":{"rendered":"<p>The EEEFCom project was an Erasmus funded project that worked with a co-operative network of partners that include mental health [&hellip;]<\/p>","protected":false},"author":1,"featured_media":0,"parent":0,"menu_order":0,"comment_status":"closed","ping_status":"closed","template":"","meta":{"om_disable_all_campaigns":false,"_monsterinsights_skip_tracking":false,"_monsterinsights_sitenote_active":false,"_monsterinsights_sitenote_note":"","_monsterinsights_sitenote_category":0,"footnotes":""},"class_list":["post-1395","page","type-page","status-publish","hentry"],"aioseo_notices":[],"_links":{"self":[{"href":"https:\/\/eeefc.eu\/fr\/wp-json\/wp\/v2\/pages\/1395","targetHints":{"allow":["GET"]}}],"collection":[{"href":"https:\/\/eeefc.eu\/fr\/wp-json\/wp\/v2\/pages"}],"about":[{"href":"https:\/\/eeefc.eu\/fr\/wp-json\/wp\/v2\/types\/page"}],"author":[{"embeddable":true,"href":"https:\/\/eeefc.eu\/fr\/wp-json\/wp\/v2\/users\/1"}],"replies":[{"embeddable":true,"href":"https:\/\/eeefc.eu\/fr\/wp-json\/wp\/v2\/comments?post=1395"}],"version-history":[{"count":2,"href":"https:\/\/eeefc.eu\/fr\/wp-json\/wp\/v2\/pages\/1395\/revisions"}],"predecessor-version":[{"id":2385,"href":"https:\/\/eeefc.eu\/fr\/wp-json\/wp\/v2\/pages\/1395\/revisions\/2385"}],"wp:attachment":[{"href":"https:\/\/eeefc.eu\/fr\/wp-json\/wp\/v2\/media?parent=1395"}],"curies":[{"name":"wp","href":"https:\/\/api.w.org\/{rel}","templated":true}]}}