{"id":765,"date":"2022-02-09T13:46:06","date_gmt":"2022-02-09T13:46:06","guid":{"rendered":"https:\/\/eeefc.eu\/?page_id=765"},"modified":"2024-12-20T20:13:34","modified_gmt":"2024-12-20T18:13:34","slug":"tavoitteet","status":"publish","type":"page","link":"https:\/\/eeefc.eu\/fi\/tavoitteet\/","title":{"rendered":"Tavoitteet"},"content":{"rendered":"<p>Tavoite ja menetelm\u00e4t<\/p>\r\n<p>Kyseess\u00e4 on aikuiskoulutukseen liittyv\u00e4 Erasmus+-hankeyhteisty\u00f6kumppanuus. Hankkeen tavoitteena on juurruttaa emansipatorinen koulutuskehys mielenterveys- ja p\u00e4ihdeongelmien vuoksi syrj\u00e4ytyneiden ja syrj\u00e4ytyneiden ihmisten yhteis\u00f6ihin.<\/p>\r\n<p>Yleiset tavoitteet:<\/p>\r\n<ol>\r\n<li>sellaisen kattavan osallistavan toimintatutkimusprosessin luominen, jossa opiskelijat, yhteisty\u00f6kumppanit, yhteisty\u00f6kumppanit ja muut asiaankuuluvat sidosryhm\u00e4t osallistuvat koulutusprosessiin ja hankkeen tuloksiin.<\/li>\r\n<li>Laaditaan konseptin arviointikehys, jossa k\u00e4ytet\u00e4\u00e4n osallistuvan toimintatutkimuksen menetelmi\u00e4.<\/li>\r\n<li>Koulutusprosessien toteuttaminen.<\/li>\r\n<li>Hyvien k\u00e4yt\u00e4nt\u00f6jen ohjeiden kehitt\u00e4minen hankeprosessin ja konseptin todentamisen pohjalta.<br \/><br \/><\/li>\r\n<\/ol>\r\n<p>Mielenterveys- ja p\u00e4ihdeongelmista k\u00e4rsiv\u00e4t ihmiset joutuvat usein syrj\u00e4ytyneeseen asemaan yhteis\u00f6iss\u00e4\u00e4n ja yhteiskunnassa yleens\u00e4, jossa kokemusten ja el\u00e4m\u00e4ntapojen moninaisuutta ei oteta huomioon. T\u00e4m\u00e4n seurauksena yhteis\u00f6n\/yhteiskunnan ja itsens\u00e4 leimaaminen ja syrjint\u00e4 aiheuttavat syrj\u00e4ytymist\u00e4, joka aiheuttaa vaikeuksia n\u00e4iss\u00e4 yhteis\u00f6iss\u00e4 oleville ihmisille.<\/p>\r\n<p>- kukoistaa;<\/p>\r\n<p>- yhteyden luominen yhteis\u00f6\u00f6n;<\/p>\r\n<p>- voittaa \"erilaisuus\";<\/p>\r\n<p>- saavuttaa yht\u00e4l\u00e4iset kansalaisoikeudet ja -mahdollisuudet.<\/p>\r\n<p>Lis\u00e4ksi nykyaikainen terveys.<\/p>","protected":false},"excerpt":{"rendered":"<p>Aim and Methodology This is an Erasmus+ Project-Cooperation partnership in adult education. This project aims to embed an emancipatory educational [&hellip;]<\/p>","protected":false},"author":1,"featured_media":0,"parent":0,"menu_order":0,"comment_status":"closed","ping_status":"closed","template":"","meta":{"om_disable_all_campaigns":false,"_monsterinsights_skip_tracking":false,"_monsterinsights_sitenote_active":false,"_monsterinsights_sitenote_note":"","_monsterinsights_sitenote_category":0,"footnotes":""},"class_list":["post-765","page","type-page","status-publish","hentry"],"aioseo_notices":[],"_links":{"self":[{"href":"https:\/\/eeefc.eu\/fi\/wp-json\/wp\/v2\/pages\/765","targetHints":{"allow":["GET"]}}],"collection":[{"href":"https:\/\/eeefc.eu\/fi\/wp-json\/wp\/v2\/pages"}],"about":[{"href":"https:\/\/eeefc.eu\/fi\/wp-json\/wp\/v2\/types\/page"}],"author":[{"embeddable":true,"href":"https:\/\/eeefc.eu\/fi\/wp-json\/wp\/v2\/users\/1"}],"replies":[{"embeddable":true,"href":"https:\/\/eeefc.eu\/fi\/wp-json\/wp\/v2\/comments?post=765"}],"version-history":[{"count":11,"href":"https:\/\/eeefc.eu\/fi\/wp-json\/wp\/v2\/pages\/765\/revisions"}],"predecessor-version":[{"id":2470,"href":"https:\/\/eeefc.eu\/fi\/wp-json\/wp\/v2\/pages\/765\/revisions\/2470"}],"wp:attachment":[{"href":"https:\/\/eeefc.eu\/fi\/wp-json\/wp\/v2\/media?parent=765"}],"curies":[{"name":"wp","href":"https:\/\/api.w.org\/{rel}","templated":true}]}}