{"id":717,"date":"2017-01-02T08:30:05","date_gmt":"2017-01-02T08:30:05","guid":{"rendered":"https:\/\/demo.themegrill.com\/flash-default-2\/?page_id=11"},"modified":"2017-01-02T08:30:05","modified_gmt":"2017-01-02T08:30:05","slug":"typografia","status":"publish","type":"page","link":"https:\/\/eeefc.eu\/fi\/typografia\/","title":{"rendered":"Typografia"},"content":{"rendered":"<h1>Otsikko yksi<\/h1>\n<h2>Otsikko kaksi<\/h2>\n<h3>Otsikko kolme<\/h3>\n<h4>Otsikko nelj\u00e4<\/h4>\n<h5>Otsikko viisi<\/h5>\n<h6>Otsikko kuusi<\/h6>\n<h2>Lainausmerkit<\/h2>\n<p>Yksirivinen blockquote:<\/p>\n<blockquote><p>Pysy n\u00e4lk\u00e4isen\u00e4. Pysyk\u00e4\u00e4 h\u00f6lm\u00f6in\u00e4.<\/p><\/blockquote>\n<p>Monirivinen blockquote, jossa on viittaus:<\/p>\n<blockquote><p>Ihmiset luulevat, ett\u00e4 keskittyminen tarkoittaa kyll\u00e4 sanomista asialle, johon on keskitytt\u00e4v\u00e4. Mutta se ei tarkoita sit\u00e4 lainkaan. Se tarkoittaa, ett\u00e4 sanotaan ei niille sadoille muille hyville ideoille, joita on olemassa. On valittava tarkkaan. Olen itse asiassa yht\u00e4 ylpe\u00e4 niist\u00e4 asioista, joita emme ole tehneet, kuin niist\u00e4, joita olen tehnyt. Innovaatio on kielt\u00e4ytymist\u00e4 tuhannesta asiasta. <cite>Steve Jobs - Applen maailmanlaajuinen kehitt\u00e4j\u00e4konferenssi, 1997<\/cite><\/p><\/blockquote>\n<h2>Taulukot<\/h2>\n<table>\n<tbody>\n<tr>\n<th>Ty\u00f6ntekij\u00e4<\/th>\n<th class=\"views\">Palkka<\/th>\n<th><\/th>\n<\/tr>\n<tr class=\"odd\">\n<td><a href=\"http:\/\/example.com\/\">Jane<\/a><\/td>\n<td>$1<\/td>\n<td>Koska Steve Job' ei tarvinnut muuta palkkaa.<\/td>\n<\/tr>\n<tr class=\"even\">\n<td><a href=\"http:\/\/example.com\">John<\/a><\/td>\n<td>$100K<\/td>\n<td>Kaikesta h\u00e4nen bloggaamisestaan.<\/td>\n<\/tr>\n<tr class=\"odd\">\n<td><a href=\"http:\/\/example.com\/\">Jane<\/a><\/td>\n<td>$100M<\/td>\n<td>Kuvat kertovat enemm\u00e4n kuin tuhat sanaa, eik\u00f6 niin? Joten Tom x 1000.<\/td>\n<\/tr>\n<tr class=\"even\">\n<td><a href=\"http:\/\/example.com\/\">Jane<\/a><\/td>\n<td>$100B<\/td>\n<td>Tuollaisilla hiuksilla?! Riitt\u00e4\u00e4 jo...<\/td>\n<\/tr>\n<\/tbody>\n<\/table>\n<h2><\/h2>\n<h2>M\u00e4\u00e4ritelm\u00e4luettelot<\/h2>\n<dl>\n<dt>M\u00e4\u00e4ritelm\u00e4 Luettelo Otsikko<\/dt>\n<dd>M\u00e4\u00e4ritelm\u00e4luettelon jako.<\/dd>\n<dt>K\u00e4ynnistys<\/dt>\n<dd>Startup-yritys tai startup-yritys on yritys tai v\u00e4liaikainen organisaatio, jonka tarkoituksena on etsi\u00e4 toistettavaa ja skaalautuvaa liiketoimintamallia.<\/dd>\n<dt>#dowork<\/dt>\n<dd>Rob Dyrdekin ja h\u00e4nen henkil\u00f6kohtaisen henkivartijansa Christopher \"Big Black\" Boykinsin keksim\u00e4 \"Do Work\" toimii itsemotivaattorina, joka motivoi yst\u00e4vi\u00e4si.<\/dd>\n<dt>Tee se liven\u00e4<\/dt>\n<dd>Annan Bill O'Reillyn tehd\u00e4 sen. <a title=\"Teemme sen liven\u00e4\" href=\"https:\/\/www.youtube.com\/watch?v=O_HyZ5aW76c\">selitt\u00e4\u00e4<\/a> t\u00e4m\u00e4.<\/dd>\n<\/dl>\n<h2><\/h2>\n<h2>J\u00e4rjest\u00e4m\u00e4tt\u00f6m\u00e4t luettelot (sis\u00e4kk\u00e4iset)<\/h2>\n<ul>\n<li>Luettelo kohta yksi\n<ul>\n<li>Luettelo kohta yksi\n<ul>\n<li>Luettelo kohta yksi<\/li>\n<li>Luettelon kohta kaksi<\/li>\n<li>Luettelon kolmas kohta<\/li>\n<li>Luettelon kohta nelj\u00e4<\/li>\n<\/ul>\n<\/li>\n<li>Luettelon kohta kaksi<\/li>\n<li>Luettelon kolmas kohta<\/li>\n<li>Luettelon kohta nelj\u00e4<\/li>\n<\/ul>\n<\/li>\n<li>Luettelon kohta kaksi<\/li>\n<li>Luettelon kolmas kohta<\/li>\n<li>Luettelon kohta nelj\u00e4<\/li>\n<\/ul>\n<h2><\/h2>\n<h2>J\u00e4rjestetty luettelo (sis\u00e4kk\u00e4inen)<\/h2>\n<ol>\n<li>Luettelo kohta yksi\n<ol>\n<li>Luettelo kohta yksi\n<ol>\n<li>Luettelo kohta yksi<\/li>\n<li>Luettelon kohta kaksi<\/li>\n<li>Luettelon kolmas kohta<\/li>\n<li>Luettelon kohta nelj\u00e4<\/li>\n<\/ol>\n<\/li>\n<li>Luettelon kohta kaksi<\/li>\n<li>Luettelon kolmas kohta<\/li>\n<li>Luettelon kohta nelj\u00e4<\/li>\n<\/ol>\n<\/li>\n<li>Luettelon kohta kaksi<\/li>\n<li>Luettelon kolmas kohta<\/li>\n<li>Luettelon kohta nelj\u00e4<\/li>\n<\/ol>\n<h2><\/h2>\n<h2>HTML-tunnisteet<\/h2>\n<p>N\u00e4m\u00e4 tuetut tunnisteet tulevat WordPress.com-koodista <a title=\"Koodi\" href=\"http:\/\/en.support.wordpress.com\/code\/\">FAQ<\/a>.<\/p>\n<p><strong>Osoitetunniste<\/strong><\/p>\n<address>1 \u00c4\u00e4ret\u00f6n silmukka<br \/>\nCupertino, CA 95014<br \/>\nYhdysvallat<\/address>\n<address>\u00a0<\/address>\n<p><strong>Anchor Tag (eli linkki)<\/strong><\/p>\n<p>T\u00e4m\u00e4 on esimerkki <a title=\"Apple\" href=\"http:\/\/apple.com\">linkki<\/a>.<\/p>\n<p><strong>Lyhenne Tag<\/strong><\/p>\n<p>Lyhenne <abbr title=\"Vakavasti\">srsly<\/abbr> tarkoittaa \"vakavasti\".<\/p>\n<p><strong>Lyhenne Tag<\/strong><\/p>\n<p>Lyhenne <acronym title=\"Voittoon\">ftw<\/acronym> tarkoittaa \"for the win\".<\/p>\n<p><strong>Big Tag<\/strong><\/p>\n<p>N\u00e4m\u00e4 testit ovat <big>iso<\/big> mutta t\u00e4t\u00e4 tagia ei en\u00e4\u00e4 tueta HTML5:ss\u00e4.<\/p>\n<p><strong>Mainitse tagi<\/strong><\/p>\n<p>\"Koodi on runoutta.\" -<cite>Automattic<\/cite><\/p>\n<p><strong>Koodi Tag<\/strong><\/p>\n<p>My\u00f6hemmin n\u00e4iss\u00e4 testeiss\u00e4 opit, ett\u00e4 <code>word-wrap: break-word;<\/code> on paras yst\u00e4v\u00e4si.<\/p>\n<p><strong>Poista tagi<\/strong><\/p>\n<p>T\u00e4m\u00e4n tunnisteen avulla voit <del>strikeout-teksti<\/del>, mutta t\u00e4t\u00e4 tagia ei en\u00e4\u00e4 tueta HTML5:ss\u00e4 (k\u00e4yt\u00e4 tagia <code>&lt;strike&gt;<\/code> sen sijaan).<\/p>\n<p><strong>Korosta tagi<\/strong><\/p>\n<p>Korostustunnisteen tulisi <em>kursivoi<\/em> teksti.<\/p>\n<p><strong>Lis\u00e4\u00e4 tagi<\/strong><\/p>\n<p>T\u00e4m\u00e4n tunnisteen pit\u00e4isi merkit\u00e4 <ins>lis\u00e4tty<\/ins> teksti.<\/p>\n<p><strong>N\u00e4pp\u00e4imist\u00f6 Tag<\/strong><\/p>\n<p>T\u00e4m\u00e4 tuskin tunnettu tunniste j\u00e4ljittelee <kbd>n\u00e4pp\u00e4imist\u00f6n teksti<\/kbd>, joka on yleens\u00e4 muotoiltu kuten <code><code><\/code> tag.<\/p>\n<p><strong>Esimuotoiltu tagi<\/strong><\/p>\n<p>T\u00e4m\u00e4 tagi tyylittelee suuria koodilohkoja.<\/p>\n<pre>.post-title {\n\tmargin: 0 0 5px;\n\tfont-weight: bold;\n\tfont-size: 38px;\n\tline-height: 1.2;\n}\n\n<\/pre>\n<p><strong>Lainausmerkki<\/strong><\/p>\n<p><q>Kehitt\u00e4j\u00e4t, kehitt\u00e4j\u00e4t, kehitt\u00e4j\u00e4t...<\/q> -Steve Ballmer<\/p>\n<p><strong>Vahva tagi<\/strong><\/p>\n<p>T\u00e4m\u00e4 tunniste n\u00e4ytt\u00e4\u00e4 <strong>lihavoitu teksti.<\/strong><\/p>\n<p><strong>Alaindeksi Tag<\/strong><\/p>\n<p>Tieteellisen muotoilun aloittaminen H<sub>2<\/sub>O, jonka pit\u00e4isi painaa \"2\" alasp\u00e4in.<\/p>\n<p><strong>Yl\u00e4tunnisteen tagi<\/strong><\/p>\n<p>Pit\u00e4ydyt\u00e4\u00e4n edelleen tieteess\u00e4 ja Isaac Newtonin E = MC:ss\u00e4.<sup>2<\/sup>, mink\u00e4 pit\u00e4isi nostaa 2 yl\u00f6s.<\/p>\n<p><strong>Telekirjoitusmerkki<\/strong><\/p>\n<p>T\u00e4m\u00e4 harvoin k\u00e4ytetty tunniste j\u00e4ljittelee <tt>tekstitelevisio<\/tt>, joka on yleens\u00e4 muotoiltu kuten <code><code><\/code> tag.<\/p>\n<p><strong>Muuttuja Tag<\/strong><\/p>\n<p>N\u00e4in voit merkit\u00e4 <var>muuttujat<\/var>.<\/p>","protected":false},"excerpt":{"rendered":"<p>Header one Header two Header three Header four Header five Header six Blockquotes Single line blockquote: Stay hungry. Stay foolish. [&hellip;]<\/p>","protected":false},"author":1,"featured_media":0,"parent":0,"menu_order":0,"comment_status":"closed","ping_status":"closed","template":"","meta":{"om_disable_all_campaigns":false,"_monsterinsights_skip_tracking":false,"_monsterinsights_sitenote_active":false,"_monsterinsights_sitenote_note":"","_monsterinsights_sitenote_category":0,"footnotes":""},"class_list":["post-717","page","type-page","status-publish","hentry"],"aioseo_notices":[],"_links":{"self":[{"href":"https:\/\/eeefc.eu\/fi\/wp-json\/wp\/v2\/pages\/717","targetHints":{"allow":["GET"]}}],"collection":[{"href":"https:\/\/eeefc.eu\/fi\/wp-json\/wp\/v2\/pages"}],"about":[{"href":"https:\/\/eeefc.eu\/fi\/wp-json\/wp\/v2\/types\/page"}],"author":[{"embeddable":true,"href":"https:\/\/eeefc.eu\/fi\/wp-json\/wp\/v2\/users\/1"}],"replies":[{"embeddable":true,"href":"https:\/\/eeefc.eu\/fi\/wp-json\/wp\/v2\/comments?post=717"}],"version-history":[{"count":0,"href":"https:\/\/eeefc.eu\/fi\/wp-json\/wp\/v2\/pages\/717\/revisions"}],"wp:attachment":[{"href":"https:\/\/eeefc.eu\/fi\/wp-json\/wp\/v2\/media?parent=717"}],"curies":[{"name":"wp","href":"https:\/\/api.w.org\/{rel}","templated":true}]}}