{"id":1819,"date":"2022-03-27T17:49:18","date_gmt":"2022-03-27T17:49:18","guid":{"rendered":"https:\/\/eeefc.eu\/?page_id=1819"},"modified":"2024-12-19T16:33:45","modified_gmt":"2024-12-19T14:33:45","slug":"the_team","status":"publish","type":"page","link":"https:\/\/eeefc.eu\/fi\/the_team\/","title":{"rendered":"Joukkue"},"content":{"rendered":"<p><img loading=\"lazy\" decoding=\"async\" class=\"alignnone wp-image-1827 size-full\" src=\"https:\/\/eeefc.eu\/wp-content\/uploads\/2022\/03\/Martha-Griffin-DCU.png\" alt=\"\" width=\"225\" height=\"300\" \/><\/p>\n<p>Martha Griffin - DCU<\/p>\n<hr \/>\n<p><img loading=\"lazy\" decoding=\"async\" class=\"alignnone size-full wp-image-1715\" src=\"https:\/\/eeefc.eu\/wp-content\/uploads\/2022\/03\/Team_Liam.png\" alt=\"\" width=\"230\" height=\"300\" \/><\/p>\n<p>L\u00edam Mac Gabhann on apulaisprofessori mielenterveysk\u00e4yt\u00e4nn\u00f6iss\u00e4 Dublinin kaupungin yliopiston hoitotieteen, psykoterapian ja yhteis\u00f6terveyden laitoksella. H\u00e4n on luennoitsija, mielenterveysalan ammattilainen ja yhteis\u00f6aktivisti. Yhdess\u00e4 laajan kollegaryhm\u00e4ns\u00e4 kanssa h\u00e4nen p\u00e4\u00e4tutkimusohjelmansa keskittyy seuraaviin aihepiireihin<em>Muuttuvat vuoropuhelut mielenterveysyhteis\u00f6iss\u00e4<\/em>`. Suuri osa t\u00e4st\u00e4 ty\u00f6st\u00e4 keskittyy siihen, ett\u00e4 ihmiset sovittavat yhteen omia kokemuksiaan, k\u00e4sityksi\u00e4\u00e4n ja k\u00e4yt\u00e4nt\u00f6j\u00e4\u00e4n muiden mielenterveyteen liittyvien ihmisten\/ryhmien kanssa ja k\u00e4ytt\u00e4v\u00e4t erilaisia l\u00e4hestymistapoja niiden parantamiseksi yksil\u00f6-, ryhm\u00e4-, organisaatio- ja yhteis\u00f6tasolla. Esimerkkej\u00e4 merkityksellisist\u00e4 aloista ovat: kun ihmisill\u00e4 on poikkeuksellisia kokemuksia ja uskomuksia; kun yhteiskunta ja yhteis\u00f6 eiv\u00e4t anna ihmisille oikeuksia; sek\u00e4 traumat ja traumaattisiin tapahtumiin reagoiminen.  L\u00e4hestymistapoja ovat muun muassa yhteistoiminnallinen oppiminen, osallistava toiminta, avoin vuoropuhelu ja systeeminen perhety\u00f6skentely. Yhdess\u00e4 Paddy McGowanin, laajennetun tiimin ja paikallisten yhteis\u00f6ryhmien kanssa Mental Health Trialogue Network Ireland (<a href=\"http:\/\/www.trialogue.co\/\">www.trialogue.co<\/a>) perustettiin vuonna 2010. Siin\u00e4 paikalliset yhteis\u00f6ryhm\u00e4t, jotka koostuvat mielenterveyspalvelujen k\u00e4ytt\u00e4jist\u00e4, hoitajista, palveluntarjoajista ja kiinnostuneista yhteis\u00f6n j\u00e4senist\u00e4, j\u00e4rjest\u00e4v\u00e4t kuukausittain avoimia keskustelutilaisuuksia (Trialogue), joiden tarkoituksena on lis\u00e4t\u00e4 ihmisten ymm\u00e4rryst\u00e4 mielenterveysongelmista k\u00e4rsivist\u00e4 ihmisist\u00e4 ja heid\u00e4n suhtautumistaan heihin omissa yhteis\u00f6iss\u00e4\u00e4n.<\/p>\n<hr \/>\n<div><img loading=\"lazy\" decoding=\"async\" class=\"alignnone size-medium wp-image-2401\" src=\"https:\/\/eeefc.eu\/wp-content\/uploads\/2024\/12\/Triona-300x300.jpg\" alt=\"\" width=\"300\" height=\"300\" srcset=\"https:\/\/eeefc.eu\/wp-content\/uploads\/2024\/12\/Triona-300x300.jpg 300w, https:\/\/eeefc.eu\/wp-content\/uploads\/2024\/12\/Triona-150x150.jpg 150w, https:\/\/eeefc.eu\/wp-content\/uploads\/2024\/12\/Triona-12x12.jpg 12w, https:\/\/eeefc.eu\/wp-content\/uploads\/2024\/12\/Triona.jpg 338w\" sizes=\"auto, (max-width: 300px) 100vw, 300px\" \/><\/div>\n<div>\u00a0<\/div>\n<div class=\"elementToProof\">Triona Byrne<\/div>\n<div class=\"elementToProof\">\u00a0<\/div>\n<div class=\"elementToProof\">Recovery Community Development -vastaava\u00a0<\/div>\n<div class=\"elementToProof\">\u00a0<\/div>\n<div class=\"elementToProof\">Recovery Academy of Ireland<\/div>\n<div class=\"elementToProof\">\u00a0<\/div>\n<p class=\"elementToProof\">Triona on koulutukseltaan yhteis\u00f6- ja nuorisoty\u00f6ntekij\u00e4, ja h\u00e4n valmistui Maynoothin yliopistosta vuonna 2022. Yhteis\u00f6kehityksen n\u00e4k\u00f6kulmasta Tr\u00edona on vahvasti sit\u00e4 mielt\u00e4, ett\u00e4 prosessi on yht\u00e4 t\u00e4rke\u00e4, ellei jopa t\u00e4rke\u00e4mpi kuin p\u00e4\u00e4m\u00e4\u00e4r\u00e4, kun halutaan saada aikaan muutosta yksil\u00f6ille ja yhteis\u00f6ille. H\u00e4n on sitoutunut k\u00e4ytt\u00e4m\u00e4\u00e4n t\u00e4t\u00e4 l\u00e4hestymistapaa solidaarisuuden rakentamiseen yhteis\u00f6iss\u00e4, jotta ne voivat toimia kollektiivisesti muutoksen puolesta. Triona ty\u00f6skentelee Recovery Academy -akatemian kanssa Recovery Community Development -vastaavana. T\u00e4ss\u00e4 teht\u00e4v\u00e4ss\u00e4 Triona k\u00e4ytt\u00e4\u00e4 taitojaan ja tiet\u00e4myst\u00e4\u00e4n yhteis\u00f6jen kehitt\u00e4misk\u00e4yt\u00e4nn\u00f6ist\u00e4 rakentaakseen yhteis\u00f6\u00e4, joka tukee ja juhlii toipumista edist\u00e4m\u00e4ll\u00e4 toipumisaloitteita. K\u00e4ytt\u00e4m\u00e4ll\u00e4 yhteis\u00f6llisyyden kehitt\u00e4misen periaatteita, joita ovat kollektiivisuus, osallistuminen ja yhteis\u00f6n voimaannuttaminen, Triona pyrkii kokoamaan yhteis\u00f6n yhteen, jotta yksil\u00f6t ja perheenj\u00e4senet voivat saada yhteis\u00f6n laajuista tukea toipumisen tielle l\u00e4htiess\u00e4\u00e4n. Viime k\u00e4dess\u00e4 tavoitteena on henkil\u00f6kohtaisen ja yhteis\u00f6n toipumisp\u00e4\u00e4oman rakentaminen. Triona on intohimoinen lopettamaan leimautumisen henkil\u00f6ille, jotka ovat tai ovat kokeneet p\u00e4ihde- ja mielenterveysongelmia, ja h\u00e4n uskoo, ett\u00e4 t\u00e4m\u00e4 voidaan tehd\u00e4 tekem\u00e4ll\u00e4 toipuminen n\u00e4kyv\u00e4ksi.<\/p>\n<hr \/>\n<p><img loading=\"lazy\" decoding=\"async\" class=\"alignnone size-full wp-image-2255\" src=\"https:\/\/eeefc.eu\/wp-content\/uploads\/2024\/06\/claire-230x300-1.jpg\" alt=\"\" width=\"230\" height=\"300\" \/><\/p>\n<p class=\"elementToProof\">Claire Naughton nimitettiin \u00e4skett\u00e4in RAI:n kansalliseksi koordinaattoriksi.<\/p>\n<div class=\"elementToProof\">\n<p class=\"ContentPasted3 elementToProof\">Claire on ty\u00f6skennellyt pitk\u00e4\u00e4n yhteis\u00f6n ja vapaaehtoisten riippuvuuspalveluissa, joissa on keskitytty erityisesti naisiin ja lapsiin.<\/p>\n<p class=\"ContentPasted3 elementToProof\">Claire on innokas toipumisen edist\u00e4misen ja leimautumisen haastamisen puolestapuhuja.<\/p>\n<\/div>\n<hr \/>\n<p><img loading=\"lazy\" decoding=\"async\" class=\"alignnone size-medium wp-image-2405\" src=\"https:\/\/eeefc.eu\/wp-content\/uploads\/2024\/12\/Bernard-253x300.jpg\" alt=\"\" width=\"253\" height=\"300\" srcset=\"https:\/\/eeefc.eu\/wp-content\/uploads\/2024\/12\/Bernard-253x300.jpg 253w, https:\/\/eeefc.eu\/wp-content\/uploads\/2024\/12\/Bernard-10x12.jpg 10w, https:\/\/eeefc.eu\/wp-content\/uploads\/2024\/12\/Bernard.jpg 621w\" sizes=\"auto, (max-width: 253px) 100vw, 253px\" \/><\/p>\n<p>Bernard Jhon Bikai<\/p>\n<p>Yhdistys Chaque Jour Compte<\/p>\n<p>Ranska<\/p>\n<p class=\"font_8 wixui-rich-text__text\"><span class=\"wixui-rich-text__text\">Monipuolisen asiantuntemuksensa ansiosta Bernard on erikoistunut urheilutapahtumien j\u00e4rjest\u00e4miseen, urheiluj\u00e4rjest\u00f6jen strategiseen johtamiseen ja sosiaalipolitiikan arviointiin. H\u00e4nen taustaansa kuuluu voittoa tavoittelemattomien organisaatioiden verkoston ja tukij\u00e4rjestelmien perusteellinen tuntemus sek\u00e4 vankka kokemus ty\u00f6skentelyst\u00e4 vaikeuksissa olevien ihmisten kanssa.\u00a0 <\/span><span class=\"wixui-rich-text__text\">H\u00e4n on sitoutunut lasten ja vammaisten suojeluun ja tarjoaa alaik\u00e4isille ja nuorille aikuisille sosiaalipedagogista tukea sek\u00e4 j\u00e4rjest\u00e4\u00e4 urheilu- ja kulttuurihankkeita. Bernard on jo vuosien ajan sitoutunut edist\u00e4m\u00e4\u00e4n vaikeuksissa olevien nuorten sopeutumista yhteiskuntaan ja heid\u00e4n henkil\u00f6kohtaista kehityst\u00e4\u00e4n.<\/span><\/p>\n<hr \/>\n<p data-wp-editing=\"1\"><img loading=\"lazy\" decoding=\"async\" class=\"alignnone size-full wp-image-2254\" src=\"https:\/\/eeefc.eu\/wp-content\/uploads\/2024\/06\/Sabine-230x300-1.jpg\" alt=\"\" width=\"230\" height=\"300\" \/><\/p>\n<p>Sabine Dick<\/p>\n<p>Yhdistys Chaque Jour Compte<\/p>\n<p>Ranska<\/p>\n<p>Sabine Dick on systeeminen neuvonantaja, konsultti ja puolestapuhuja, joka on ty\u00f6skennellyt vertaisjohtoisissa ja yhteisty\u00f6hankkeissa yli 20 vuotta. H\u00e4n on opiskellut sosiologiaa, englantilaista filologiaa ja etnologiaa Trieriss\u00e4 ja Berliiniss\u00e4 Saksassa ja kouluttautunut sittemmin systeemiseen terapiaan, traumaterapiaan, tarkoitukselliseen vertaistukeen, systeemiseen ja perhekonstellaatioon. H\u00e4n toimi sosiaality\u00f6ntekij\u00e4n\u00e4 karkurikodissa \"Villa St\u00f6ckle\", antipsykiatrisessa laitoksessa Berliiniss\u00e4, ja t\u00e4m\u00e4 on muokannut h\u00e4nen polkuaan syv\u00e4sti. Vuonna 2018 h\u00e4n tuli ty\u00f6skentelem\u00e4\u00e4n Marseilleen, Ranskaan, jossa h\u00e4n tutustui tarkemmin Open Dialogueen. H\u00e4n ty\u00f6skentelee nyt Association<em> Chaque Jour Compte<\/em>, joka harrastaa urheilua, hyvinvointia, vammaisuutta \/ kroonisia sairauksia ja osallisuutta.<\/p>\n<hr \/>\n<p><img loading=\"lazy\" decoding=\"async\" class=\"alignnone size-full wp-image-1778\" src=\"https:\/\/eeefc.eu\/wp-content\/uploads\/2022\/03\/Team_Liisa-kallio_EVIPRO.png\" alt=\"\" width=\"230\" height=\"300\" \/><\/p>\n<p><span lang=\"en-US\">Liisa Kallio<\/span><\/p>\n<p><span lang=\"en-US\">M.Soc.Sc, Suomi, liisa.kallio(at)evipro.fi <\/span><\/p>\n<p><span lang=\"en-US\">Ammatillinen taustani on yhteiskuntatieteiss\u00e4, ja olen ty\u00f6skennellyt paljon p\u00e4ihdehoidon sek\u00e4 johtamisen ja hallinnon parissa. Uskon yhteis\u00f6jen ja vertaistuen voimaan sek\u00e4 toipumisorientoituneisiin k\u00e4yt\u00e4nt\u00f6ihin. Nyky\u00e4\u00e4n ty\u00f6skentelen ammatillisena valmentajana ja ohjaajana sek\u00e4 tapahtumatuottajana.<\/span><\/p>\n<hr \/>\n<p><img loading=\"lazy\" decoding=\"async\" class=\"alignnone size-full wp-image-1777\" src=\"https:\/\/eeefc.eu\/wp-content\/uploads\/2022\/03\/Team_Lauri-Kuosmanen_-EVIPRO.png\" alt=\"\" width=\"230\" height=\"300\" \/><\/p>\n<p><span lang=\"en-US\">Lauri Kuosmanen<\/span><\/p>\n<p><span lang=\"en-US\">Adjunct Professor, PhD, RN, FEANS, komitean j\u00e4sen, Suomi, lauri.kuosmanen(at)evipro.fi<\/span><\/p>\n<p><span lang=\"en-US\">Ammatillinen taustani on mielenterveyshoitaja, ja minulla on ty\u00f6kokemusta terveydenhuollon eri teht\u00e4vist\u00e4 jo 30 vuoden ajalta. Olen v\u00e4itellyt hoitotieteen tohtoriksi vuonna 2009 ja saanut dosentin arvonimen (apulaisprofessori) vuonna 2013. Tutkimukselliset kiinnostukseni liittyv\u00e4t bioetiikkaan, ihmisoikeuksiin, digitalisaatioon ja terveyspalvelujen arviointiin. Evipron lis\u00e4ksi ty\u00f6skentelen yliopistonlehtorina It\u00e4-Suomen yliopistossa, hoitotieteen laitoksella.<\/span><\/p>\n<hr \/>\n<p><img loading=\"lazy\" decoding=\"async\" class=\"alignnone size-full wp-image-1717\" src=\"https:\/\/eeefc.eu\/wp-content\/uploads\/2022\/03\/Team_Stephen.png\" alt=\"\" width=\"230\" height=\"300\" \/><\/p>\n<p>Stephen Finlayson<\/p>\n<p>Penumbra<\/p>\n<p>Skotlanti<\/p>\n<hr \/>\n\n\n<figure class=\"wp-block-image size-large is-resized\"><img loading=\"lazy\" decoding=\"async\" width=\"1024\" height=\"1024\" src=\"https:\/\/eeefc.eu\/wp-content\/uploads\/2023\/05\/Nikki-Kilburn-Bio-Pic-1024x1024.jpg\" alt=\"\" class=\"wp-image-2159\" style=\"width:236px;height:auto\" srcset=\"https:\/\/eeefc.eu\/wp-content\/uploads\/2023\/05\/Nikki-Kilburn-Bio-Pic-1024x1024.jpg 1024w, https:\/\/eeefc.eu\/wp-content\/uploads\/2023\/05\/Nikki-Kilburn-Bio-Pic-300x300.jpg 300w, https:\/\/eeefc.eu\/wp-content\/uploads\/2023\/05\/Nikki-Kilburn-Bio-Pic-150x150.jpg 150w, https:\/\/eeefc.eu\/wp-content\/uploads\/2023\/05\/Nikki-Kilburn-Bio-Pic-768x768.jpg 768w, https:\/\/eeefc.eu\/wp-content\/uploads\/2023\/05\/Nikki-Kilburn-Bio-Pic-1536x1536.jpg 1536w, https:\/\/eeefc.eu\/wp-content\/uploads\/2023\/05\/Nikki-Kilburn-Bio-Pic-2048x2048.jpg 2048w\" sizes=\"auto, (max-width: 1024px) 100vw, 1024px\" \/><\/figure>\n\n\n\n<p>Nikki Kilburn<\/p>\n\n\n\n<p>Penumbra<\/p>\n\n\n\n<p>Skotlanti<\/p>\n\n\n\n<hr class=\"wp-block-separator has-alpha-channel-opacity is-style-wide\"\/>\n\n\n\n<figure class=\"wp-block-image\"><img loading=\"lazy\" decoding=\"async\" width=\"225\" height=\"300\" src=\"https:\/\/eeefc.eu\/wp-content\/uploads\/2022\/05\/Siobhan-Russell.png\" alt=\"\" class=\"wp-image-2109\"\/><\/figure>\n\n\n\n<p>Tohtori Siobh\u00e1n Russell&nbsp;<\/p>\n\n\n\n<p>Apulaisprofessori, mielenterveys ja hoitoty\u00f6<\/p>\n\n\n\n<p>School of Nursing, psykoterapia ja yhteis\u00f6n terveysalan koulutusohjelma<\/p>\n\n\n\n<p>Dublinin kaupungin yliopisto<\/p>\n\n\n\n<hr class=\"wp-block-separator has-alpha-channel-opacity is-style-wide\"\/>\n\n\n\n<figure class=\"wp-block-image\"><img loading=\"lazy\" decoding=\"async\" width=\"225\" height=\"300\" src=\"https:\/\/eeefc.eu\/wp-content\/uploads\/2022\/05\/Mary-Farrelly.png\" alt=\"\" class=\"wp-image-2108\"\/><\/figure>\n\n\n\n<p>Tohtori Mary Farrelly<\/p>\n\n\n\n<p>Olen mielenterveyshoitoty\u00f6n apulaisprofessori Dublin Cityn yliopistossa ja Dublin North\/North East Recovery College -tiimin j\u00e4sen.  Olen ty\u00f6skennellyt mielenterveyspalveluissa eri teht\u00e4viss\u00e4 ennen siirtymist\u00e4ni koulutukseen.  Olen my\u00f6s Hearing Voices Network Ireland -verkoston fasilitaattori.<\/p>\n\n\n\n<hr class=\"wp-block-separator has-alpha-channel-opacity is-style-wide\"\/>\n\n\n\n<figure class=\"wp-block-image\"><img loading=\"lazy\" decoding=\"async\" width=\"350\" height=\"263\" src=\"https:\/\/eeefc.eu\/wp-content\/uploads\/2022\/05\/Mark-Philbin.png\" alt=\"\" class=\"wp-image-2106\" srcset=\"https:\/\/eeefc.eu\/wp-content\/uploads\/2022\/05\/Mark-Philbin.png 350w, https:\/\/eeefc.eu\/wp-content\/uploads\/2022\/05\/Mark-Philbin-300x225.png 300w\" sizes=\"auto, (max-width: 350px) 100vw, 350px\" \/><\/figure>\n\n\n\n<p>Tohtori Mark Philbin<\/p>\n\n\n\n<p>Terveyden ja yhteiskunnan lehtori<\/p>\n\n\n\n<p>School of Nursing, psykoterapia ja yhteis\u00f6n terveysalan koulutusohjelma<\/p>\n\n\n\n<p>Dublinin kaupungin yliopisto<\/p>\n\n\n\n<p>Dublin 9<\/p>\n\n\n\n<hr class=\"wp-block-separator has-alpha-channel-opacity is-style-wide\"\/>\n\n\n\n<figure class=\"wp-block-image size-large is-resized\"><img loading=\"lazy\" decoding=\"async\" width=\"768\" height=\"1024\" src=\"https:\/\/eeefc.eu\/wp-content\/uploads\/2023\/04\/Chris-ODonell-768x1024.jpg\" alt=\"\" class=\"wp-image-2148\" style=\"width:254px;height:auto\" srcset=\"https:\/\/eeefc.eu\/wp-content\/uploads\/2023\/04\/Chris-ODonell-768x1024.jpg 768w, https:\/\/eeefc.eu\/wp-content\/uploads\/2023\/04\/Chris-ODonell-225x300.jpg 225w, https:\/\/eeefc.eu\/wp-content\/uploads\/2023\/04\/Chris-ODonell-1152x1536.jpg 1152w, https:\/\/eeefc.eu\/wp-content\/uploads\/2023\/04\/Chris-ODonell-1536x2048.jpg 1536w, https:\/\/eeefc.eu\/wp-content\/uploads\/2023\/04\/Chris-ODonell-scaled.jpg 1920w\" sizes=\"auto, (max-width: 768px) 100vw, 768px\" \/><\/figure>\n\n\n\n<p>Chris O'Donell<\/p>\n\n\n\n<p>Chris toimi vertaistukihenkil\u00f6n\u00e4 asunnottomuuden, traumojen ja riippuvuuksien parissa. H\u00e4nell\u00e4 oli kielitieteen ja journalismin tausta, ja h\u00e4n oli kiinnostunut parantumisesta yhteyden ja huumorin kautta.<\/p>\n\n\n\n<p><a href=\"https:\/\/recoverycollege.ie\/angel-of-the-street-ascends\/\" title=\"\">https:\/\/recoverycollege.ie\/angel-of-the-street-ascends\/<\/a><\/p>","protected":false},"excerpt":{"rendered":"<p>Martha Griffin &#8211; DCU L\u00edam Mac Gabhann is Associate Professor, in Mental Health Practice at the School of Nursing, Psychotherapy [&hellip;]<\/p>","protected":false},"author":1,"featured_media":0,"parent":0,"menu_order":0,"comment_status":"closed","ping_status":"closed","template":"","meta":{"om_disable_all_campaigns":false,"_monsterinsights_skip_tracking":false,"_monsterinsights_sitenote_active":false,"_monsterinsights_sitenote_note":"","_monsterinsights_sitenote_category":0,"footnotes":""},"class_list":["post-1819","page","type-page","status-publish","hentry"],"aioseo_notices":[],"_links":{"self":[{"href":"https:\/\/eeefc.eu\/fi\/wp-json\/wp\/v2\/pages\/1819","targetHints":{"allow":["GET"]}}],"collection":[{"href":"https:\/\/eeefc.eu\/fi\/wp-json\/wp\/v2\/pages"}],"about":[{"href":"https:\/\/eeefc.eu\/fi\/wp-json\/wp\/v2\/types\/page"}],"author":[{"embeddable":true,"href":"https:\/\/eeefc.eu\/fi\/wp-json\/wp\/v2\/users\/1"}],"replies":[{"embeddable":true,"href":"https:\/\/eeefc.eu\/fi\/wp-json\/wp\/v2\/comments?post=1819"}],"version-history":[{"count":17,"href":"https:\/\/eeefc.eu\/fi\/wp-json\/wp\/v2\/pages\/1819\/revisions"}],"predecessor-version":[{"id":2426,"href":"https:\/\/eeefc.eu\/fi\/wp-json\/wp\/v2\/pages\/1819\/revisions\/2426"}],"wp:attachment":[{"href":"https:\/\/eeefc.eu\/fi\/wp-json\/wp\/v2\/media?parent=1819"}],"curies":[{"name":"wp","href":"https:\/\/api.w.org\/{rel}","templated":true}]}}