{"id":1551,"date":"2022-03-05T13:18:20","date_gmt":"2022-03-05T13:18:20","guid":{"rendered":"https:\/\/eeefc.eu\/?page_id=1551"},"modified":"2024-12-14T18:56:27","modified_gmt":"2024-12-14T16:56:27","slug":"yhteistyokumppanit","status":"publish","type":"page","link":"https:\/\/eeefc.eu\/fi\/yhteistyokumppanit\/","title":{"rendered":"Kumppanit"},"content":{"rendered":"<div id=\"pl-1551\" class=\"panel-layout\">\r\n<div id=\"pg-1551-0\" class=\"panel-grid panel-no-style\" data-style=\"{&quot;background_image_attachment&quot;:false,&quot;background_display&quot;:&quot;tile&quot;,&quot;cell_alignment&quot;:&quot;flex-start&quot;}\" data-ratio=\"1\" data-ratio-direction=\"right\">\r\n<div id=\"pgc-1551-0-0\" class=\"panel-grid-cell\" data-weight=\"1\">\r\n<div id=\"panel-1551-0-0-0\" class=\"so-panel widget widget_text panel-first-child panel-last-child\" data-index=\"0\" data-style=\"{&quot;background_image_attachment&quot;:false,&quot;background_display&quot;:&quot;tile&quot;}\">\r\n<h3>Recovery Academy Irlanti<\/h3>\r\n<h3 class=\"textwidget\"><img loading=\"lazy\" decoding=\"async\" class=\"size-full wp-image-1774 alignleft\" src=\"https:\/\/eeefc.eu\/wp-content\/uploads\/2022\/03\/Logo-Recovery_H.png\" alt=\"\" width=\"325\" height=\"233\" srcset=\"https:\/\/eeefc.eu\/wp-content\/uploads\/2022\/03\/Logo-Recovery_H.png 325w, https:\/\/eeefc.eu\/wp-content\/uploads\/2022\/03\/Logo-Recovery_H-300x215.png 300w\" sizes=\"auto, (max-width: 325px) 100vw, 325px\" \/><\/h3>\r\n<\/div>\r\n<\/div>\r\n<\/div>\r\n<\/div>\r\n<p>&nbsp;<\/p>\r\n<p>Recovery Academy Ireland on yhteisty\u00f6j\u00e4rjest\u00f6\/hyv\u00e4ntekev\u00e4isyysj\u00e4rjest\u00f6, joka kuuluu laajempaan kansainv\u00e4liseen j\u00e4rjest\u00f6jen verkostoon, joka edist\u00e4\u00e4 toipumisen n\u00e4kyvyytt\u00e4 ja haastaa leimautumista. Sen ensisijaisena tavoitteena on edist\u00e4\u00e4 ja tukea aktiivista ja kest\u00e4v\u00e4\u00e4 toipumista riippuvuudesta k\u00e4rsiville ihmisille, heid\u00e4n perheilleen ja yst\u00e4villeen sek\u00e4 toimia toipuvien puolesta. Recovery Academy Irelandin teht\u00e4v\u00e4n\u00e4 on aloittaa t\u00e4m\u00e4 kulttuurinen muutos ja suunnata palvelut uudelleen pelk\u00e4n haittojen v\u00e4hent\u00e4misen sijaan kohti toipumismallia. Akatemia pyrkii t\u00e4h\u00e4n edist\u00e4m\u00e4ll\u00e4 toipuvien el\u00e4m\u00e4\u00e4, joka on t\u00e4ynn\u00e4 t\u00e4yttymyst\u00e4, hyvinvointia ja t\u00e4ysipainoista osallistumista yhteiskuntaan, joka on riippumaton riippuvuuspalveluista ja jossa keskityt\u00e4\u00e4n enemm\u00e4n yksil\u00f6iden ja yhteis\u00f6jen toipumisp\u00e4\u00e4oman rakentamiseen.<\/p>\r\n<p><a href=\"http:\/\/www.recoveryacademyireland.ie\">http:\/\/www.recoveryacademyireland.ie<\/a><\/p>\r\n<hr \/>\r\n<h3>DNNERC<\/h3>\r\n<p><img loading=\"lazy\" decoding=\"async\" class=\"size-full wp-image-1497 alignleft\" src=\"https:\/\/eeefc.eu\/wp-content\/uploads\/2022\/03\/Logo-DNNERC_H.png\" alt=\"\" width=\"325\" height=\"233\" srcset=\"https:\/\/eeefc.eu\/wp-content\/uploads\/2022\/03\/Logo-DNNERC_H.png 325w, https:\/\/eeefc.eu\/wp-content\/uploads\/2022\/03\/Logo-DNNERC_H-300x215.png 300w\" sizes=\"auto, (max-width: 325px) 100vw, 325px\" \/><\/p>\r\n<p>Dublin North, North East Recovery College tarjoaa transformatiivista mielenterveyskuntoutumiskoulutusta aikuisille ja nuorille p\u00e4\u00e4asiassa Pohjois-Dublinin, Louthin ja Meathin alueilla Irlannissa, mutta toiminta on laajentunut muualle Irlantiin. Recovery College tarjoaa voimaannuttavaa ja transformatiivista toipumiseen perustuvaa koulutusta kaikille, jotka ovat kiinnostuneita mielenterveyden ja p\u00e4ihteiden v\u00e4\u00e4rink\u00e4yt\u00f6n toipumisesta.  Recovery Collegen ty\u00f6 perustuu yhteistuotantoon perustuvaan l\u00e4hestymistapaan, jossa yhdistyv\u00e4t toipumisen, aikuiskoulutuksen, ihmisoikeuksien ja yhteis\u00f6n kehitt\u00e4misen periaatteet.<\/p>\r\n<p><a href=\"http:\/\/www.recoverycollege.ie\">http:\/\/www.recoverycollege.ie\u00a0<\/a><\/p>\r\n<hr \/>\r\n<h3 class=\"widget-title\"><span style=\"font-size: revert;\">Evipro<\/span><\/h3>\r\n<p><img loading=\"lazy\" decoding=\"async\" class=\"alignleft wp-image-2095 size-medium\" src=\"https:\/\/eeefc.eu\/wp-content\/uploads\/2022\/04\/Logo-Evipro-e1651146948964-300x96.jpg\" alt=\"\" width=\"300\" height=\"96\" srcset=\"https:\/\/eeefc.eu\/wp-content\/uploads\/2022\/04\/Logo-Evipro-e1651146948964-300x96.jpg 300w, https:\/\/eeefc.eu\/wp-content\/uploads\/2022\/04\/Logo-Evipro-e1651146948964.jpg 569w\" sizes=\"auto, (max-width: 300px) 100vw, 300px\" \/>(Evidence-based Professionals) Yrityksell\u00e4 on kokemusta konferenssien, seminaarien ja opintok\u00e4yntien kaltaisten tapahtumien j\u00e4rjest\u00e4misest\u00e4 ammattilaisille, jotta voidaan tarjota foorumeita, joissa voidaan oppia ja keskustella yhdess\u00e4. Evipro tarjoaa neuvonta- ja konsultointipalveluja sosiaali- ja terveyspalvelujen alalla. Yrityksen kouluttajilla on laaja kokemus k\u00e4yt\u00e4nn\u00f6n ty\u00f6st\u00e4, johtamisesta, hallinnosta, suunnittelusta ja tutkimuksesta erityisesti mielenterveys- ja riippuvuusalalla. Palvelujen k\u00e4ytt\u00e4jien ja asiantuntijoiden \u00e4\u00e4ni kokemuksen ja toipumisen kautta on l\u00e4sn\u00e4 Evipron ty\u00f6ss\u00e4. Evipro tarjoaa konsultointia, ohjausta, r\u00e4\u00e4t\u00e4l\u00f6ity\u00e4 koulutusta ja opetusta julkisen sektorin ammattilaisille, kansalaisj\u00e4rjest\u00f6ille, yksityisille yrityksille, kouluille ja muille laitoksille. Henkil\u00f6st\u00f6- ja johtamiskoulutusta ja valmennusta tarjoavat my\u00f6s akkreditoidut valvojamme ja valmentajamme. Evipro on Euroopan mielenterveyskonferenssien virallinen j\u00e4rjest\u00e4j\u00e4. <a href=\"https:\/\/www.ecmh.eu\">www.ecmh.eu<\/a>.<\/p>\r\n<p><a href=\"http:\/\/www.evipro.fi\">http:\/\/www.evipro.fi<\/a><\/p>\r\n<hr \/>\r\n<h3 class=\"textwidget\">Chaque Jour Compte<\/h3>\r\n<div><img loading=\"lazy\" decoding=\"async\" class=\"wp-image-2132 alignleft\" src=\"https:\/\/eeefc.eu\/wp-content\/uploads\/2023\/03\/cjc_logo_y_vf_2022.png\" alt=\"\" width=\"230\" height=\"206\" \/><\/div>\r\n<div>\r\n<p><em>Chaque Jour Compte<\/em> (<em>Jokainen p\u00e4iv\u00e4 on t\u00e4rke\u00e4<\/em>) on ruohonjuuritason terveysaktivistien yhdistys, joka edist\u00e4\u00e4 vaihtoehtoisia mielenterveysratkaisuja. Tarjontaamme kuuluu liikuntaa ja retki\u00e4, yksil\u00f6llist\u00e4 tukea, ammatillista tukea, koulutusta, edunvalvontaa ja tutkimusta. Chaque Jour Compte -yhdistyksen perusti vuonna 2019 Bernard Bikai, entinen Ranskan kansallinen ammattinyrkkeilymestari, erityispedagogi ja urheilukouluttaja, joka taisteli saadakseen \"sairaan\" l\u00e4heisens\u00e4 pois psykiatrisesta sairaalasta. Tavoitteenamme on parantaa tukemiemme ihmisten jokap\u00e4iv\u00e4ist\u00e4 el\u00e4m\u00e4\u00e4. Meit\u00e4 ohjaavat arvokkuus, suhteellisuus, sosiaalisuus, emansipaatio ja autonomia.<\/p>\r\n<p>&nbsp;<\/p>\r\n<a href=\"https:\/\/www.chaquejourcompte13.fr\/\">https:\/\/www.chaquejourcompte13.fr\/<\/a><\/div>\r\n<div><br \/><hr \/><\/div>\r\n<p><!-- \/wp:post-content --><\/p>\r\n<!-- wp:image {\"id\":2158,\"width\":434,\"height\":91} -->\r\n<h3 class=\"wp-block-image is-resized\">Penumbra<\/h3>\r\n<figure class=\"wp-block-image is-resized\"><img loading=\"lazy\" decoding=\"async\" class=\"wp-image-2158 alignleft\" src=\"https:\/\/eeefc.eu\/wp-content\/uploads\/2023\/05\/Penumbra-Logos-RGB_RGB-Penumbra-Colour-Logo.png\" alt=\"\" width=\"316\" height=\"67\" srcset=\"https:\/\/eeefc.eu\/wp-content\/uploads\/2023\/05\/Penumbra-Logos-RGB_RGB-Penumbra-Colour-Logo.png 4961w, https:\/\/eeefc.eu\/wp-content\/uploads\/2023\/05\/Penumbra-Logos-RGB_RGB-Penumbra-Colour-Logo-300x64.png 300w, https:\/\/eeefc.eu\/wp-content\/uploads\/2023\/05\/Penumbra-Logos-RGB_RGB-Penumbra-Colour-Logo-1024x217.png 1024w, https:\/\/eeefc.eu\/wp-content\/uploads\/2023\/05\/Penumbra-Logos-RGB_RGB-Penumbra-Colour-Logo-768x163.png 768w, https:\/\/eeefc.eu\/wp-content\/uploads\/2023\/05\/Penumbra-Logos-RGB_RGB-Penumbra-Colour-Logo-1536x326.png 1536w, https:\/\/eeefc.eu\/wp-content\/uploads\/2023\/05\/Penumbra-Logos-RGB_RGB-Penumbra-Colour-Logo-2048x435.png 2048w\" sizes=\"auto, (max-width: 316px) 100vw, 316px\" \/><\/figure>\r\n<!-- \/wp:image -->\r\n\r\n<!-- wp:paragraph -->\r\n<p>Penumbra on Skotlannissa sijaitseva uraauurtava hyv\u00e4ntekev\u00e4isyysj\u00e4rjest\u00f6, joka tarjoaa palveluja henkil\u00f6ille, joilla on liev\u00e4st\u00e4 vakavaan ja pitk\u00e4aikaiseen mielenterveyteen liittyvi\u00e4 ongelmia. Tuemme ihmisi\u00e4 heid\u00e4n matkallaan kohti parempaa mielenterveytt\u00e4 ty\u00f6skentelem\u00e4ll\u00e4 jokaisen henkil\u00f6n kanssa h\u00e4nen oman tiens\u00e4 l\u00f6yt\u00e4miseksi eteenp\u00e4in. Ihmisten eletyn kokemuksen voiman ansiosta voimme tarjota uraauurtavia palveluja, jotka muuttavat el\u00e4m\u00e4\u00e4. Tarjoamme apua kriisitilanteissa, itsemurhien ehk\u00e4isy\u00e4, tuettua asumista, itsens\u00e4 vahingoittamisen hallintaa ja vertaistukea. Olemme tukemiemme ihmisten tukena heid\u00e4n matkallaan kohti parempaa el\u00e4m\u00e4\u00e4. Penumbra tukee ihmisi\u00e4 el\u00e4m\u00e4\u00e4n t\u00e4ysipainoista ja osallistuvaa el\u00e4m\u00e4\u00e4. Noudattamalla ihmiskeskeist\u00e4 HOPE-malliamme. Meille toivo on elint\u00e4rke\u00e4 osa toipumista, ja ihmisten tukeminen, jotta heill\u00e4 olisi ja s\u00e4ilyisi toivoa tulevaisuudesta, on keskeinen osa ty\u00f6t\u00e4mme.<\/p>\r\n<!-- \/wp:paragraph -->\r\n\r\n<!-- wp:paragraph -->\r\n<p><a href=\"https:\/\/www.penumbra.org.uk\/\">https:\/\/www.penumbra.org.uk\/<\/a><\/p>\r\n<!-- \/wp:paragraph -->\r\n\r\n<!-- wp:paragraph \/-->","protected":false},"excerpt":{"rendered":"<p>Recovery Academy Ireland Recovery Academy Ireland on yhteisty\u00f6j\u00e4rjest\u00f6\/hyv\u00e4ntekev\u00e4isyysj\u00e4rjest\u00f6, joka on osa laajempaa kansainv\u00e4list\u00e4 verkostoa [...]<\/p>","protected":false},"author":1,"featured_media":0,"parent":0,"menu_order":0,"comment_status":"closed","ping_status":"closed","template":"page-templates\/full-width.php","meta":{"om_disable_all_campaigns":false,"_monsterinsights_skip_tracking":false,"_monsterinsights_sitenote_active":false,"_monsterinsights_sitenote_note":"","_monsterinsights_sitenote_category":0,"footnotes":""},"class_list":["post-1551","page","type-page","status-publish","hentry"],"aioseo_notices":[],"_links":{"self":[{"href":"https:\/\/eeefc.eu\/fi\/wp-json\/wp\/v2\/pages\/1551","targetHints":{"allow":["GET"]}}],"collection":[{"href":"https:\/\/eeefc.eu\/fi\/wp-json\/wp\/v2\/pages"}],"about":[{"href":"https:\/\/eeefc.eu\/fi\/wp-json\/wp\/v2\/types\/page"}],"author":[{"embeddable":true,"href":"https:\/\/eeefc.eu\/fi\/wp-json\/wp\/v2\/users\/1"}],"replies":[{"embeddable":true,"href":"https:\/\/eeefc.eu\/fi\/wp-json\/wp\/v2\/comments?post=1551"}],"version-history":[{"count":54,"href":"https:\/\/eeefc.eu\/fi\/wp-json\/wp\/v2\/pages\/1551\/revisions"}],"predecessor-version":[{"id":2394,"href":"https:\/\/eeefc.eu\/fi\/wp-json\/wp\/v2\/pages\/1551\/revisions\/2394"}],"wp:attachment":[{"href":"https:\/\/eeefc.eu\/fi\/wp-json\/wp\/v2\/media?parent=1551"}],"curies":[{"name":"wp","href":"https:\/\/api.w.org\/{rel}","templated":true}]}}