{"id":1435,"date":"2022-03-01T12:22:17","date_gmt":"2022-03-01T12:22:17","guid":{"rendered":"https:\/\/eeefc.eu\/?page_id=1435"},"modified":"2024-12-20T20:16:56","modified_gmt":"2024-12-20T18:16:56","slug":"tulokset","status":"publish","type":"page","link":"https:\/\/eeefc.eu\/fi\/tulokset\/","title":{"rendered":"Tulokset"},"content":{"rendered":"<p>Tulokset: Mit\u00e4 tuloksia ja muita tuloksia odotatte hankkeellanne olevan?<\/p>\n\n\n\n<ul class=\"wp-block-list\">\n<li>Hankkeen osallistujien valmiuksia sitoutua laajempaan yhteis\u00f6\u00f6ns\u00e4 ja kehitt\u00e4m\u00e4ll\u00e4 omia koulutustarpeitaan ja saamalla ne t\u00e4ytetyiksi; kehitt\u00e4\u00e4 voimaannuttavaa kriittist\u00e4 tietoisuutta, joka parantaa heid\u00e4n omaa ja vertaistensa hyvinvointia. <\/li>\n<\/ul>\n\n\n\n<ul class=\"wp-block-list\">\n<li>Kehitet\u00e4\u00e4n ihmisoikeuksiin perustuviin l\u00e4hestymistapoihin pohjautuva opetuskehys, jota voidaan soveltaa yleisesti laajemmissa yhteis\u00f6iss\u00e4 toteutettavana koulutusprosessina. <\/li>\n<\/ul>\n\n\n\n<ul class=\"wp-block-list\">\n<li>Kest\u00e4v\u00e4n koulutusohjelmamallin juurruttaminen osallistuviin kumppaniyhteis\u00f6ihin. <\/li>\n<\/ul>\n\n\n\n<ul class=\"wp-block-list\">\n<li>Kehitet\u00e4\u00e4n Train the Trainer Tool Kit -ty\u00f6kalupaketti kaikille, jotka ovat suorittaneet ohjelman ja haluavat toteuttaa sit\u00e4 itse omassa yhteis\u00f6ss\u00e4\u00e4n. <\/li>\n<\/ul>\n\n\n\n<ul class=\"wp-block-list\">\n<li>Kehitet\u00e4\u00e4n hyvi\u00e4 k\u00e4yt\u00e4nt\u00f6j\u00e4 koskevia ohjeita, jotka ovat kaikkien niiden saatavilla, jotka harkitsevat tai aikovat toteuttaa joko t\u00e4m\u00e4n hankkeen koulutuspuitteita tai sellaisia, joilla on samanlaiset arvot, aikomukset ja prosessit.<\/li>\n<\/ul>\n\n\n\n<p><\/p>","protected":false},"excerpt":{"rendered":"<p>Tulokset: Mit\u00e4 tuloksia ja muita tuloksia odotatte hankkeellanne olevan?<\/p>","protected":false},"author":1,"featured_media":0,"parent":0,"menu_order":0,"comment_status":"closed","ping_status":"closed","template":"","meta":{"om_disable_all_campaigns":false,"_monsterinsights_skip_tracking":false,"_monsterinsights_sitenote_active":false,"_monsterinsights_sitenote_note":"","_monsterinsights_sitenote_category":0,"footnotes":""},"class_list":["post-1435","page","type-page","status-publish","hentry"],"aioseo_notices":[],"_links":{"self":[{"href":"https:\/\/eeefc.eu\/fi\/wp-json\/wp\/v2\/pages\/1435","targetHints":{"allow":["GET"]}}],"collection":[{"href":"https:\/\/eeefc.eu\/fi\/wp-json\/wp\/v2\/pages"}],"about":[{"href":"https:\/\/eeefc.eu\/fi\/wp-json\/wp\/v2\/types\/page"}],"author":[{"embeddable":true,"href":"https:\/\/eeefc.eu\/fi\/wp-json\/wp\/v2\/users\/1"}],"replies":[{"embeddable":true,"href":"https:\/\/eeefc.eu\/fi\/wp-json\/wp\/v2\/comments?post=1435"}],"version-history":[{"count":3,"href":"https:\/\/eeefc.eu\/fi\/wp-json\/wp\/v2\/pages\/1435\/revisions"}],"predecessor-version":[{"id":2472,"href":"https:\/\/eeefc.eu\/fi\/wp-json\/wp\/v2\/pages\/1435\/revisions\/2472"}],"wp:attachment":[{"href":"https:\/\/eeefc.eu\/fi\/wp-json\/wp\/v2\/media?parent=1435"}],"curies":[{"name":"wp","href":"https:\/\/api.w.org\/{rel}","templated":true}]}}