{"id":1433,"date":"2022-03-01T12:10:15","date_gmt":"2022-03-01T12:10:15","guid":{"rendered":"https:\/\/eeefc.eu\/?page_id=1433"},"modified":"2024-12-20T20:09:35","modified_gmt":"2024-12-20T18:09:35","slug":"toteutus","status":"publish","type":"page","link":"https:\/\/eeefc.eu\/fi\/toteutus\/","title":{"rendered":"T\u00e4yt\u00e4nt\u00f6\u00f6npano"},"content":{"rendered":"<p>Toteutus: Mit\u00e4 toimia aiot toteuttaa?<\/p>\n\n\n\n<p>Yhteis\u00f6n osallistumisprosessi, jossa yhteis\u00f6 yhdess\u00e4 hankekumppaneiden kanssa kehitt\u00e4\u00e4 osallistavan oppimisprosessin, jonka tarkoituksena on kehitt\u00e4\u00e4 kaksi moduulia k\u00e4sitt\u00e4v\u00e4 koulutusohjelma: <\/p>\n\n\n\n<p>(a) Takaisinperint\u00e4: Learning Together, Train the Trainers<\/p>\n\n\n\n<p> ja <\/p>\n\n\n\n<p>(b) kehitt\u00e4\u00e4 yhdess\u00e4 ohjelman osallistujien kanssa r\u00e4\u00e4t\u00e4l\u00f6ity\u00e4 mielenterveytt\u00e4 ja hyvinvointia edist\u00e4v\u00e4\u00e4 koulutusohjelmaa, joka on suunniteltu osallistujien ilmaisemien tarpeiden mukaisesti ja joka parantaa heid\u00e4n yhteis\u00f6llisi\u00e4 valmiuksiaan.<\/p>\n\n\n\n<ul class=\"wp-block-list\">\n<li>Train the Trainer Tool Kit -ty\u00f6kalupaketin kehitt\u00e4minen koulutusohjelman toteuttamisen ohjaamiseksi, <\/li>\n<\/ul>\n\n\n\n<ul class=\"wp-block-list\">\n<li>Luodaan hankesivusto, jossa jaetaan hankkeen tuloksia ja edistet\u00e4\u00e4n hankkeen tulosten jatkuvaa edist\u00e4mist\u00e4, <\/li>\n<\/ul>\n\n\n\n<ul class=\"wp-block-list\">\n<li>Levitt\u00e4\u00e4 tuloksia ja hyvi\u00e4 k\u00e4yt\u00e4nt\u00f6j\u00e4 koskevia ohjeita laajalle ja merkitykselliselle yleis\u00f6lle.<\/li>\n<\/ul>\n\n\n\n<p><\/p>\n\n\n\n<p><\/p>","protected":false},"excerpt":{"rendered":"<p>Implementation: What activities are you going to implement? A process of community participation where the community along with project partners [&hellip;]<\/p>","protected":false},"author":1,"featured_media":0,"parent":0,"menu_order":0,"comment_status":"closed","ping_status":"closed","template":"","meta":{"om_disable_all_campaigns":false,"_monsterinsights_skip_tracking":false,"_monsterinsights_sitenote_active":false,"_monsterinsights_sitenote_note":"","_monsterinsights_sitenote_category":0,"footnotes":""},"class_list":["post-1433","page","type-page","status-publish","hentry"],"aioseo_notices":[],"_links":{"self":[{"href":"https:\/\/eeefc.eu\/fi\/wp-json\/wp\/v2\/pages\/1433","targetHints":{"allow":["GET"]}}],"collection":[{"href":"https:\/\/eeefc.eu\/fi\/wp-json\/wp\/v2\/pages"}],"about":[{"href":"https:\/\/eeefc.eu\/fi\/wp-json\/wp\/v2\/types\/page"}],"author":[{"embeddable":true,"href":"https:\/\/eeefc.eu\/fi\/wp-json\/wp\/v2\/users\/1"}],"replies":[{"embeddable":true,"href":"https:\/\/eeefc.eu\/fi\/wp-json\/wp\/v2\/comments?post=1433"}],"version-history":[{"count":3,"href":"https:\/\/eeefc.eu\/fi\/wp-json\/wp\/v2\/pages\/1433\/revisions"}],"predecessor-version":[{"id":2468,"href":"https:\/\/eeefc.eu\/fi\/wp-json\/wp\/v2\/pages\/1433\/revisions\/2468"}],"wp:attachment":[{"href":"https:\/\/eeefc.eu\/fi\/wp-json\/wp\/v2\/media?parent=1433"}],"curies":[{"name":"wp","href":"https:\/\/api.w.org\/{rel}","templated":true}]}}