{"id":1412,"date":"2022-02-28T09:42:16","date_gmt":"2022-02-28T07:42:16","guid":{"rendered":"https:\/\/eeefc.eu\/?page_id=1412"},"modified":"2024-12-20T20:18:13","modified_gmt":"2024-12-20T18:18:13","slug":"tausta","status":"publish","type":"page","link":"https:\/\/eeefc.eu\/fi\/tausta\/","title":{"rendered":"Tausta"},"content":{"rendered":"<p>Hankkeessa on kehitetty kansainv\u00e4linen verkosto ammattilaisia, kokemusasiantuntijoita, tutkijoita ja mielenterveys- ja p\u00e4ihdeongelmista k\u00e4rsivi\u00e4 henkil\u00f6it\u00e4, joiden tarkoituksena on kehitt\u00e4\u00e4 yhteis\u00f6n valmiuksia vastata n\u00e4ihin ongelmiin suunnittelemalla ja toteuttamalla voimaannuttava aikuiskoulutusprosessi viidess\u00e4 nimetyss\u00e4 yhteis\u00f6ss\u00e4.<\/p>\r\n<p>Hankkeessa on arvioitu osallistumisprosessin ja koulutustoimenpiteiden vaikutusta osallistujien sidosryhmiin ja kehitetty hyvi\u00e4 k\u00e4yt\u00e4nt\u00f6j\u00e4 koskevia ohjeita muille, jotka saattavat haluta soveltaa prosessia omissa yhteis\u00f6iss\u00e4\u00e4n.<\/p>\r\n<p>Geneven hyvinvoinnin peruskirjassa (Maailman terveysj\u00e4rjest\u00f6, 2021) suositeltiin vastauksia seuraaviin kysymyksiin.<\/p>\r\n<p>\"joissa yhdistyv\u00e4t planeettamme, yhteiskunnan, yhteis\u00f6n ja yksil\u00f6n terveys ja hyvinvointi sek\u00e4 muutokset yhteiskunnallisissa rakenteissa, jotta ihmiset voivat ottaa el\u00e4m\u00e4ns\u00e4 ja terveytens\u00e4 hallintaan\" (s. 1).<\/p>\r\n<p>ja ehdottaa, ett\u00e4 tulevaisuudessa tarvitaan demokraattisempia l\u00e4hestymistapoja kansalaisten hyvinvoinnin ymm\u00e4rt\u00e4miseen ja edist\u00e4miseen.<\/p>\r\n<p>Hankkeen perustelu perustuu siihen, ett\u00e4 EU:n tasolla hyv\u00e4ksyt\u00e4\u00e4n yh\u00e4 useammin, ett\u00e4 syrj\u00e4ytyneet ja haavoittuvassa asemassa olevat v\u00e4est\u00f6ryhm\u00e4t tarvitsevat laajempia osallistavia l\u00e4hestymistapoja, joissa ne osallistuvat aktiivisesti sen m\u00e4\u00e4ritt\u00e4miseen, miten ne hallitsevat terveytt\u00e4\u00e4n ja hyvinvointiaan (Hickey ym. 2022).<\/p>\r\n<p>T\u00e4m\u00e4 Erasmus+-yhteisty\u00f6kumppanuus uskoo, ett\u00e4 t\u00e4m\u00e4 innovatiivinen osallistava yhteis\u00f6koulutusprosessi kehitt\u00e4\u00e4 hankkeeseen osallistuvien yhteis\u00f6jen resilienssi\u00e4 ja valmiuksia vastata mielenterveys- ja p\u00e4ihdeongelmiin liittyviin haasteisiin.<\/p>","protected":false},"excerpt":{"rendered":"<p>Hankkeessa on kehitetty kansainv\u00e4linen verkosto, joka koostuu ammattilaisista, kokemusasiantuntijoista, tutkijoista ja mielenterveys- ja [...]<\/p>","protected":false},"author":1,"featured_media":0,"parent":0,"menu_order":0,"comment_status":"closed","ping_status":"closed","template":"","meta":{"om_disable_all_campaigns":false,"_monsterinsights_skip_tracking":false,"_monsterinsights_sitenote_active":false,"_monsterinsights_sitenote_note":"","_monsterinsights_sitenote_category":0,"footnotes":""},"class_list":["post-1412","page","type-page","status-publish","hentry"],"aioseo_notices":[],"_links":{"self":[{"href":"https:\/\/eeefc.eu\/fi\/wp-json\/wp\/v2\/pages\/1412","targetHints":{"allow":["GET"]}}],"collection":[{"href":"https:\/\/eeefc.eu\/fi\/wp-json\/wp\/v2\/pages"}],"about":[{"href":"https:\/\/eeefc.eu\/fi\/wp-json\/wp\/v2\/types\/page"}],"author":[{"embeddable":true,"href":"https:\/\/eeefc.eu\/fi\/wp-json\/wp\/v2\/users\/1"}],"replies":[{"embeddable":true,"href":"https:\/\/eeefc.eu\/fi\/wp-json\/wp\/v2\/comments?post=1412"}],"version-history":[{"count":10,"href":"https:\/\/eeefc.eu\/fi\/wp-json\/wp\/v2\/pages\/1412\/revisions"}],"predecessor-version":[{"id":2473,"href":"https:\/\/eeefc.eu\/fi\/wp-json\/wp\/v2\/pages\/1412\/revisions\/2473"}],"wp:attachment":[{"href":"https:\/\/eeefc.eu\/fi\/wp-json\/wp\/v2\/media?parent=1412"}],"curies":[{"name":"wp","href":"https:\/\/api.w.org\/{rel}","templated":true}]}}