{"id":1395,"date":"2022-02-14T16:45:55","date_gmt":"2022-02-14T16:45:55","guid":{"rendered":"https:\/\/eeefc.eu\/?page_id=1395"},"modified":"2024-12-14T18:27:35","modified_gmt":"2024-12-14T16:27:35","slug":"hanke","status":"publish","type":"page","link":"https:\/\/eeefc.eu\/fi\/hanke\/","title":{"rendered":"Hanke"},"content":{"rendered":"<p>EEEFCom-hanke oli Erasmus-rahoitteinen hanke, jossa ty\u00f6skenneltiin yhteisty\u00f6verkoston kanssa, johon kuului mielenterveys- ja riippuvuusj\u00e4rjest\u00f6j\u00e4 nelj\u00e4lt\u00e4 maantieteelliselt\u00e4 alueelta. Hankkeeseen, jonka nimi oli Embedding an Emancipatory Educational Framework in Communities (EEEFCom), osallistui viisi kumppania: Dublin North, North East Recovery College (Irlanti), The Recovery Academy (Irlanti), Evipro (Suomi), Chaque Jour Compte (Ranska) ja Penumbra (Skotlanti).<\/p>\n<p>Osuustoimintaverkosto on kehitt\u00e4nyt r\u00e4\u00e4t\u00e4l\u00f6idyn mallin ja kehyksen, jonka avulla on toteutettu koulutusaloitteita, joissa on keskitytty osallistujien ja yhteis\u00f6jen muutokseen t\u00e4ht\u00e4\u00e4v\u00e4\u00e4n koulutusprosessiin.<\/p>\n<p>Sen j\u00e4lkeen, kun t\u00e4m\u00e4 sosiaalinen ja koulutuksellinen prosessi kehitettiin alun perin vuonna 2022, sit\u00e4 on nyt edistetty ja toteutettu nelj\u00e4ss\u00e4 Euroopan kaupungissa useita kertoja eri yhteisty\u00f6kumppaneiden kanssa, ja se on tuottanut my\u00f6nteisi\u00e4 tuloksia monille osallistujille ja yhteis\u00f6ille.<\/p>","protected":false},"excerpt":{"rendered":"<p>The EEEFCom project was an Erasmus funded project that worked with a co-operative network of partners that include mental health [&hellip;]<\/p>","protected":false},"author":1,"featured_media":0,"parent":0,"menu_order":0,"comment_status":"closed","ping_status":"closed","template":"","meta":{"om_disable_all_campaigns":false,"_monsterinsights_skip_tracking":false,"_monsterinsights_sitenote_active":false,"_monsterinsights_sitenote_note":"","_monsterinsights_sitenote_category":0,"footnotes":""},"class_list":["post-1395","page","type-page","status-publish","hentry"],"aioseo_notices":[],"_links":{"self":[{"href":"https:\/\/eeefc.eu\/fi\/wp-json\/wp\/v2\/pages\/1395","targetHints":{"allow":["GET"]}}],"collection":[{"href":"https:\/\/eeefc.eu\/fi\/wp-json\/wp\/v2\/pages"}],"about":[{"href":"https:\/\/eeefc.eu\/fi\/wp-json\/wp\/v2\/types\/page"}],"author":[{"embeddable":true,"href":"https:\/\/eeefc.eu\/fi\/wp-json\/wp\/v2\/users\/1"}],"replies":[{"embeddable":true,"href":"https:\/\/eeefc.eu\/fi\/wp-json\/wp\/v2\/comments?post=1395"}],"version-history":[{"count":2,"href":"https:\/\/eeefc.eu\/fi\/wp-json\/wp\/v2\/pages\/1395\/revisions"}],"predecessor-version":[{"id":2385,"href":"https:\/\/eeefc.eu\/fi\/wp-json\/wp\/v2\/pages\/1395\/revisions\/2385"}],"wp:attachment":[{"href":"https:\/\/eeefc.eu\/fi\/wp-json\/wp\/v2\/media?parent=1395"}],"curies":[{"name":"wp","href":"https:\/\/api.w.org\/{rel}","templated":true}]}}