{"id":910,"date":"2022-02-11T09:22:10","date_gmt":"2022-02-11T09:22:10","guid":{"rendered":"https:\/\/eeefc.eu\/?page_id=910"},"modified":"2022-03-05T23:36:22","modified_gmt":"2022-03-05T23:36:22","slug":"noticias","status":"publish","type":"page","link":"https:\/\/eeefc.eu\/es\/noticias\/","title":{"rendered":"Noticias"},"content":{"rendered":"<div class=\"wp-block-group\"><div class=\"wp-block-group__inner-container is-layout-flow wp-block-group-is-layout-flow\"><div id=\"pl-gb910-69ea45a95bf05\"  class=\"panel-layout\" ><div id=\"pg-gb910-69ea45a95bf05-0\"  class=\"panel-grid panel-no-style\" ><div id=\"pgc-gb910-69ea45a95bf05-0-0\"  class=\"panel-grid-cell\" ><div id=\"panel-gb910-69ea45a95bf05-0-0-0\" class=\"so-panel widget widget_themegrill_flash_heading tg-widget section-title-wrapper panel-first-child\" data-index=\"0\" >\t<h3 class=\"section-title\">TODAS LAS NOTICIAS<\/h3>\n<\/div><div id=\"panel-gb910-69ea45a95bf05-0-0-1\" class=\"so-panel widget widget_themegrill_flash_blog tg-widget blog-section panel-last-child\" data-index=\"1\" >\n<div class=\"blog-wrapper tg-column-wrapper tg-blog-widget-layout-1\">\n\t\t\t<div class=\"row\">\n\t\t<div class=\"tg-blog-widget tg-column-2\">\n\t\t\t\t<div class=\"post-image image-none\">\n\t\t\t\t\t<\/div>\n\t\t<div class=\"blog-content\">\n\t\t\t<h3 class=\"entry-title\"><a href=\"https:\/\/eeefc.eu\/es\/2024\/10\/27\/recursos-eeefcom-proyecto-2\/\">Recursos Proyecto EEEFCom<\/a><\/h3>\n\t\t\t\t\t\t<div class=\"entry-meta\">\n\t\t\t\t<span class=\"entry-date\">\n\t\t\t\t\t<i class=\"fa fa-clock-o\"><\/i><a href=\"https:\/\/eeefc.eu\/es\/2024\/10\/27\/recursos-eeefcom-proyecto-2\/\" rel=\"bookmark\">27 de octubre de 2024<\/a>\n\t\t\t\t<\/span>\n\t\t\t\t<span class=\"entry-author\">\n\t\t\t\t\t<i class=\"fa fa-user\"><\/i><a class=\"url fn n\" href=\"https:\/\/eeefc.eu\/es\/author\/eeefc\/\">eeefc<\/a>\n\t\t\t\t<\/span>\n\t\t\t<\/div>\n\t\t\t\t\t\t<div class=\"entry-summary\">\n\t\t\t\t<p>Aqu\u00ed encontrar\u00e1 m\u00e1s recursos de los actos multiplicadores: https:\/\/eeefc.eu\/resources-documents\/ Lea y escuche nuestros actos en l\u00ednea.<\/p>\n\t\t\t<\/div>\n\t\t\t\t\t<\/div>\n\t<\/div>\n\t\t<div class=\"tg-blog-widget tg-column-2\">\n\t\t\t\t<div class=\"post-image\">\n\t\t\t<figure><a href=\"https:\/\/eeefc.eu\/es\/2024\/10\/27\/diapositivas-del-simposio-de-la-eeefcom-el-poder-de-la-educacion-emancipadora-en-la-recuperacion-personal-y-social\/\" title=\"Diapositivas del Simposio EEEFCom: El poder de la educaci\u00f3n emancipadora en la recuperaci\u00f3n personal y social\"><img loading=\"lazy\" decoding=\"async\" width=\"300\" height=\"300\" src=\"https:\/\/eeefc.eu\/wp-content\/uploads\/2024\/10\/file-300x300.jpg\" class=\"attachment-flash-square size-flash-square wp-post-image\" alt=\"\" srcset=\"https:\/\/eeefc.eu\/wp-content\/uploads\/2024\/10\/file-300x300.jpg 300w, https:\/\/eeefc.eu\/wp-content\/uploads\/2024\/10\/file-150x150.jpg 150w\" sizes=\"auto, (max-width: 300px) 100vw, 300px\" \/><\/a><\/figure>\t\t<\/div>\n\t\t<div class=\"blog-content\">\n\t\t\t<h3 class=\"entry-title\"><a href=\"https:\/\/eeefc.eu\/es\/2024\/10\/27\/diapositivas-del-simposio-de-la-eeefcom-el-poder-de-la-educacion-emancipadora-en-la-recuperacion-personal-y-social\/\">Diapositivas del Simposio EEEFCom: El poder de la educaci\u00f3n emancipadora en la recuperaci\u00f3n personal y social<\/a><\/h3>\n\t\t\t\t\t\t<div class=\"entry-meta\">\n\t\t\t\t<span class=\"entry-date\">\n\t\t\t\t\t<i class=\"fa fa-clock-o\"><\/i><a href=\"https:\/\/eeefc.eu\/es\/2024\/10\/27\/diapositivas-del-simposio-de-la-eeefcom-el-poder-de-la-educacion-emancipadora-en-la-recuperacion-personal-y-social\/\" rel=\"bookmark\">27 de octubre de 2024<\/a>\n\t\t\t\t<\/span>\n\t\t\t\t<span class=\"entry-author\">\n\t\t\t\t\t<i class=\"fa fa-user\"><\/i><a class=\"url fn n\" href=\"https:\/\/eeefc.eu\/es\/author\/eeefc\/\">eeefc<\/a>\n\t\t\t\t<\/span>\n\t\t\t<\/div>\n\t\t\t\t\t\t<div class=\"entry-summary\">\n\t\t\t\t<p>&nbsp; Aqu\u00ed encontrar\u00e1 las diapositivas del Simposio EEEFCom: El poder de la educaci\u00f3n emancipadora en la recuperaci\u00f3n personal y social de [...]<\/p>\n\t\t\t<\/div>\n\t\t\t\t\t<\/div>\n\t<\/div>\n\t\t<\/div>\n\t\t\t<div class=\"row\">\n\t\t<div class=\"tg-blog-widget tg-column-2\">\n\t\t\t\t<div class=\"post-image\">\n\t\t\t<figure><a href=\"https:\/\/eeefc.eu\/es\/2024\/09\/28\/simposio-eeefcom-el-poder-de-la-educacion-emancipadora-en-la-recuperacion-personal-y-social-18-de-octubre-de-2024\/\" title=\"Simposio EEEFCom: El poder de la educaci\u00f3n emancipadora en la recuperaci\u00f3n personal y social - 18 de octubre de 2024\"><img loading=\"lazy\" decoding=\"async\" width=\"300\" height=\"300\" src=\"https:\/\/eeefc.eu\/wp-content\/uploads\/2024\/09\/Screenshot-2024-09-28-at-15-34-28-Invitation-ME_Dublin_-18-10-2024.docx-Invitation-Dublin-18-10-2024-300x300.jpg\" class=\"attachment-flash-square size-flash-square wp-post-image\" alt=\"\" srcset=\"https:\/\/eeefc.eu\/wp-content\/uploads\/2024\/09\/Screenshot-2024-09-28-at-15-34-28-Invitation-ME_Dublin_-18-10-2024.docx-Invitation-Dublin-18-10-2024-300x300.jpg 300w, https:\/\/eeefc.eu\/wp-content\/uploads\/2024\/09\/Screenshot-2024-09-28-at-15-34-28-Invitation-ME_Dublin_-18-10-2024.docx-Invitation-Dublin-18-10-2024-150x150.jpg 150w\" sizes=\"auto, (max-width: 300px) 100vw, 300px\" \/><\/a><\/figure>\t\t<\/div>\n\t\t<div class=\"blog-content\">\n\t\t\t<h3 class=\"entry-title\"><a href=\"https:\/\/eeefc.eu\/es\/2024\/09\/28\/simposio-eeefcom-el-poder-de-la-educacion-emancipadora-en-la-recuperacion-personal-y-social-18-de-octubre-de-2024\/\">Simposio EEEFCom: El poder de la educaci\u00f3n emancipadora en la recuperaci\u00f3n personal y social - 18 de octubre de 2024<\/a><\/h3>\n\t\t\t\t\t\t<div class=\"entry-meta\">\n\t\t\t\t<span class=\"entry-date\">\n\t\t\t\t\t<i class=\"fa fa-clock-o\"><\/i><a href=\"https:\/\/eeefc.eu\/es\/2024\/09\/28\/simposio-eeefcom-el-poder-de-la-educacion-emancipadora-en-la-recuperacion-personal-y-social-18-de-octubre-de-2024\/\" rel=\"bookmark\">28 de septiembre de 2024<\/a>\n\t\t\t\t<\/span>\n\t\t\t\t<span class=\"entry-author\">\n\t\t\t\t\t<i class=\"fa fa-user\"><\/i><a class=\"url fn n\" href=\"https:\/\/eeefc.eu\/es\/author\/eeefc\/\">eeefc<\/a>\n\t\t\t\t<\/span>\n\t\t\t<\/div>\n\t\t\t\t\t\t<div class=\"entry-summary\">\n\t\t\t\t<p>Simposio EEEFCom: El poder de la educaci\u00f3n emancipadora en la recuperaci\u00f3n personal y social - 18 de octubre de 2024 Estimados colegas y amigos, [...]<\/p>\n\t\t\t<\/div>\n\t\t\t\t\t<\/div>\n\t<\/div>\n\t\t<div class=\"tg-blog-widget tg-column-2\">\n\t\t\t\t<div class=\"post-image\">\n\t\t\t<figure><a href=\"https:\/\/eeefc.eu\/es\/2024\/09\/25\/eeefcom-edimburgo-septiembre-2024\/\" title=\"Multiplicador escoc\u00e9s en Edimburgo Directrices de buenas pr\u00e1cticas de EEEFCom\"><img loading=\"lazy\" decoding=\"async\" width=\"300\" height=\"300\" src=\"https:\/\/eeefc.eu\/wp-content\/uploads\/2024\/09\/Edinburgh-300x300.jpg\" class=\"attachment-flash-square size-flash-square wp-post-image\" alt=\"\" srcset=\"https:\/\/eeefc.eu\/wp-content\/uploads\/2024\/09\/Edinburgh-300x300.jpg 300w, https:\/\/eeefc.eu\/wp-content\/uploads\/2024\/09\/Edinburgh-150x150.jpg 150w\" sizes=\"auto, (max-width: 300px) 100vw, 300px\" \/><\/a><\/figure>\t\t<\/div>\n\t\t<div class=\"blog-content\">\n\t\t\t<h3 class=\"entry-title\"><a href=\"https:\/\/eeefc.eu\/es\/2024\/09\/25\/eeefcom-edimburgo-septiembre-2024\/\">Multiplicador escoc\u00e9s en Edimburgo Directrices de buenas pr\u00e1cticas de EEEFCom<\/a><\/h3>\n\t\t\t\t\t\t<div class=\"entry-meta\">\n\t\t\t\t<span class=\"entry-date\">\n\t\t\t\t\t<i class=\"fa fa-clock-o\"><\/i><a href=\"https:\/\/eeefc.eu\/es\/2024\/09\/25\/eeefcom-edimburgo-septiembre-2024\/\" rel=\"bookmark\">25 de septiembre de 2024<\/a>\n\t\t\t\t<\/span>\n\t\t\t\t<span class=\"entry-author\">\n\t\t\t\t\t<i class=\"fa fa-user\"><\/i><a class=\"url fn n\" href=\"https:\/\/eeefc.eu\/es\/author\/eeefc\/\">eeefc<\/a>\n\t\t\t\t<\/span>\n\t\t\t<\/div>\n\t\t\t\t\t\t<div class=\"entry-summary\">\n\t\t\t\t<p>&nbsp; El 20 de septiembre, los miembros del proyecto 2024 se reunieron con un grupo m\u00e1s amplio en Edimburgo para avanzar en la buena [...].<\/p>\n\t\t\t<\/div>\n\t\t\t\t\t<\/div>\n\t<\/div>\n\t\t<\/div>\n\t\t\t<div class=\"row\">\n\t\t<div class=\"tg-blog-widget tg-column-2\">\n\t\t\t\t<div class=\"post-image\">\n\t\t\t<figure><a href=\"https:\/\/eeefc.eu\/es\/2024\/09\/25\/newspoland\/\" title=\"EEEFCom en Cracovia en la Conferencia Europea de Salud Mental Septiembre 2024\"><img loading=\"lazy\" decoding=\"async\" width=\"300\" height=\"300\" src=\"https:\/\/eeefc.eu\/wp-content\/uploads\/2024\/09\/PolandECMH2-300x300.jpg\" class=\"attachment-flash-square size-flash-square wp-post-image\" alt=\"\" srcset=\"https:\/\/eeefc.eu\/wp-content\/uploads\/2024\/09\/PolandECMH2-300x300.jpg 300w, https:\/\/eeefc.eu\/wp-content\/uploads\/2024\/09\/PolandECMH2-150x150.jpg 150w\" sizes=\"auto, (max-width: 300px) 100vw, 300px\" \/><\/a><\/figure>\t\t<\/div>\n\t\t<div class=\"blog-content\">\n\t\t\t<h3 class=\"entry-title\"><a href=\"https:\/\/eeefc.eu\/es\/2024\/09\/25\/newspoland\/\">EEEFCom en Cracovia en la Conferencia Europea de Salud Mental Septiembre 2024<\/a><\/h3>\n\t\t\t\t\t\t<div class=\"entry-meta\">\n\t\t\t\t<span class=\"entry-date\">\n\t\t\t\t\t<i class=\"fa fa-clock-o\"><\/i><a href=\"https:\/\/eeefc.eu\/es\/2024\/09\/25\/newspoland\/\" rel=\"bookmark\">25 de septiembre de 2024<\/a>\n\t\t\t\t<\/span>\n\t\t\t\t<span class=\"entry-author\">\n\t\t\t\t\t<i class=\"fa fa-user\"><\/i><a class=\"url fn n\" href=\"https:\/\/eeefc.eu\/es\/author\/eeefc\/\">eeefc<\/a>\n\t\t\t\t<\/span>\n\t\t\t<\/div>\n\t\t\t\t\t\t<div class=\"entry-summary\">\n\t\t\t\t<p>&nbsp; Estuvimos encantados de estar presentes y tener un taller en la 12\u00aa Conferencia Europea sobre Salud Mental en [...].<\/p>\n\t\t\t<\/div>\n\t\t\t\t\t<\/div>\n\t<\/div>\n\t\t<div class=\"tg-blog-widget tg-column-2\">\n\t\t\t\t<div class=\"post-image\">\n\t\t\t<figure><a href=\"https:\/\/eeefc.eu\/es\/2024\/07\/01\/recursos-proyecto-eeefcom\/\" title=\"Recursos Proyecto EEEFCom\"><img loading=\"lazy\" decoding=\"async\" width=\"300\" height=\"300\" src=\"https:\/\/eeefc.eu\/wp-content\/uploads\/2024\/07\/GREtwaKXkAAtS1h-300x300.jpg\" class=\"attachment-flash-square size-flash-square wp-post-image\" alt=\"\" srcset=\"https:\/\/eeefc.eu\/wp-content\/uploads\/2024\/07\/GREtwaKXkAAtS1h-300x300.jpg 300w, https:\/\/eeefc.eu\/wp-content\/uploads\/2024\/07\/GREtwaKXkAAtS1h-150x150.jpg 150w\" sizes=\"auto, (max-width: 300px) 100vw, 300px\" \/><\/a><\/figure>\t\t<\/div>\n\t\t<div class=\"blog-content\">\n\t\t\t<h3 class=\"entry-title\"><a href=\"https:\/\/eeefc.eu\/es\/2024\/07\/01\/recursos-proyecto-eeefcom\/\">Recursos Proyecto EEEFCom<\/a><\/h3>\n\t\t\t\t\t\t<div class=\"entry-meta\">\n\t\t\t\t<span class=\"entry-date\">\n\t\t\t\t\t<i class=\"fa fa-clock-o\"><\/i><a href=\"https:\/\/eeefc.eu\/es\/2024\/07\/01\/recursos-proyecto-eeefcom\/\" rel=\"bookmark\">1 de julio de 2024<\/a>\n\t\t\t\t<\/span>\n\t\t\t\t<span class=\"entry-author\">\n\t\t\t\t\t<i class=\"fa fa-user\"><\/i><a class=\"url fn n\" href=\"https:\/\/eeefc.eu\/es\/author\/eeefc\/\">eeefc<\/a>\n\t\t\t\t<\/span>\n\t\t\t<\/div>\n\t\t\t\t\t\t<div class=\"entry-summary\">\n\t\t\t\t<p>Lea y escuche nuestros eventos multiplicadores en l\u00ednea aqu\u00ed: https:\/\/eeefc.eu\/resources-documents\/ Encu\u00e9ntrenos: X facebook &nbsp; &nbsp; &nbsp;<\/p>\n\t\t\t<\/div>\n\t\t\t\t\t<\/div>\n\t<\/div>\n\t\t<\/div>\n\t\t\t<div class=\"row\">\n\t\t<div class=\"tg-blog-widget tg-column-2\">\n\t\t\t\t<div class=\"post-image\">\n\t\t\t<figure><a href=\"https:\/\/eeefc.eu\/es\/2024\/06\/11\/seminario-web-eeefcom\/\" title=\"Webinario EEEFCom II: Presentaci\u00f3n del kit de herramientas educativas\"><img loading=\"lazy\" decoding=\"async\" width=\"300\" height=\"300\" src=\"https:\/\/eeefc.eu\/wp-content\/uploads\/2024\/06\/INVITE-MULTIPLIER-300x300.gif\" class=\"attachment-flash-square size-flash-square wp-post-image\" alt=\"\" srcset=\"https:\/\/eeefc.eu\/wp-content\/uploads\/2024\/06\/INVITE-MULTIPLIER-300x300.gif 300w, https:\/\/eeefc.eu\/wp-content\/uploads\/2024\/06\/INVITE-MULTIPLIER-150x150.gif 150w\" sizes=\"auto, (max-width: 300px) 100vw, 300px\" \/><\/a><\/figure>\t\t<\/div>\n\t\t<div class=\"blog-content\">\n\t\t\t<h3 class=\"entry-title\"><a href=\"https:\/\/eeefc.eu\/es\/2024\/06\/11\/seminario-web-eeefcom\/\">Webinario EEEFCom II: Presentaci\u00f3n del kit de herramientas educativas<\/a><\/h3>\n\t\t\t\t\t\t<div class=\"entry-meta\">\n\t\t\t\t<span class=\"entry-date\">\n\t\t\t\t\t<i class=\"fa fa-clock-o\"><\/i><a href=\"https:\/\/eeefc.eu\/es\/2024\/06\/11\/seminario-web-eeefcom\/\" rel=\"bookmark\">11 de junio de 2024<\/a>\n\t\t\t\t<\/span>\n\t\t\t\t<span class=\"entry-author\">\n\t\t\t\t\t<i class=\"fa fa-user\"><\/i><a class=\"url fn n\" href=\"https:\/\/eeefc.eu\/es\/author\/eeefc\/\">eeefc<\/a>\n\t\t\t\t<\/span>\n\t\t\t<\/div>\n\t\t\t\t\t\t<div class=\"entry-summary\">\n\t\t\t\t<p>&nbsp; Estimados colegas y amigos, Por favor, \u00fananse a nosotros para otro evento informativo en l\u00ednea el 27 de JUIN de 12h - 13h30 [...].<\/p>\n\t\t\t<\/div>\n\t\t\t\t\t<\/div>\n\t<\/div>\n\t\t<div class=\"tg-blog-widget tg-column-2\">\n\t\t\t\t<div class=\"post-image\">\n\t\t\t<figure><a href=\"https:\/\/eeefc.eu\/es\/2024\/05\/07\/folleto\/\" title=\"Webinario EEEFCom\"><img loading=\"lazy\" decoding=\"async\" width=\"300\" height=\"300\" src=\"https:\/\/eeefc.eu\/wp-content\/uploads\/2024\/05\/LjubljanaPosterandpeople-300x300.jpg\" class=\"attachment-flash-square size-flash-square wp-post-image\" alt=\"p\u00f3ster de investigaci\u00f3n\" srcset=\"https:\/\/eeefc.eu\/wp-content\/uploads\/2024\/05\/LjubljanaPosterandpeople-300x300.jpg 300w, https:\/\/eeefc.eu\/wp-content\/uploads\/2024\/05\/LjubljanaPosterandpeople-150x150.jpg 150w\" sizes=\"auto, (max-width: 300px) 100vw, 300px\" \/><\/a><\/figure>\t\t<\/div>\n\t\t<div class=\"blog-content\">\n\t\t\t<h3 class=\"entry-title\"><a href=\"https:\/\/eeefc.eu\/es\/2024\/05\/07\/folleto\/\">Webinario EEEFCom<\/a><\/h3>\n\t\t\t\t\t\t<div class=\"entry-meta\">\n\t\t\t\t<span class=\"entry-date\">\n\t\t\t\t\t<i class=\"fa fa-clock-o\"><\/i><a href=\"https:\/\/eeefc.eu\/es\/2024\/05\/07\/folleto\/\" rel=\"bookmark\">7 de mayo de 2024<\/a>\n\t\t\t\t<\/span>\n\t\t\t\t<span class=\"entry-author\">\n\t\t\t\t\t<i class=\"fa fa-user\"><\/i><a class=\"url fn n\" href=\"https:\/\/eeefc.eu\/es\/author\/eeefc\/\">eeefc<\/a>\n\t\t\t\t<\/span>\n\t\t\t<\/div>\n\t\t\t\t\t\t<div class=\"entry-summary\">\n\t\t\t\t<p>\"Mejorar la comunidad mediante la educaci\u00f3n para la recuperaci\u00f3n: \u00a1descubra los primeros resultados del proyecto EEEFCom!\" Presentaci\u00f3n de los resultados de la investigaci\u00f3n [...]<\/p>\n\t\t\t<\/div>\n\t\t\t\t\t<\/div>\n\t<\/div>\n\t\t<\/div>\n\t\t\t<div class=\"row\">\n\t\t<div class=\"tg-blog-widget tg-column-2\">\n\t\t\t\t<div class=\"post-image\">\n\t\t\t<figure><a href=\"https:\/\/eeefc.eu\/es\/2022\/04\/08\/eeefcom\/\" title=\"EEEFCom\"><img loading=\"lazy\" decoding=\"async\" width=\"300\" height=\"300\" src=\"https:\/\/eeefc.eu\/wp-content\/uploads\/2022\/04\/eeefc-300x300.png\" class=\"attachment-flash-square size-flash-square wp-post-image\" alt=\"\" srcset=\"https:\/\/eeefc.eu\/wp-content\/uploads\/2022\/04\/eeefc-300x300.png 300w, https:\/\/eeefc.eu\/wp-content\/uploads\/2022\/04\/eeefc-150x150.png 150w\" sizes=\"auto, (max-width: 300px) 100vw, 300px\" \/><\/a><\/figure>\t\t<\/div>\n\t\t<div class=\"blog-content\">\n\t\t\t<h3 class=\"entry-title\"><a href=\"https:\/\/eeefc.eu\/es\/2022\/04\/08\/eeefcom\/\">EEEFCom<\/a><\/h3>\n\t\t\t\t\t\t<div class=\"entry-meta\">\n\t\t\t\t<span class=\"entry-date\">\n\t\t\t\t\t<i class=\"fa fa-clock-o\"><\/i><a href=\"https:\/\/eeefc.eu\/es\/2022\/04\/08\/eeefcom\/\" rel=\"bookmark\">8 de abril de 2022<\/a>\n\t\t\t\t<\/span>\n\t\t\t\t<span class=\"entry-author\">\n\t\t\t\t\t<i class=\"fa fa-user\"><\/i><a class=\"url fn n\" href=\"https:\/\/eeefc.eu\/es\/author\/eeefc\/\">eeefc<\/a>\n\t\t\t\t<\/span>\n\t\t\t<\/div>\n\t\t\t\t\t\t<div class=\"entry-summary\">\n\t\t\t\t<p>El proyecto @EEEFCom est\u00e1 financiado por @EUErasmusPlus para integrar un marco educativo emancipador en las comunidades para las personas marginadas y excluidas por [...].<\/p>\n\t\t\t<\/div>\n\t\t\t\t\t<\/div>\n\t<\/div>\n\t\t<div class=\"tg-blog-widget tg-column-2\">\n\t\t\t\t<div class=\"post-image\">\n\t\t\t<figure><a href=\"https:\/\/eeefc.eu\/es\/2022\/04\/08\/reunion-del-proyecto-hoy\/\" title=\"Reuni\u00f3n de proyecto hoy\"><img loading=\"lazy\" decoding=\"async\" width=\"300\" height=\"300\" src=\"https:\/\/eeefc.eu\/wp-content\/uploads\/2022\/04\/Project_Meeting_Today-300x300.jpg\" class=\"attachment-flash-square size-flash-square wp-post-image\" alt=\"\" srcset=\"https:\/\/eeefc.eu\/wp-content\/uploads\/2022\/04\/Project_Meeting_Today-300x300.jpg 300w, https:\/\/eeefc.eu\/wp-content\/uploads\/2022\/04\/Project_Meeting_Today-150x150.jpg 150w\" sizes=\"auto, (max-width: 300px) 100vw, 300px\" \/><\/a><\/figure>\t\t<\/div>\n\t\t<div class=\"blog-content\">\n\t\t\t<h3 class=\"entry-title\"><a href=\"https:\/\/eeefc.eu\/es\/2022\/04\/08\/reunion-del-proyecto-hoy\/\">Reuni\u00f3n de proyecto hoy<\/a><\/h3>\n\t\t\t\t\t\t<div class=\"entry-meta\">\n\t\t\t\t<span class=\"entry-date\">\n\t\t\t\t\t<i class=\"fa fa-clock-o\"><\/i><a href=\"https:\/\/eeefc.eu\/es\/2022\/04\/08\/reunion-del-proyecto-hoy\/\" rel=\"bookmark\">8 de abril de 2022<\/a>\n\t\t\t\t<\/span>\n\t\t\t\t<span class=\"entry-author\">\n\t\t\t\t\t<i class=\"fa fa-user\"><\/i><a class=\"url fn n\" href=\"https:\/\/eeefc.eu\/es\/author\/eeefc\/\">eeefc<\/a>\n\t\t\t\t<\/span>\n\t\t\t<\/div>\n\t\t\t\t\t\t<div class=\"entry-summary\">\n\t\t\t\t<p>Reuni\u00f3n del proyecto de hoy - lo que es un grupo encantador de personas. Mucha planificaci\u00f3n en este momento @EUErasmusPlus. pic.twitter.com\/VvAEldGMLN - [...]<\/p>\n\t\t\t<\/div>\n\t\t\t\t\t<\/div>\n\t<\/div>\n\t\t<\/div>\n\t\t\t<div class=\"row\">\n\t\t<div class=\"tg-blog-widget tg-column-2\">\n\t\t\t\t<div class=\"post-image\">\n\t\t\t<figure><a href=\"https:\/\/eeefc.eu\/es\/2022\/04\/08\/hoy-jueves-7-de-abril-de-2022-es-el-dia-mundial-de-la-salud-de-la-oms\/\" title=\"Hoy, jueves 7 de abril de 2022, es el D\u00eda Mundial de la Salud de la OMS\"><img loading=\"lazy\" decoding=\"async\" width=\"300\" height=\"300\" src=\"https:\/\/eeefc.eu\/wp-content\/uploads\/2022\/04\/2022_World_health_-Day-300x300.jpg\" class=\"attachment-flash-square size-flash-square wp-post-image\" alt=\"\" srcset=\"https:\/\/eeefc.eu\/wp-content\/uploads\/2022\/04\/2022_World_health_-Day-300x300.jpg 300w, https:\/\/eeefc.eu\/wp-content\/uploads\/2022\/04\/2022_World_health_-Day-150x150.jpg 150w\" sizes=\"auto, (max-width: 300px) 100vw, 300px\" \/><\/a><\/figure>\t\t<\/div>\n\t\t<div class=\"blog-content\">\n\t\t\t<h3 class=\"entry-title\"><a href=\"https:\/\/eeefc.eu\/es\/2022\/04\/08\/hoy-jueves-7-de-abril-de-2022-es-el-dia-mundial-de-la-salud-de-la-oms\/\">Hoy, jueves 7 de abril de 2022, es el D\u00eda Mundial de la Salud de la OMS<\/a><\/h3>\n\t\t\t\t\t\t<div class=\"entry-meta\">\n\t\t\t\t<span class=\"entry-date\">\n\t\t\t\t\t<i class=\"fa fa-clock-o\"><\/i><a href=\"https:\/\/eeefc.eu\/es\/2022\/04\/08\/hoy-jueves-7-de-abril-de-2022-es-el-dia-mundial-de-la-salud-de-la-oms\/\" rel=\"bookmark\">8 de abril de 2022<\/a>\n\t\t\t\t<\/span>\n\t\t\t\t<span class=\"entry-author\">\n\t\t\t\t\t<i class=\"fa fa-user\"><\/i><a class=\"url fn n\" href=\"https:\/\/eeefc.eu\/es\/author\/eeefc\/\">eeefc<\/a>\n\t\t\t\t<\/span>\n\t\t\t<\/div>\n\t\t\t\t\t\t<div class=\"entry-summary\">\n\t\t\t\t<p>Hoy, jueves 7 de abril de 2022, es el D\u00eda Mundial de la Salud de la OMS. Este a\u00f1o, la OMS se centra en fomentar un movimiento [...]<\/p>\n\t\t\t<\/div>\n\t\t\t\t\t<\/div>\n\t<\/div>\n\t\t<div class=\"tg-blog-widget tg-column-2\">\n\t\t\t\t<div class=\"post-image\">\n\t\t\t<figure><a href=\"https:\/\/eeefc.eu\/es\/2022\/03\/28\/investigacion\/\" title=\"Investigaci\u00f3n\"><img loading=\"lazy\" decoding=\"async\" width=\"300\" height=\"300\" src=\"https:\/\/eeefc.eu\/wp-content\/uploads\/2022\/03\/Destacada_Research-300x300.png\" class=\"attachment-flash-square size-flash-square wp-post-image\" alt=\"\" srcset=\"https:\/\/eeefc.eu\/wp-content\/uploads\/2022\/03\/Destacada_Research.png 300w, https:\/\/eeefc.eu\/wp-content\/uploads\/2022\/03\/Destacada_Research-150x150.png 150w, https:\/\/eeefc.eu\/wp-content\/uploads\/2022\/03\/Destacada_Research-100x100.png 100w\" sizes=\"auto, (max-width: 300px) 100vw, 300px\" \/><\/a><\/figure>\t\t<\/div>\n\t\t<div class=\"blog-content\">\n\t\t\t<h3 class=\"entry-title\"><a href=\"https:\/\/eeefc.eu\/es\/2022\/03\/28\/investigacion\/\">Investigaci\u00f3n<\/a><\/h3>\n\t\t\t\t\t\t<div class=\"entry-meta\">\n\t\t\t\t<span class=\"entry-date\">\n\t\t\t\t\t<i class=\"fa fa-clock-o\"><\/i><a href=\"https:\/\/eeefc.eu\/es\/2022\/03\/28\/investigacion\/\" rel=\"bookmark\">28 de marzo de 2022<\/a>\n\t\t\t\t<\/span>\n\t\t\t\t<span class=\"entry-author\">\n\t\t\t\t\t<i class=\"fa fa-user\"><\/i><a class=\"url fn n\" href=\"https:\/\/eeefc.eu\/es\/author\/eeefc\/\">eeefc<\/a>\n\t\t\t\t<\/span>\n\t\t\t<\/div>\n\t\t\t\t\t\t<div class=\"entry-summary\">\n\t\t\t\t<p>Objetivos de investigaci\u00f3n del proyecto<\/p>\n\t\t\t<\/div>\n\t\t\t\t\t<\/div>\n\t<\/div>\n\t\t<\/div>\n\t\t\t<div class=\"row\">\n\t\t<div class=\"tg-blog-widget tg-column-2\">\n\t\t\t\t<div class=\"post-image\">\n\t\t\t<figure><a href=\"https:\/\/eeefc.eu\/es\/2022\/03\/28\/asociacion\/\" title=\"Asociaci\u00f3n\"><img loading=\"lazy\" decoding=\"async\" width=\"300\" height=\"300\" src=\"https:\/\/eeefc.eu\/wp-content\/uploads\/2022\/03\/Destacada_Partnership1-300x300.png\" class=\"attachment-flash-square size-flash-square wp-post-image\" alt=\"\" srcset=\"https:\/\/eeefc.eu\/wp-content\/uploads\/2022\/03\/Destacada_Partnership1.png 300w, https:\/\/eeefc.eu\/wp-content\/uploads\/2022\/03\/Destacada_Partnership1-150x150.png 150w, https:\/\/eeefc.eu\/wp-content\/uploads\/2022\/03\/Destacada_Partnership1-100x100.png 100w\" sizes=\"auto, (max-width: 300px) 100vw, 300px\" \/><\/a><\/figure>\t\t<\/div>\n\t\t<div class=\"blog-content\">\n\t\t\t<h3 class=\"entry-title\"><a href=\"https:\/\/eeefc.eu\/es\/2022\/03\/28\/asociacion\/\">Asociaci\u00f3n<\/a><\/h3>\n\t\t\t\t\t\t<div class=\"entry-meta\">\n\t\t\t\t<span class=\"entry-date\">\n\t\t\t\t\t<i class=\"fa fa-clock-o\"><\/i><a href=\"https:\/\/eeefc.eu\/es\/2022\/03\/28\/asociacion\/\" rel=\"bookmark\">28 de marzo de 2022<\/a>\n\t\t\t\t<\/span>\n\t\t\t\t<span class=\"entry-author\">\n\t\t\t\t\t<i class=\"fa fa-user\"><\/i><a class=\"url fn n\" href=\"https:\/\/eeefc.eu\/es\/author\/eeefc\/\">eeefc<\/a>\n\t\t\t\t<\/span>\n\t\t\t<\/div>\n\t\t\t\t\t\t<div class=\"entry-summary\">\n\t\t\t\t<p>Trabajar en t\u00e9rminos de asociaci\u00f3n<\/p>\n\t\t\t<\/div>\n\t\t\t\t\t<\/div>\n\t<\/div>\n\t\t<div class=\"tg-blog-widget tg-column-2\">\n\t\t\t\t<div class=\"post-image\">\n\t\t\t<figure><a href=\"https:\/\/eeefc.eu\/es\/2022\/03\/28\/empezar\/\" title=\"Pistoletazo de salida\"><img loading=\"lazy\" decoding=\"async\" width=\"300\" height=\"300\" src=\"https:\/\/eeefc.eu\/wp-content\/uploads\/2022\/03\/LiamLeader1-300x300.png\" class=\"attachment-flash-square size-flash-square wp-post-image\" alt=\"\" srcset=\"https:\/\/eeefc.eu\/wp-content\/uploads\/2022\/03\/LiamLeader1-300x300.png 300w, https:\/\/eeefc.eu\/wp-content\/uploads\/2022\/03\/LiamLeader1-150x150.png 150w, https:\/\/eeefc.eu\/wp-content\/uploads\/2022\/03\/LiamLeader1-100x100.png 100w\" sizes=\"auto, (max-width: 300px) 100vw, 300px\" \/><\/a><\/figure>\t\t<\/div>\n\t\t<div class=\"blog-content\">\n\t\t\t<h3 class=\"entry-title\"><a href=\"https:\/\/eeefc.eu\/es\/2022\/03\/28\/empezar\/\">Pistoletazo de salida<\/a><\/h3>\n\t\t\t\t\t\t<div class=\"entry-meta\">\n\t\t\t\t<span class=\"entry-date\">\n\t\t\t\t\t<i class=\"fa fa-clock-o\"><\/i><a href=\"https:\/\/eeefc.eu\/es\/2022\/03\/28\/empezar\/\" rel=\"bookmark\">28 de marzo de 2022<\/a>\n\t\t\t\t<\/span>\n\t\t\t\t<span class=\"entry-author\">\n\t\t\t\t\t<i class=\"fa fa-user\"><\/i><a class=\"url fn n\" href=\"https:\/\/eeefc.eu\/es\/author\/eeefc\/\">eeefc<\/a>\n\t\t\t\t<\/span>\n\t\t\t<\/div>\n\t\t\t\t\t\t<div class=\"entry-summary\">\n\t\t\t\t<p>El 8 de marzo de 2022 tuvo lugar en la Dublin City University el Kick Off del proyecto EEEFCom [...]<\/p>\n\t\t\t<\/div>\n\t\t\t\t\t<\/div>\n\t<\/div>\n\t\t<\/div>\n\t<\/div><!-- .blog-wrapper -->\n<\/div><\/div><\/div><\/div><\/div><\/div>\n\n\n\n<p><\/p>","protected":false},"excerpt":{"rendered":"","protected":false},"author":1,"featured_media":0,"parent":0,"menu_order":0,"comment_status":"closed","ping_status":"closed","template":"page-templates\/pagebuilder.php","meta":{"om_disable_all_campaigns":false,"_monsterinsights_skip_tracking":false,"_monsterinsights_sitenote_active":false,"_monsterinsights_sitenote_note":"","_monsterinsights_sitenote_category":0,"footnotes":""},"class_list":["post-910","page","type-page","status-publish","hentry"],"aioseo_notices":[],"_links":{"self":[{"href":"https:\/\/eeefc.eu\/es\/wp-json\/wp\/v2\/pages\/910","targetHints":{"allow":["GET"]}}],"collection":[{"href":"https:\/\/eeefc.eu\/es\/wp-json\/wp\/v2\/pages"}],"about":[{"href":"https:\/\/eeefc.eu\/es\/wp-json\/wp\/v2\/types\/page"}],"author":[{"embeddable":true,"href":"https:\/\/eeefc.eu\/es\/wp-json\/wp\/v2\/users\/1"}],"replies":[{"embeddable":true,"href":"https:\/\/eeefc.eu\/es\/wp-json\/wp\/v2\/comments?post=910"}],"version-history":[{"count":8,"href":"https:\/\/eeefc.eu\/es\/wp-json\/wp\/v2\/pages\/910\/revisions"}],"predecessor-version":[{"id":2289,"href":"https:\/\/eeefc.eu\/es\/wp-json\/wp\/v2\/pages\/910\/revisions\/2289"}],"wp:attachment":[{"href":"https:\/\/eeefc.eu\/es\/wp-json\/wp\/v2\/media?parent=910"}],"curies":[{"name":"wp","href":"https:\/\/api.w.org\/{rel}","templated":true}]}}