{"id":765,"date":"2022-02-09T13:46:06","date_gmt":"2022-02-09T13:46:06","guid":{"rendered":"https:\/\/eeefc.eu\/?page_id=765"},"modified":"2024-12-20T20:13:34","modified_gmt":"2024-12-20T18:13:34","slug":"objetivos","status":"publish","type":"page","link":"https:\/\/eeefc.eu\/es\/objetivos\/","title":{"rendered":"Objetivos"},"content":{"rendered":"<p>Objetivo y metodolog\u00eda<\/p>\r\n<p>Se trata de un proyecto de cooperaci\u00f3n Erasmus+ en el \u00e1mbito de la educaci\u00f3n de adultos. El objetivo de este proyecto es integrar en las comunidades un marco educativo emancipador para personas marginadas y excluidas por problemas de salud mental y abuso de sustancias.<\/p>\r\n<p>Objetivos generales:<\/p>\r\n<ol>\r\n<li>Establecimiento de un proceso global de investigaci\u00f3n-acci\u00f3n participativa (IAP) que incorpore a estudiantes, socios asociados, colaboradores y cualquier otra parte interesada en el proceso educativo y los resultados del proyecto.<\/li>\r\n<li>Establecer un marco de evaluaci\u00f3n de prueba de concepto adoptando m\u00e9todos de investigaci\u00f3n-acci\u00f3n participativa.<\/li>\r\n<li>Aplicaci\u00f3n de procesos educativos.<\/li>\r\n<li>Elaboraci\u00f3n de directrices de buenas pr\u00e1cticas basadas en el proceso del proyecto y la prueba de concepto.<br \/><br \/><\/li>\r\n<\/ol>\r\n<p>Las personas que padecen problemas de salud mental y drogodependencia se encuentran a menudo en posiciones de exclusi\u00f3n dentro de sus comunidades y de la sociedad en general, donde la diversidad de experiencias y estilos de vida no tienen cabida. En consecuencia, la estigmatizaci\u00f3n y la discriminaci\u00f3n de la comunidad\/sociedad y de uno mismo provocan una marginaci\u00f3n que crea dificultades para las personas de estas comunidades.<\/p>\r\n<p>- prosperar;<\/p>\r\n<p>- para conectar con la comunidad;<\/p>\r\n<p>- para superar la \"otredad\";<\/p>\r\n<p>- lograr la igualdad de derechos y oportunidades de los ciudadanos.<\/p>\r\n<p>Adem\u00e1s, la salud contempor\u00e1nea.<\/p>","protected":false},"excerpt":{"rendered":"<p>Aim and Methodology This is an Erasmus+ Project-Cooperation partnership in adult education. This project aims to embed an emancipatory educational [&hellip;]<\/p>","protected":false},"author":1,"featured_media":0,"parent":0,"menu_order":0,"comment_status":"closed","ping_status":"closed","template":"","meta":{"om_disable_all_campaigns":false,"_monsterinsights_skip_tracking":false,"_monsterinsights_sitenote_active":false,"_monsterinsights_sitenote_note":"","_monsterinsights_sitenote_category":0,"footnotes":""},"class_list":["post-765","page","type-page","status-publish","hentry"],"aioseo_notices":[],"_links":{"self":[{"href":"https:\/\/eeefc.eu\/es\/wp-json\/wp\/v2\/pages\/765","targetHints":{"allow":["GET"]}}],"collection":[{"href":"https:\/\/eeefc.eu\/es\/wp-json\/wp\/v2\/pages"}],"about":[{"href":"https:\/\/eeefc.eu\/es\/wp-json\/wp\/v2\/types\/page"}],"author":[{"embeddable":true,"href":"https:\/\/eeefc.eu\/es\/wp-json\/wp\/v2\/users\/1"}],"replies":[{"embeddable":true,"href":"https:\/\/eeefc.eu\/es\/wp-json\/wp\/v2\/comments?post=765"}],"version-history":[{"count":11,"href":"https:\/\/eeefc.eu\/es\/wp-json\/wp\/v2\/pages\/765\/revisions"}],"predecessor-version":[{"id":2470,"href":"https:\/\/eeefc.eu\/es\/wp-json\/wp\/v2\/pages\/765\/revisions\/2470"}],"wp:attachment":[{"href":"https:\/\/eeefc.eu\/es\/wp-json\/wp\/v2\/media?parent=765"}],"curies":[{"name":"wp","href":"https:\/\/api.w.org\/{rel}","templated":true}]}}