{"id":242,"date":"2017-02-20T09:48:07","date_gmt":"2017-02-20T09:48:07","guid":{"rendered":"https:\/\/demo.themegrill.com\/flash\/?page_id=242"},"modified":"2017-02-20T09:48:07","modified_gmt":"2017-02-20T09:48:07","slug":"servicios","status":"publish","type":"page","link":"https:\/\/eeefc.eu\/es\/servicios\/","title":{"rendered":"Servicios"},"content":{"rendered":"<div id=\"pl-242\"  class=\"panel-layout\" ><div id=\"pg-242-0\"  class=\"panel-grid panel-no-style\" ><div id=\"pgc-242-0-0\"  class=\"panel-grid-cell\" ><div id=\"panel-242-0-0-0\" class=\"so-panel widget widget_themegrill_flash_heading tg-widget section-title-wrapper panel-first-child panel-last-child\" data-index=\"0\" >\t<h3 class=\"section-title\">ICONO EN LA PARTE SUPERIOR DE TODO EL BLOQUE<\/h3>\n<\/div><\/div><\/div><div id=\"pg-242-1\"  class=\"panel-grid panel-no-style\" ><div id=\"pgc-242-1-0\"  class=\"panel-grid-cell\" ><div id=\"panel-242-1-0-0\" class=\"so-panel widget widget_themegrill_flash_service tg-widget tg-single-service panel-first-child panel-last-child\" data-index=\"1\" >\n<div class=\"tg-service-widget tg-service-layout-2\">\n\t<div class=\"service-wrapper\">\n\t\t<div class=\"service-icon-title-wrapper clearfix\">\n\t\t\t\t\t\t<div class=\"service-icon-wrap\"><i class=\"fa fa-flash\"><\/i><\/div>\n\t\t\t\t\t\t\t\t\t\t\t\t<h3 class=\"service-title-wrap\">\n\t\t\t\t\t\t\t\t<a href=\"http:\/\/themegrill.com\">\n\t\t\t\tVelocidad de iluminaci\u00f3n\t\t\t\t\t\t\t\t<\/a>\n\t\t\t\t\t\t\t<\/h3>\n\t\t\t\t\t<\/div>\n\t\t\t\t<div class=\"service-content-wrap\">Muy lejos, detr\u00e1s de las monta\u00f1as de la palabra, lejos de los pa\u00edses Vokalia y Consonantia, all\u00ed tok viven los textos ciegos.<\/div>\n\t\t\t\t\t\t<a class=\"service-more\" href=\"http:\/\/themegrill.com\">Ver m\u00e1s<\/a>\n\t\t\t<\/div>\n<\/div>\n<\/div><\/div><div id=\"pgc-242-1-1\"  class=\"panel-grid-cell\" ><div id=\"panel-242-1-1-0\" class=\"so-panel widget widget_themegrill_flash_service tg-widget tg-single-service panel-first-child panel-last-child\" data-index=\"2\" >\n<div class=\"tg-service-widget tg-service-layout-2\">\n\t<div class=\"service-wrapper\">\n\t\t<div class=\"service-icon-title-wrapper clearfix\">\n\t\t\t\t\t\t<div class=\"service-icon-wrap\"><i class=\"fa fa-battery-full\"><\/i><\/div>\n\t\t\t\t\t\t\t\t\t\t\t\t<h3 class=\"service-title-wrap\">\n\t\t\t\t\t\t\t\t<a href=\"http:\/\/themegrill.com\">\n\t\t\t\tTotalmente cargado\t\t\t\t\t\t\t\t<\/a>\n\t\t\t\t\t\t\t<\/h3>\n\t\t\t\t\t<\/div>\n\t\t\t\t<div class=\"service-content-wrap\">Chocolate bar caramelos fruitcake glaseado. Jujubes pan de jengibre mazap\u00e1n applicake dulce gotas de lim\u00f3n. Malvavisco<\/div>\n\t\t\t\t\t\t<a class=\"service-more\" href=\"http:\/\/themegrill.com\">Ver m\u00e1s<\/a>\n\t\t\t<\/div>\n<\/div>\n<\/div><\/div><div id=\"pgc-242-1-2\"  class=\"panel-grid-cell\" ><div id=\"panel-242-1-2-0\" class=\"so-panel widget widget_themegrill_flash_service tg-widget tg-single-service panel-first-child panel-last-child\" data-index=\"3\" >\n<div class=\"tg-service-widget tg-service-layout-2\">\n\t<div class=\"service-wrapper\">\n\t\t<div class=\"service-icon-title-wrapper clearfix\">\n\t\t\t\t\t\t<div class=\"service-icon-wrap\"><i class=\"fa fa-cogs\"><\/i><\/div>\n\t\t\t\t\t\t\t\t\t\t\t\t<h3 class=\"service-title-wrap\">\n\t\t\t\t\t\t\t\t<a href=\"http:\/\/themegrill.com\">\n\t\t\t\tPersonalizaci\u00f3n flexible\t\t\t\t\t\t\t\t<\/a>\n\t\t\t\t\t\t\t<\/h3>\n\t\t\t\t\t<\/div>\n\t\t\t\t<div class=\"service-content-wrap\">Tiramis\u00fa Barra de chocolate caramelos pastel de frutas glaseado. Jujubes pan de jengibre mazap\u00e1n applicake dulce gotas de lim\u00f3n.<\/div>\n\t\t\t\t\t\t<a class=\"service-more\" href=\"http:\/\/themegrill.com\">Ver m\u00e1s<\/a>\n\t\t\t<\/div>\n<\/div>\n<\/div><\/div><\/div><div id=\"pg-242-2\"  class=\"panel-grid panel-no-style\" ><div id=\"pgc-242-2-0\"  class=\"panel-grid-cell\" ><div id=\"panel-242-2-0-0\" class=\"so-panel widget widget_themegrill_flash_heading tg-widget section-title-wrapper panel-first-child panel-last-child\" data-index=\"4\" >\t<h3 class=\"section-title\">Iconos a la izquierda del t\u00edtulo<\/h3>\n<\/div><\/div><\/div><div id=\"pg-242-3\"  class=\"panel-grid panel-no-style\" ><div id=\"pgc-242-3-0\"  class=\"panel-grid-cell\" ><div id=\"panel-242-3-0-0\" class=\"so-panel widget widget_themegrill_flash_service tg-widget tg-single-service panel-first-child panel-last-child\" data-index=\"5\" >\n<div class=\"tg-service-widget tg-service-layout-1\">\n\t<div class=\"service-wrapper\">\n\t\t<div class=\"service-icon-title-wrapper clearfix\">\n\t\t\t\t\t\t<div class=\"service-icon-wrap\"><i class=\"fa fa-spinner\"><\/i><\/div>\n\t\t\t\t\t\t\t\t\t\t\t\t<h3 class=\"service-title-wrap\">\n\t\t\t\tCarga superr\u00e1pida\t\t\t\t\t\t\t<\/h3>\n\t\t\t\t\t<\/div>\n\t\t\t\t<div class=\"service-content-wrap\">El tema est\u00e1 optimizado para una carga s\u00faper r\u00e1pida. Tiramis\u00fa Barra de chocolate caramelos pastel de frutas glaseado.<\/div>\n\t\t\t\t\t<\/div>\n<\/div>\n<\/div><\/div><div id=\"pgc-242-3-1\"  class=\"panel-grid-cell\" ><div id=\"panel-242-3-1-0\" class=\"so-panel widget widget_themegrill_flash_service tg-widget tg-single-service panel-first-child panel-last-child\" data-index=\"6\" >\n<div class=\"tg-service-widget tg-service-layout-1\">\n\t<div class=\"service-wrapper\">\n\t\t<div class=\"service-icon-title-wrapper clearfix\">\n\t\t\t\t\t\t<div class=\"service-icon-wrap\"><i class=\"fa fa-support\"><\/i><\/div>\n\t\t\t\t\t\t\t\t\t\t\t\t<h3 class=\"service-title-wrap\">\n\t\t\t\tApoyo impresionante\t\t\t\t\t\t\t<\/h3>\n\t\t\t\t\t<\/div>\n\t\t\t\t<div class=\"service-content-wrap\">Proporcionamos un soporte impresionante a nuestros clientes y usuarios. Malvavisco garra de oso torta de avena caramelo mazap\u00e1n.<\/div>\n\t\t\t\t\t<\/div>\n<\/div>\n<\/div><\/div><div id=\"pgc-242-3-2\"  class=\"panel-grid-cell\" ><div id=\"panel-242-3-2-0\" class=\"so-panel widget widget_themegrill_flash_service tg-widget tg-single-service panel-first-child panel-last-child\" data-index=\"7\" >\n<div class=\"tg-service-widget tg-service-layout-1\">\n\t<div class=\"service-wrapper\">\n\t\t<div class=\"service-icon-title-wrapper clearfix\">\n\t\t\t\t\t\t<div class=\"service-icon-wrap\"><i class=\"fa fa-mobile\"><\/i><\/div>\n\t\t\t\t\t\t\t\t\t\t\t\t<h3 class=\"service-title-wrap\">\n\t\t\t\tDise\u00f1o adaptable\t\t\t\t\t\t\t<\/h3>\n\t\t\t\t\t<\/div>\n\t\t\t\t<div class=\"service-content-wrap\">El tema es sensible en todos los dispositivos. Tiramis\u00fa Barra de chocolate caramelos pastel de frutas glaseado.<\/div>\n\t\t\t\t\t<\/div>\n<\/div>\n<\/div><\/div><\/div><\/div>","protected":false},"excerpt":{"rendered":"<p>ICON ON TOP OF WHOLE BLOCK Lighting Speed Far far away, behind the word mountains, far from the countries Vokalia [&hellip;]<\/p>","protected":false},"author":1,"featured_media":0,"parent":0,"menu_order":0,"comment_status":"closed","ping_status":"closed","template":"page-templates\/full-width.php","meta":{"om_disable_all_campaigns":false,"_monsterinsights_skip_tracking":false,"_monsterinsights_sitenote_active":false,"_monsterinsights_sitenote_note":"","_monsterinsights_sitenote_category":0,"footnotes":""},"class_list":["post-242","page","type-page","status-publish","hentry"],"aioseo_notices":[],"_links":{"self":[{"href":"https:\/\/eeefc.eu\/es\/wp-json\/wp\/v2\/pages\/242","targetHints":{"allow":["GET"]}}],"collection":[{"href":"https:\/\/eeefc.eu\/es\/wp-json\/wp\/v2\/pages"}],"about":[{"href":"https:\/\/eeefc.eu\/es\/wp-json\/wp\/v2\/types\/page"}],"author":[{"embeddable":true,"href":"https:\/\/eeefc.eu\/es\/wp-json\/wp\/v2\/users\/1"}],"replies":[{"embeddable":true,"href":"https:\/\/eeefc.eu\/es\/wp-json\/wp\/v2\/comments?post=242"}],"version-history":[{"count":0,"href":"https:\/\/eeefc.eu\/es\/wp-json\/wp\/v2\/pages\/242\/revisions"}],"wp:attachment":[{"href":"https:\/\/eeefc.eu\/es\/wp-json\/wp\/v2\/media?parent=242"}],"curies":[{"name":"wp","href":"https:\/\/api.w.org\/{rel}","templated":true}]}}