{"id":1819,"date":"2022-03-27T17:49:18","date_gmt":"2022-03-27T17:49:18","guid":{"rendered":"https:\/\/eeefc.eu\/?page_id=1819"},"modified":"2024-12-19T16:33:45","modified_gmt":"2024-12-19T14:33:45","slug":"el_equipo","status":"publish","type":"page","link":"https:\/\/eeefc.eu\/es\/el_equipo\/","title":{"rendered":"El equipo"},"content":{"rendered":"<p><img loading=\"lazy\" decoding=\"async\" class=\"alignnone wp-image-1827 size-full\" src=\"https:\/\/eeefc.eu\/wp-content\/uploads\/2022\/03\/Martha-Griffin-DCU.png\" alt=\"\" width=\"225\" height=\"300\" \/><\/p>\n<p>Martha Griffin - DCU<\/p>\n<hr \/>\n<p><img loading=\"lazy\" decoding=\"async\" class=\"alignnone size-full wp-image-1715\" src=\"https:\/\/eeefc.eu\/wp-content\/uploads\/2022\/03\/Team_Liam.png\" alt=\"\" width=\"230\" height=\"300\" \/><\/p>\n<p>L\u00edam Mac Gabhann es profesor asociado de Pr\u00e1ctica de Salud Mental en la Escuela de Enfermer\u00eda, Psicoterapia y Salud Comunitaria de la Universidad de la Ciudad de Dubl\u00edn. Es profesor, profesional de la salud mental y activista comunitario. Junto con un amplio grupo de colegas, su principal programa de investigaci\u00f3n se centra en `<em>Di\u00e1logos transformadores en las comunidades de salud mental<\/em>`. Gran parte de este trabajo se centra en que las personas concilien sus propias experiencias, percepciones y pr\u00e1cticas con las de otras personas\/grupos relacionados con la salud mental y utilicen distintos enfoques para mejorarlas a nivel individual, grupal, organizativo y comunitario. Ejemplos de \u00e1reas relevantes incluyen: cuando las personas tienen experiencias y creencias extraordinarias; cuando las personas est\u00e1n privadas de derechos por la sociedad y la comunidad; y en el \u00e1rea de Trauma y respuestas a eventos traum\u00e1ticos.  Los enfoques incluyen el aprendizaje cooperativo, la acci\u00f3n participativa, el di\u00e1logo abierto y el trabajo sist\u00e9mico de constelaciones familiares. Junto con Paddy McGowan, un amplio equipo y grupos comunitarios locales, la Red de Tri\u00e1logo sobre Salud Mental de Irlanda (<a href=\"http:\/\/www.trialogue.co\/\">www.trialogue.co<\/a>) se cre\u00f3 en 2010. Se trata de grupos comunitarios locales formados por usuarios de servicios de salud mental, cuidadores, proveedores de servicios y miembros interesados de la comunidad que celebran reuniones mensuales de di\u00e1logo abierto (Trialogue) para mejorar la comprensi\u00f3n de la gente y las respuestas a las personas con dificultades de salud mental en sus comunidades.<\/p>\n<hr \/>\n<div><img loading=\"lazy\" decoding=\"async\" class=\"alignnone size-medium wp-image-2401\" src=\"https:\/\/eeefc.eu\/wp-content\/uploads\/2024\/12\/Triona-300x300.jpg\" alt=\"\" width=\"300\" height=\"300\" srcset=\"https:\/\/eeefc.eu\/wp-content\/uploads\/2024\/12\/Triona-300x300.jpg 300w, https:\/\/eeefc.eu\/wp-content\/uploads\/2024\/12\/Triona-150x150.jpg 150w, https:\/\/eeefc.eu\/wp-content\/uploads\/2024\/12\/Triona-12x12.jpg 12w, https:\/\/eeefc.eu\/wp-content\/uploads\/2024\/12\/Triona.jpg 338w\" sizes=\"auto, (max-width: 300px) 100vw, 300px\" \/><\/div>\n<div>\u00a0<\/div>\n<div class=\"elementToProof\">Triona Byrne<\/div>\n<div class=\"elementToProof\">\u00a0<\/div>\n<div class=\"elementToProof\">Responsable de Desarrollo Comunitario de Recuperaci\u00f3n\u00a0<\/div>\n<div class=\"elementToProof\">\u00a0<\/div>\n<div class=\"elementToProof\">Academia de Recuperaci\u00f3n de Irlanda<\/div>\n<div class=\"elementToProof\">\u00a0<\/div>\n<p class=\"elementToProof\">Tr\u00edona es diplomada en Trabajo Comunitario y Juvenil por la Universidad de Maynooth en 2022. Desde una perspectiva de desarrollo comunitario, Tr\u00edona cree firmemente que el proceso es igual o m\u00e1s importante que el objetivo final para lograr la transformaci\u00f3n de las personas y las comunidades. Est\u00e1 comprometida a utilizar este enfoque para construir la solidaridad dentro de las comunidades para actuar colectivamente por el cambio. Triona trabajar\u00e1 con la Academia de Recuperaci\u00f3n como responsable de Desarrollo Comunitario de la Recuperaci\u00f3n. En este papel Triona utiliza sus habilidades y conocimientos de la pr\u00e1ctica del desarrollo comunitario para construir una comunidad que apoye y celebre la Recuperaci\u00f3n a trav\u00e9s de la Promoci\u00f3n de iniciativas de Recuperaci\u00f3n. Utilizando los principios de desarrollo comunitario de la colectividad, la participaci\u00f3n y el empoderamiento de la comunidad, Triona trabaja para unir a la comunidad de modo que las personas y los miembros de la familia puedan acceder al apoyo de toda la comunidad cuando inician un viaje de recuperaci\u00f3n. En \u00faltima instancia, trabaja para alcanzar el objetivo de construir un Capital de Recuperaci\u00f3n personal y comunitario. A Triona le apasiona acabar con el estigma de las personas que consumen o han consumido sustancias y tienen problemas de salud mental, y cree que esto se puede conseguir haciendo visible la recuperaci\u00f3n.<\/p>\n<hr \/>\n<p><img loading=\"lazy\" decoding=\"async\" class=\"alignnone size-full wp-image-2255\" src=\"https:\/\/eeefc.eu\/wp-content\/uploads\/2024\/06\/claire-230x300-1.jpg\" alt=\"\" width=\"230\" height=\"300\" \/><\/p>\n<p class=\"elementToProof\">Claire Naughton ha sido nombrada recientemente Coordinadora Nacional de la RAI.<\/p>\n<div class=\"elementToProof\">\n<p class=\"ContentPasted3 elementToProof\">Claire ha trabajado en servicios comunitarios y de voluntariado contra las adicciones, con especial atenci\u00f3n a las mujeres y los ni\u00f1os.<\/p>\n<p class=\"ContentPasted3 elementToProof\">Claire es una gran defensora de la recuperaci\u00f3n y la lucha contra el estigma.<\/p>\n<\/div>\n<hr \/>\n<p><img loading=\"lazy\" decoding=\"async\" class=\"alignnone size-medium wp-image-2405\" src=\"https:\/\/eeefc.eu\/wp-content\/uploads\/2024\/12\/Bernard-253x300.jpg\" alt=\"\" width=\"253\" height=\"300\" srcset=\"https:\/\/eeefc.eu\/wp-content\/uploads\/2024\/12\/Bernard-253x300.jpg 253w, https:\/\/eeefc.eu\/wp-content\/uploads\/2024\/12\/Bernard-10x12.jpg 10w, https:\/\/eeefc.eu\/wp-content\/uploads\/2024\/12\/Bernard.jpg 621w\" sizes=\"auto, (max-width: 253px) 100vw, 253px\" \/><\/p>\n<p>Bernard Jhon Bikai<\/p>\n<p>Asociaci\u00f3n Chaque Jour Compte<\/p>\n<p>Francia<\/p>\n<p class=\"font_8 wixui-rich-text__text\"><span class=\"wixui-rich-text__text\">Con conocimientos diversificados, Bernard est\u00e1 especializado en organizaci\u00f3n de eventos deportivos, gesti\u00f3n estrat\u00e9gica de organizaciones deportivas y evaluaci\u00f3n de pol\u00edticas sociales. Su formaci\u00f3n incluye un profundo conocimiento de la red de organizaciones sin \u00e1nimo de lucro, los sistemas de apoyo y una s\u00f3lida experiencia en el trabajo con personas en dificultades.\u00a0 <\/span><span class=\"wixui-rich-text__text\">Comprometido con la protecci\u00f3n de la infancia y los discapacitados, presta apoyo socioeducativo a menores y j\u00f3venes adultos y organiza proyectos deportivos y culturales. Desde hace muchos a\u00f1os, Bernard se compromete a promover la reinserci\u00f3n y el desarrollo personal de j\u00f3venes con dificultades.<\/span><\/p>\n<hr \/>\n<p data-wp-editing=\"1\"><img loading=\"lazy\" decoding=\"async\" class=\"alignnone size-full wp-image-2254\" src=\"https:\/\/eeefc.eu\/wp-content\/uploads\/2024\/06\/Sabine-230x300-1.jpg\" alt=\"\" width=\"230\" height=\"300\" \/><\/p>\n<p>Sabine Dick<\/p>\n<p>Asociaci\u00f3n Chaque Jour Compte<\/p>\n<p>Francia<\/p>\n<p>Sabine Dick es asesora sist\u00e9mica, consultora y defensora que trabaja en proyectos colaborativos y dirigidos por iguales desde hace m\u00e1s de 20 a\u00f1os. Estudi\u00f3 sociolog\u00eda, filolog\u00eda inglesa y etnolog\u00eda en Tr\u00e9veris y Berl\u00edn, Alemania, y m\u00e1s tarde se form\u00f3 en terapia sist\u00e9mica, en terapia del trauma, apoyo intencional entre iguales, constelaci\u00f3n sist\u00e9mica y familiar. Fue trabajadora social en la casa para fugitivos \"Villa St\u00f6ckle\", una instituci\u00f3n antipsiqui\u00e1trica en Berl\u00edn, y esto ha marcado profundamente su trayectoria. En 2018, vino a trabajar a Marsella, Francia, donde se familiariz\u00f3 m\u00e1s con el Di\u00e1logo Abierto. Ahora trabaja para la Asociaci\u00f3n<em> Chaque Jour Compte<\/em>que se dedica al deporte, el bienestar, la discapacidad \/ enfermedad cr\u00f3nica y la inclusi\u00f3n.<\/p>\n<hr \/>\n<p><img loading=\"lazy\" decoding=\"async\" class=\"alignnone size-full wp-image-1778\" src=\"https:\/\/eeefc.eu\/wp-content\/uploads\/2022\/03\/Team_Liisa-kallio_EVIPRO.png\" alt=\"\" width=\"230\" height=\"300\" \/><\/p>\n<p><span lang=\"en-US\">Liisa Kallio<\/span><\/p>\n<p><span lang=\"en-US\">M.Soc.Sc, Finlandia, liisa.kallio(at)evipro.fi <\/span><\/p>\n<p><span lang=\"en-US\">Mi formaci\u00f3n profesional es en ciencias sociales y he trabajado mucho con la atenci\u00f3n a las adicciones, as\u00ed como con el liderazgo y la gesti\u00f3n. Creo en el poder de las comunidades y en el apoyo entre iguales, as\u00ed como en las pr\u00e1cticas orientadas a la recuperaci\u00f3n. Actualmente trabajo como coach y supervisora profesional y como productora de eventos.<\/span><\/p>\n<hr \/>\n<p><img loading=\"lazy\" decoding=\"async\" class=\"alignnone size-full wp-image-1777\" src=\"https:\/\/eeefc.eu\/wp-content\/uploads\/2022\/03\/Team_Lauri-Kuosmanen_-EVIPRO.png\" alt=\"\" width=\"230\" height=\"300\" \/><\/p>\n<p><span lang=\"en-US\">Lauri Kuosmanen<\/span><\/p>\n<p><span lang=\"en-US\">Profesora adjunta, PhD, RN, FEANS, miembro del Comit\u00e9, Finlandia, lauri.kuosmanen(at)evipro.fi<\/span><\/p>\n<p><span lang=\"en-US\">Mi formaci\u00f3n profesional es en enfermer\u00eda de salud mental y tengo experiencia laboral en diferentes puestos en la atenci\u00f3n sanitaria desde hace 30 a\u00f1os. Me doctor\u00e9 en ciencias de la enfermer\u00eda en 2009 y obtuve el t\u00edtulo de docente (profesora adjunta) en 2013. Mis intereses de investigaci\u00f3n est\u00e1n relacionados con la bio\u00e9tica, los derechos humanos, la digitalizaci\u00f3n y la evaluaci\u00f3n de los servicios sanitarios. Adem\u00e1s de Evipro, trabajo como profesora universitaria en el Departamento de Ciencias de la Enfermer\u00eda de la Universidad de Finlandia Oriental.<\/span><\/p>\n<hr \/>\n<p><img loading=\"lazy\" decoding=\"async\" class=\"alignnone size-full wp-image-1717\" src=\"https:\/\/eeefc.eu\/wp-content\/uploads\/2022\/03\/Team_Stephen.png\" alt=\"\" width=\"230\" height=\"300\" \/><\/p>\n<p>Stephen Finlayson<\/p>\n<p>Penumbra<\/p>\n<p>Escocia<\/p>\n<hr \/>\n\n\n<figure class=\"wp-block-image size-large is-resized\"><img loading=\"lazy\" decoding=\"async\" width=\"1024\" height=\"1024\" src=\"https:\/\/eeefc.eu\/wp-content\/uploads\/2023\/05\/Nikki-Kilburn-Bio-Pic-1024x1024.jpg\" alt=\"\" class=\"wp-image-2159\" style=\"width:236px;height:auto\" srcset=\"https:\/\/eeefc.eu\/wp-content\/uploads\/2023\/05\/Nikki-Kilburn-Bio-Pic-1024x1024.jpg 1024w, https:\/\/eeefc.eu\/wp-content\/uploads\/2023\/05\/Nikki-Kilburn-Bio-Pic-300x300.jpg 300w, https:\/\/eeefc.eu\/wp-content\/uploads\/2023\/05\/Nikki-Kilburn-Bio-Pic-150x150.jpg 150w, https:\/\/eeefc.eu\/wp-content\/uploads\/2023\/05\/Nikki-Kilburn-Bio-Pic-768x768.jpg 768w, https:\/\/eeefc.eu\/wp-content\/uploads\/2023\/05\/Nikki-Kilburn-Bio-Pic-1536x1536.jpg 1536w, https:\/\/eeefc.eu\/wp-content\/uploads\/2023\/05\/Nikki-Kilburn-Bio-Pic-2048x2048.jpg 2048w\" sizes=\"auto, (max-width: 1024px) 100vw, 1024px\" \/><\/figure>\n\n\n\n<p>Nikki Kilburn<\/p>\n\n\n\n<p>Penumbra<\/p>\n\n\n\n<p>Escocia<\/p>\n\n\n\n<hr class=\"wp-block-separator has-alpha-channel-opacity is-style-wide\"\/>\n\n\n\n<figure class=\"wp-block-image\"><img loading=\"lazy\" decoding=\"async\" width=\"225\" height=\"300\" src=\"https:\/\/eeefc.eu\/wp-content\/uploads\/2022\/05\/Siobhan-Russell.png\" alt=\"\" class=\"wp-image-2109\"\/><\/figure>\n\n\n\n<p>Dra. Siobh\u00e1n Russell&nbsp;<\/p>\n\n\n\n<p>Profesora adjunta, Salud Mental y Enfermer\u00eda<\/p>\n\n\n\n<p>Escuela de Enfermer\u00eda, Psicoterapia y Salud Comunitaria<\/p>\n\n\n\n<p>Universidad de Dubl\u00edn<\/p>\n\n\n\n<hr class=\"wp-block-separator has-alpha-channel-opacity is-style-wide\"\/>\n\n\n\n<figure class=\"wp-block-image\"><img loading=\"lazy\" decoding=\"async\" width=\"225\" height=\"300\" src=\"https:\/\/eeefc.eu\/wp-content\/uploads\/2022\/05\/Mary-Farrelly.png\" alt=\"\" class=\"wp-image-2108\"\/><\/figure>\n\n\n\n<p>Dra. Mary Farrelly<\/p>\n\n\n\n<p>Soy profesora adjunta de Enfermer\u00eda de Salud Mental en la Dublin City University y miembro del equipo del Dublin North\/North East Recovery College.  He trabajado en los servicios de salud mental en diversas funciones antes de pasar a la educaci\u00f3n.  Tambi\u00e9n soy facilitadora de Hearing Voices Network Ireland.<\/p>\n\n\n\n<hr class=\"wp-block-separator has-alpha-channel-opacity is-style-wide\"\/>\n\n\n\n<figure class=\"wp-block-image\"><img loading=\"lazy\" decoding=\"async\" width=\"350\" height=\"263\" src=\"https:\/\/eeefc.eu\/wp-content\/uploads\/2022\/05\/Mark-Philbin.png\" alt=\"\" class=\"wp-image-2106\" srcset=\"https:\/\/eeefc.eu\/wp-content\/uploads\/2022\/05\/Mark-Philbin.png 350w, https:\/\/eeefc.eu\/wp-content\/uploads\/2022\/05\/Mark-Philbin-300x225.png 300w\" sizes=\"auto, (max-width: 350px) 100vw, 350px\" \/><\/figure>\n\n\n\n<p>Dr. Mark Philbin<\/p>\n\n\n\n<p>Profesor de Salud y Sociedad<\/p>\n\n\n\n<p>Escuela de Enfermer\u00eda, Psicoterapia y Salud Comunitaria<\/p>\n\n\n\n<p>Universidad de Dubl\u00edn<\/p>\n\n\n\n<p>Dubl\u00edn 9<\/p>\n\n\n\n<hr class=\"wp-block-separator has-alpha-channel-opacity is-style-wide\"\/>\n\n\n\n<figure class=\"wp-block-image size-large is-resized\"><img loading=\"lazy\" decoding=\"async\" width=\"768\" height=\"1024\" src=\"https:\/\/eeefc.eu\/wp-content\/uploads\/2023\/04\/Chris-ODonell-768x1024.jpg\" alt=\"\" class=\"wp-image-2148\" style=\"width:254px;height:auto\" srcset=\"https:\/\/eeefc.eu\/wp-content\/uploads\/2023\/04\/Chris-ODonell-768x1024.jpg 768w, https:\/\/eeefc.eu\/wp-content\/uploads\/2023\/04\/Chris-ODonell-225x300.jpg 225w, https:\/\/eeefc.eu\/wp-content\/uploads\/2023\/04\/Chris-ODonell-1152x1536.jpg 1152w, https:\/\/eeefc.eu\/wp-content\/uploads\/2023\/04\/Chris-ODonell-1536x2048.jpg 1536w, https:\/\/eeefc.eu\/wp-content\/uploads\/2023\/04\/Chris-ODonell-scaled.jpg 1920w\" sizes=\"auto, (max-width: 768px) 100vw, 768px\" \/><\/figure>\n\n\n\n<p>Chris O'Donell<\/p>\n\n\n\n<p>Chris era trabajadora de apoyo entre iguales en el \u00e1mbito de las personas sin hogar, los traumas y las dependencias. Ten\u00eda formaci\u00f3n en ling\u00fc\u00edstica y periodismo, y le interesaba la curaci\u00f3n a trav\u00e9s de la conexi\u00f3n y el humor.<\/p>\n\n\n\n<p><a href=\"https:\/\/recoverycollege.ie\/angel-of-the-street-ascends\/\" title=\"\">https:\/\/recoverycollege.ie\/angel-of-the-street-ascends\/<\/a><\/p>","protected":false},"excerpt":{"rendered":"<p>Martha Griffin &#8211; DCU L\u00edam Mac Gabhann is Associate Professor, in Mental Health Practice at the School of Nursing, Psychotherapy [&hellip;]<\/p>","protected":false},"author":1,"featured_media":0,"parent":0,"menu_order":0,"comment_status":"closed","ping_status":"closed","template":"","meta":{"om_disable_all_campaigns":false,"_monsterinsights_skip_tracking":false,"_monsterinsights_sitenote_active":false,"_monsterinsights_sitenote_note":"","_monsterinsights_sitenote_category":0,"footnotes":""},"class_list":["post-1819","page","type-page","status-publish","hentry"],"aioseo_notices":[],"_links":{"self":[{"href":"https:\/\/eeefc.eu\/es\/wp-json\/wp\/v2\/pages\/1819","targetHints":{"allow":["GET"]}}],"collection":[{"href":"https:\/\/eeefc.eu\/es\/wp-json\/wp\/v2\/pages"}],"about":[{"href":"https:\/\/eeefc.eu\/es\/wp-json\/wp\/v2\/types\/page"}],"author":[{"embeddable":true,"href":"https:\/\/eeefc.eu\/es\/wp-json\/wp\/v2\/users\/1"}],"replies":[{"embeddable":true,"href":"https:\/\/eeefc.eu\/es\/wp-json\/wp\/v2\/comments?post=1819"}],"version-history":[{"count":17,"href":"https:\/\/eeefc.eu\/es\/wp-json\/wp\/v2\/pages\/1819\/revisions"}],"predecessor-version":[{"id":2426,"href":"https:\/\/eeefc.eu\/es\/wp-json\/wp\/v2\/pages\/1819\/revisions\/2426"}],"wp:attachment":[{"href":"https:\/\/eeefc.eu\/es\/wp-json\/wp\/v2\/media?parent=1819"}],"curies":[{"name":"wp","href":"https:\/\/api.w.org\/{rel}","templated":true}]}}