{"id":1551,"date":"2022-03-05T13:18:20","date_gmt":"2022-03-05T13:18:20","guid":{"rendered":"https:\/\/eeefc.eu\/?page_id=1551"},"modified":"2024-12-14T18:56:27","modified_gmt":"2024-12-14T16:56:27","slug":"socios","status":"publish","type":"page","link":"https:\/\/eeefc.eu\/es\/socios\/","title":{"rendered":"Socios"},"content":{"rendered":"<div id=\"pl-1551\" class=\"panel-layout\">\r\n<div id=\"pg-1551-0\" class=\"panel-grid panel-no-style\" data-style=\"{&quot;background_image_attachment&quot;:false,&quot;background_display&quot;:&quot;tile&quot;,&quot;cell_alignment&quot;:&quot;flex-start&quot;}\" data-ratio=\"1\" data-ratio-direction=\"right\">\r\n<div id=\"pgc-1551-0-0\" class=\"panel-grid-cell\" data-weight=\"1\">\r\n<div id=\"panel-1551-0-0-0\" class=\"so-panel widget widget_text panel-first-child panel-last-child\" data-index=\"0\" data-style=\"{&quot;background_image_attachment&quot;:false,&quot;background_display&quot;:&quot;tile&quot;}\">\r\n<h3>Academia de Recuperaci\u00f3n de Irlanda<\/h3>\r\n<h3 class=\"textwidget\"><img loading=\"lazy\" decoding=\"async\" class=\"size-full wp-image-1774 alignleft\" src=\"https:\/\/eeefc.eu\/wp-content\/uploads\/2022\/03\/Logo-Recovery_H.png\" alt=\"\" width=\"325\" height=\"233\" srcset=\"https:\/\/eeefc.eu\/wp-content\/uploads\/2022\/03\/Logo-Recovery_H.png 325w, https:\/\/eeefc.eu\/wp-content\/uploads\/2022\/03\/Logo-Recovery_H-300x215.png 300w\" sizes=\"auto, (max-width: 325px) 100vw, 325px\" \/><\/h3>\r\n<\/div>\r\n<\/div>\r\n<\/div>\r\n<\/div>\r\n<p>&nbsp;<\/p>\r\n<p>Recovery Academy Ireland es una organizaci\u00f3n cooperativa y ben\u00e9fica que forma parte de una red internacional m\u00e1s amplia de organizaciones que promueven la visibilidad de la recuperaci\u00f3n y luchan contra el estigma. Su objetivo principal es promover y apoyar la recuperaci\u00f3n activa y sostenible de las personas adictas, sus familias y amigos, y defender los intereses de estas personas. La misi\u00f3n de la Recovery Academy Ireland es iniciar este cambio cultural para reorientar los servicios desde la simple reducci\u00f3n de da\u00f1os hacia un modelo de recuperaci\u00f3n. Para ello, la academia promueve una vida de realizaci\u00f3n, bienestar y plena participaci\u00f3n social para las personas en recuperaci\u00f3n, que se aleja de la dependencia de los servicios de adicci\u00f3n y se centra m\u00e1s en la creaci\u00f3n de capital de recuperaci\u00f3n para las personas y las comunidades.<\/p>\r\n<p><a href=\"http:\/\/www.recoveryacademyireland.ie\">http:\/\/www.recoveryacademyireland.ie<\/a><\/p>\r\n<hr \/>\r\n<h3>DNNERC<\/h3>\r\n<p><img loading=\"lazy\" decoding=\"async\" class=\"size-full wp-image-1497 alignleft\" src=\"https:\/\/eeefc.eu\/wp-content\/uploads\/2022\/03\/Logo-DNNERC_H.png\" alt=\"\" width=\"325\" height=\"233\" srcset=\"https:\/\/eeefc.eu\/wp-content\/uploads\/2022\/03\/Logo-DNNERC_H.png 325w, https:\/\/eeefc.eu\/wp-content\/uploads\/2022\/03\/Logo-DNNERC_H-300x215.png 300w\" sizes=\"auto, (max-width: 325px) 100vw, 325px\" \/><\/p>\r\n<p>El Dublin North, North East Recovery College ofrece un proceso educativo transformador basado en la recuperaci\u00f3n de la salud mental a adultos y j\u00f3venes, principalmente en las zonas del norte de Dubl\u00edn, Louth y Meath, en Irlanda, aunque este alcance se ha ido ampliando a otras partes de Irlanda. El Recovery College ofrece una educaci\u00f3n basada en la recuperaci\u00f3n, empoderadora y transformadora, a cualquier persona interesada en la recuperaci\u00f3n de la salud mental y el abuso de sustancias.  Con un enfoque de coproducci\u00f3n, el trabajo del Recovery College se basa en una combinaci\u00f3n de principios de recuperaci\u00f3n, educaci\u00f3n de adultos, derechos humanos y desarrollo comunitario.<\/p>\r\n<p><a href=\"http:\/\/www.recoverycollege.ie\">http:\/\/www.recoverycollege.ie\u00a0<\/a><\/p>\r\n<hr \/>\r\n<h3 class=\"widget-title\"><span style=\"font-size: revert;\">Evipro<\/span><\/h3>\r\n<p><img loading=\"lazy\" decoding=\"async\" class=\"alignleft wp-image-2095 size-medium\" src=\"https:\/\/eeefc.eu\/wp-content\/uploads\/2022\/04\/Logo-Evipro-e1651146948964-300x96.jpg\" alt=\"\" width=\"300\" height=\"96\" srcset=\"https:\/\/eeefc.eu\/wp-content\/uploads\/2022\/04\/Logo-Evipro-e1651146948964-300x96.jpg 300w, https:\/\/eeefc.eu\/wp-content\/uploads\/2022\/04\/Logo-Evipro-e1651146948964.jpg 569w\" sizes=\"auto, (max-width: 300px) 100vw, 300px\" \/>(Profesionales basados en la evidencia) Empresa con experiencia en la organizaci\u00f3n de eventos como conferencias, seminarios y visitas de estudio para profesionales con el fin de proporcionar foros para aprender y debatir juntos. Evipro presta servicios de asesoramiento y consultor\u00eda en el \u00e1mbito de los servicios sociales y sanitarios. Los instructores de la empresa tienen amplia experiencia en trabajo pr\u00e1ctico, liderazgo, gesti\u00f3n, planificaci\u00f3n e investigaci\u00f3n, especialmente en los campos de la salud mental y las adicciones. La voz de los usuarios de los servicios y de los expertos por experiencia y recuperaci\u00f3n est\u00e1 presente en el trabajo de Evipro. Evipro ofrece consultor\u00eda, supervisi\u00f3n, formaci\u00f3n a medida y educaci\u00f3n para profesionales del sector p\u00fablico, ONGs, empresas privadas, escuelas y otras instituciones. Nuestros supervisores y coaches acreditados tambi\u00e9n imparten formaci\u00f3n y coaching para el personal y el liderazgo. Evipro es organizador oficial de las conferencias de la Conferencia Europea de Salud Mental. <a href=\"https:\/\/www.ecmh.eu\">www.ecmh.eu<\/a>.<\/p>\r\n<p><a href=\"http:\/\/www.evipro.fi\">http:\/\/www.evipro.fi<\/a><\/p>\r\n<hr \/>\r\n<h3 class=\"textwidget\">Chaque Jour Compte<\/h3>\r\n<div><img loading=\"lazy\" decoding=\"async\" class=\"wp-image-2132 alignleft\" src=\"https:\/\/eeefc.eu\/wp-content\/uploads\/2023\/03\/cjc_logo_y_vf_2022.png\" alt=\"\" width=\"230\" height=\"206\" \/><\/div>\r\n<div>\r\n<p><em>Chaque Jour Compte<\/em> (<em>Cada d\u00eda cuenta<\/em>) es una asociaci\u00f3n de activistas sanitarios de base que promueve soluciones alternativas para la salud mental. Nuestra oferta incluye deportes y salidas, apoyo individual, apoyo profesional, formaci\u00f3n, defensa e investigaci\u00f3n. Chaque Jour Compte fue fundada en 2019 por Bernard Bikai, ex campe\u00f3n nacional franc\u00e9s de boxeo profesional, educador especial y educador deportivo, luchando por sacar a un ser querido \"enfermo\" de un hospital psiqui\u00e1trico. Nuestro objetivo es mejorar la vida cotidiana de las personas a las que apoyamos. Lo que nos gu\u00eda es la dignidad, lo relacional, lo social, la emancipaci\u00f3n y la autonom\u00eda.<\/p>\r\n<p>&nbsp;<\/p>\r\n<a href=\"https:\/\/www.chaquejourcompte13.fr\/\">https:\/\/www.chaquejourcompte13.fr\/<\/a><\/div>\r\n<div><br \/><hr \/><\/div>\r\n<p><!-- \/wp:post-content --><\/p>\r\n<!-- wp:image {\"id\":2158,\"width\":434,\"height\":91} -->\r\n<h3 class=\"wp-block-image is-resized\">Penumbra<\/h3>\r\n<figure class=\"wp-block-image is-resized\"><img loading=\"lazy\" decoding=\"async\" class=\"wp-image-2158 alignleft\" src=\"https:\/\/eeefc.eu\/wp-content\/uploads\/2023\/05\/Penumbra-Logos-RGB_RGB-Penumbra-Colour-Logo.png\" alt=\"\" width=\"316\" height=\"67\" srcset=\"https:\/\/eeefc.eu\/wp-content\/uploads\/2023\/05\/Penumbra-Logos-RGB_RGB-Penumbra-Colour-Logo.png 4961w, https:\/\/eeefc.eu\/wp-content\/uploads\/2023\/05\/Penumbra-Logos-RGB_RGB-Penumbra-Colour-Logo-300x64.png 300w, https:\/\/eeefc.eu\/wp-content\/uploads\/2023\/05\/Penumbra-Logos-RGB_RGB-Penumbra-Colour-Logo-1024x217.png 1024w, https:\/\/eeefc.eu\/wp-content\/uploads\/2023\/05\/Penumbra-Logos-RGB_RGB-Penumbra-Colour-Logo-768x163.png 768w, https:\/\/eeefc.eu\/wp-content\/uploads\/2023\/05\/Penumbra-Logos-RGB_RGB-Penumbra-Colour-Logo-1536x326.png 1536w, https:\/\/eeefc.eu\/wp-content\/uploads\/2023\/05\/Penumbra-Logos-RGB_RGB-Penumbra-Colour-Logo-2048x435.png 2048w\" sizes=\"auto, (max-width: 316px) 100vw, 316px\" \/><\/figure>\r\n<!-- \/wp:image -->\r\n\r\n<!-- wp:paragraph -->\r\n<p>Penumbra es una organizaci\u00f3n ben\u00e9fica pionera con sede en Escocia que presta servicios especializados a personas con enfermedades mentales de leves a graves y duraderas. Apoyamos a las personas en su camino hacia una mejor salud mental trabajando con cada persona para que encuentre su propio camino. El poder de la experiencia vivida nos permite ofrecer servicios pioneros que transforman vidas. Desde la asistencia a personas en crisis hasta la prevenci\u00f3n del suicidio, pasando por la vida con apoyo, la gesti\u00f3n de las autolesiones y el apoyo entre iguales. Acompa\u00f1amos a las personas a las que ayudamos en cada paso de su viaje hacia un lugar mejor. Penumbra ayuda a las personas a llevar una vida plena y productiva. Siguiendo nuestro modelo de ESPERANZA centrado en la persona. Para nosotros, la esperanza es una parte vital de la recuperaci\u00f3n y apoyar a las personas a tener y mantener la esperanza en el futuro es una parte clave de nuestro trabajo.<\/p>\r\n<!-- \/wp:paragraph -->\r\n\r\n<!-- wp:paragraph -->\r\n<p><a href=\"https:\/\/www.penumbra.org.uk\/\">https:\/\/www.penumbra.org.uk\/<\/a><\/p>\r\n<!-- \/wp:paragraph -->\r\n\r\n<!-- wp:paragraph \/-->","protected":false},"excerpt":{"rendered":"<p>Recovery Academy Ireland Recovery Academy Ireland es una organizaci\u00f3n cooperativa\/caritativa que ocupa su lugar en una red internacional m\u00e1s amplia [...].<\/p>","protected":false},"author":1,"featured_media":0,"parent":0,"menu_order":0,"comment_status":"closed","ping_status":"closed","template":"page-templates\/full-width.php","meta":{"om_disable_all_campaigns":false,"_monsterinsights_skip_tracking":false,"_monsterinsights_sitenote_active":false,"_monsterinsights_sitenote_note":"","_monsterinsights_sitenote_category":0,"footnotes":""},"class_list":["post-1551","page","type-page","status-publish","hentry"],"aioseo_notices":[],"_links":{"self":[{"href":"https:\/\/eeefc.eu\/es\/wp-json\/wp\/v2\/pages\/1551","targetHints":{"allow":["GET"]}}],"collection":[{"href":"https:\/\/eeefc.eu\/es\/wp-json\/wp\/v2\/pages"}],"about":[{"href":"https:\/\/eeefc.eu\/es\/wp-json\/wp\/v2\/types\/page"}],"author":[{"embeddable":true,"href":"https:\/\/eeefc.eu\/es\/wp-json\/wp\/v2\/users\/1"}],"replies":[{"embeddable":true,"href":"https:\/\/eeefc.eu\/es\/wp-json\/wp\/v2\/comments?post=1551"}],"version-history":[{"count":54,"href":"https:\/\/eeefc.eu\/es\/wp-json\/wp\/v2\/pages\/1551\/revisions"}],"predecessor-version":[{"id":2394,"href":"https:\/\/eeefc.eu\/es\/wp-json\/wp\/v2\/pages\/1551\/revisions\/2394"}],"wp:attachment":[{"href":"https:\/\/eeefc.eu\/es\/wp-json\/wp\/v2\/media?parent=1551"}],"curies":[{"name":"wp","href":"https:\/\/api.w.org\/{rel}","templated":true}]}}