{"id":1435,"date":"2022-03-01T12:22:17","date_gmt":"2022-03-01T12:22:17","guid":{"rendered":"https:\/\/eeefc.eu\/?page_id=1435"},"modified":"2024-12-20T20:16:56","modified_gmt":"2024-12-20T18:16:56","slug":"resultados","status":"publish","type":"page","link":"https:\/\/eeefc.eu\/es\/resultados\/","title":{"rendered":"Resultados"},"content":{"rendered":"<p>Resultados: \u00bfQu\u00e9 resultados espera obtener con su proyecto?<\/p>\n\n\n\n<ul class=\"wp-block-list\">\n<li>Aumento de la capacidad de los participantes en el proyecto para comprometerse con su comunidad en general y, a trav\u00e9s de la determinaci\u00f3n de sus propias necesidades educativas y la satisfacci\u00f3n de las mismas, para desarrollar una conciencia cr\u00edtica que mejore su propio bienestar y el de sus compa\u00f1eros. <\/li>\n<\/ul>\n\n\n\n<ul class=\"wp-block-list\">\n<li>Desarrollar un marco educativo de prueba de concepto consagrado en los enfoques basados en los derechos humanos hacia la inclusi\u00f3n con aplicabilidad generalizable como proceso educativo en comunidades m\u00e1s amplias. <\/li>\n<\/ul>\n\n\n\n<ul class=\"wp-block-list\">\n<li>Implantar un modelo sostenible de prestaci\u00f3n de programas educativos en las comunidades asociadas participantes. <\/li>\n<\/ul>\n\n\n\n<ul class=\"wp-block-list\">\n<li>Desarrollar un kit de herramientas de formaci\u00f3n de formadores para todos aquellos que hayan completado el programa y deseen impartirlo ellos mismos en su comunidad. <\/li>\n<\/ul>\n\n\n\n<ul class=\"wp-block-list\">\n<li>Desarrollar directrices de buenas pr\u00e1cticas disponibles para cualquiera que est\u00e9 pensando o tenga la intenci\u00f3n de aplicar este marco educativo de proyectos u otro que tenga valores, intenciones y procesos similares.<\/li>\n<\/ul>\n\n\n\n<p><\/p>","protected":false},"excerpt":{"rendered":"<p>Resultados: \u00bfQu\u00e9 resultados espera obtener con su proyecto?<\/p>","protected":false},"author":1,"featured_media":0,"parent":0,"menu_order":0,"comment_status":"closed","ping_status":"closed","template":"","meta":{"om_disable_all_campaigns":false,"_monsterinsights_skip_tracking":false,"_monsterinsights_sitenote_active":false,"_monsterinsights_sitenote_note":"","_monsterinsights_sitenote_category":0,"footnotes":""},"class_list":["post-1435","page","type-page","status-publish","hentry"],"aioseo_notices":[],"_links":{"self":[{"href":"https:\/\/eeefc.eu\/es\/wp-json\/wp\/v2\/pages\/1435","targetHints":{"allow":["GET"]}}],"collection":[{"href":"https:\/\/eeefc.eu\/es\/wp-json\/wp\/v2\/pages"}],"about":[{"href":"https:\/\/eeefc.eu\/es\/wp-json\/wp\/v2\/types\/page"}],"author":[{"embeddable":true,"href":"https:\/\/eeefc.eu\/es\/wp-json\/wp\/v2\/users\/1"}],"replies":[{"embeddable":true,"href":"https:\/\/eeefc.eu\/es\/wp-json\/wp\/v2\/comments?post=1435"}],"version-history":[{"count":3,"href":"https:\/\/eeefc.eu\/es\/wp-json\/wp\/v2\/pages\/1435\/revisions"}],"predecessor-version":[{"id":2472,"href":"https:\/\/eeefc.eu\/es\/wp-json\/wp\/v2\/pages\/1435\/revisions\/2472"}],"wp:attachment":[{"href":"https:\/\/eeefc.eu\/es\/wp-json\/wp\/v2\/media?parent=1435"}],"curies":[{"name":"wp","href":"https:\/\/api.w.org\/{rel}","templated":true}]}}