{"id":1433,"date":"2022-03-01T12:10:15","date_gmt":"2022-03-01T12:10:15","guid":{"rendered":"https:\/\/eeefc.eu\/?page_id=1433"},"modified":"2024-12-20T20:09:35","modified_gmt":"2024-12-20T18:09:35","slug":"aplicacion","status":"publish","type":"page","link":"https:\/\/eeefc.eu\/es\/aplicacion\/","title":{"rendered":"Aplicaci\u00f3n"},"content":{"rendered":"<p>Puesta en pr\u00e1ctica: \u00bfQu\u00e9 actividades va a realizar?<\/p>\n\n\n\n<p>Un proceso de participaci\u00f3n comunitaria en el que la comunidad, junto con los socios del proyecto, desarrolla un proceso de aprendizaje participativo para elaborar un programa educativo que consta de dos m\u00f3dulos: <\/p>\n\n\n\n<p>(a) Recuperaci\u00f3n: Aprendiendo juntos, Formaci\u00f3n de formadores<\/p>\n\n\n\n<p> y <\/p>\n\n\n\n<p>(b) con los participantes en el programa, desarrollar un programa educativo sobre salud mental y bienestar a medida, dise\u00f1ado seg\u00fan las necesidades expresadas por los participantes, que mejore su capacidad comunitaria<\/p>\n\n\n\n<ul class=\"wp-block-list\">\n<li>Elaboraci\u00f3n de un conjunto de herramientas de formaci\u00f3n de formadores para orientar la impartici\u00f3n del programa educativo, <\/li>\n<\/ul>\n\n\n\n<ul class=\"wp-block-list\">\n<li>Crear un sitio web del proyecto para compartir sus resultados y promocionarlos de forma continua, <\/li>\n<\/ul>\n\n\n\n<ul class=\"wp-block-list\">\n<li>Difundir los resultados y las directrices sobre buenas pr\u00e1cticas entre un p\u00fablico amplio y pertinente.<\/li>\n<\/ul>\n\n\n\n<p><\/p>\n\n\n\n<p><\/p>","protected":false},"excerpt":{"rendered":"<p>Implementation: What activities are you going to implement? A process of community participation where the community along with project partners [&hellip;]<\/p>","protected":false},"author":1,"featured_media":0,"parent":0,"menu_order":0,"comment_status":"closed","ping_status":"closed","template":"","meta":{"om_disable_all_campaigns":false,"_monsterinsights_skip_tracking":false,"_monsterinsights_sitenote_active":false,"_monsterinsights_sitenote_note":"","_monsterinsights_sitenote_category":0,"footnotes":""},"class_list":["post-1433","page","type-page","status-publish","hentry"],"aioseo_notices":[],"_links":{"self":[{"href":"https:\/\/eeefc.eu\/es\/wp-json\/wp\/v2\/pages\/1433","targetHints":{"allow":["GET"]}}],"collection":[{"href":"https:\/\/eeefc.eu\/es\/wp-json\/wp\/v2\/pages"}],"about":[{"href":"https:\/\/eeefc.eu\/es\/wp-json\/wp\/v2\/types\/page"}],"author":[{"embeddable":true,"href":"https:\/\/eeefc.eu\/es\/wp-json\/wp\/v2\/users\/1"}],"replies":[{"embeddable":true,"href":"https:\/\/eeefc.eu\/es\/wp-json\/wp\/v2\/comments?post=1433"}],"version-history":[{"count":3,"href":"https:\/\/eeefc.eu\/es\/wp-json\/wp\/v2\/pages\/1433\/revisions"}],"predecessor-version":[{"id":2468,"href":"https:\/\/eeefc.eu\/es\/wp-json\/wp\/v2\/pages\/1433\/revisions\/2468"}],"wp:attachment":[{"href":"https:\/\/eeefc.eu\/es\/wp-json\/wp\/v2\/media?parent=1433"}],"curies":[{"name":"wp","href":"https:\/\/api.w.org\/{rel}","templated":true}]}}