{"id":1412,"date":"2022-02-28T09:42:16","date_gmt":"2022-02-28T07:42:16","guid":{"rendered":"https:\/\/eeefc.eu\/?page_id=1412"},"modified":"2024-12-20T20:18:13","modified_gmt":"2024-12-20T18:18:13","slug":"fondo","status":"publish","type":"page","link":"https:\/\/eeefc.eu\/es\/fondo\/","title":{"rendered":"Fondo"},"content":{"rendered":"<p>Este proyecto ha desarrollado una red internacional de profesionales, expertos por experiencia, acad\u00e9micos y personas afectadas por problemas de salud mental y consumo de sustancias, con vistas a desarrollar la capacidad de la comunidad para responder a estos problemas mediante el dise\u00f1o y la puesta en pr\u00e1ctica de un proceso educativo de empoderamiento de adultos en cinco comunidades designadas.<\/p>\r\n<p>El proyecto ha evaluado el impacto del proceso participativo y de la intervenci\u00f3n educativa en los participantes y ha elaborado directrices de buenas pr\u00e1cticas para quienes deseen repetir el proceso en sus comunidades.<\/p>\r\n<p>La Carta de Ginebra para el Bienestar (Organizaci\u00f3n Mundial de la Salud, 2021) hab\u00eda recomendado respuestas<\/p>\r\n<p>\"que integren la salud y el bienestar planetarios, sociales, comunitarios e individuales, as\u00ed como cambios en las estructuras sociales para ayudar a las personas a tomar el control de sus vidas y su salud\" (p.1)<\/p>\r\n<p>y sugiere la necesidad de enfoques m\u00e1s democr\u00e1ticos para comprender y promover el bienestar de los ciudadanos en el futuro.<\/p>\r\n<p>La justificaci\u00f3n de este proyecto se deriva de la creciente aceptaci\u00f3n a nivel de la UE de que las poblaciones marginadas y vulnerables requieren enfoques inclusivos m\u00e1s amplios en los que participen activamente en la determinaci\u00f3n de c\u00f3mo gestionar\u00e1n su salud y bienestar (Hickey et al. 2022).<\/p>\r\n<p>Esta Asociaci\u00f3n Erasmus + Cooperativa cree que este innovador proceso de educaci\u00f3n comunitaria participativa desarrollar\u00e1 la resiliencia y la capacidad dentro de las comunidades implicadas en el proyecto, para responder a los retos de la salud mental y los problemas de consumo de sustancias.<\/p>","protected":false},"excerpt":{"rendered":"<p>Este proyecto ha desarrollado una red internacional de profesionales, expertos por experiencia, acad\u00e9micos y personas afectadas por la salud mental y [...].<\/p>","protected":false},"author":1,"featured_media":0,"parent":0,"menu_order":0,"comment_status":"closed","ping_status":"closed","template":"","meta":{"om_disable_all_campaigns":false,"_monsterinsights_skip_tracking":false,"_monsterinsights_sitenote_active":false,"_monsterinsights_sitenote_note":"","_monsterinsights_sitenote_category":0,"footnotes":""},"class_list":["post-1412","page","type-page","status-publish","hentry"],"aioseo_notices":[],"_links":{"self":[{"href":"https:\/\/eeefc.eu\/es\/wp-json\/wp\/v2\/pages\/1412","targetHints":{"allow":["GET"]}}],"collection":[{"href":"https:\/\/eeefc.eu\/es\/wp-json\/wp\/v2\/pages"}],"about":[{"href":"https:\/\/eeefc.eu\/es\/wp-json\/wp\/v2\/types\/page"}],"author":[{"embeddable":true,"href":"https:\/\/eeefc.eu\/es\/wp-json\/wp\/v2\/users\/1"}],"replies":[{"embeddable":true,"href":"https:\/\/eeefc.eu\/es\/wp-json\/wp\/v2\/comments?post=1412"}],"version-history":[{"count":10,"href":"https:\/\/eeefc.eu\/es\/wp-json\/wp\/v2\/pages\/1412\/revisions"}],"predecessor-version":[{"id":2473,"href":"https:\/\/eeefc.eu\/es\/wp-json\/wp\/v2\/pages\/1412\/revisions\/2473"}],"wp:attachment":[{"href":"https:\/\/eeefc.eu\/es\/wp-json\/wp\/v2\/media?parent=1412"}],"curies":[{"name":"wp","href":"https:\/\/api.w.org\/{rel}","templated":true}]}}