{"id":1395,"date":"2022-02-14T16:45:55","date_gmt":"2022-02-14T16:45:55","guid":{"rendered":"https:\/\/eeefc.eu\/?page_id=1395"},"modified":"2024-12-14T18:27:35","modified_gmt":"2024-12-14T16:27:35","slug":"el-proyecto","status":"publish","type":"page","link":"https:\/\/eeefc.eu\/es\/el-proyecto\/","title":{"rendered":"El proyecto"},"content":{"rendered":"<p>El proyecto EEEFCom fue un proyecto financiado por Erasmus que trabaj\u00f3 con una red cooperativa de socios que incluye organizaciones de salud mental y adicci\u00f3n en cuatro \u00e1reas geogr\u00e1ficas. El proyecto, titulado Embedding an Emancipatory Educational Framework in Communities (EEEFCom), estaba formado por cinco socios: Dublin North, North East Recovery College (Irlanda), The Recovery Academy (Irlanda), Evipro (Finlandia), Chaque Jour Compte (Francia) y Penumbra (Escocia).<\/p>\n<p>La red cooperativa desarroll\u00f3 un modelo y un marco a medida que ha dado lugar a la puesta en marcha de iniciativas educativas centradas en un proceso educativo transformador para los participantes y las comunidades.<\/p>\n<p>Desde su desarrollo inicial en 2022, este proceso social y educativo se ha facilitado e impartido en cuatro ciudades europeas en m\u00faltiples ocasiones con distintos socios, con resultados positivos para muchos de sus participantes y comunidades.<\/p>","protected":false},"excerpt":{"rendered":"<p>The EEEFCom project was an Erasmus funded project that worked with a co-operative network of partners that include mental health [&hellip;]<\/p>","protected":false},"author":1,"featured_media":0,"parent":0,"menu_order":0,"comment_status":"closed","ping_status":"closed","template":"","meta":{"om_disable_all_campaigns":false,"_monsterinsights_skip_tracking":false,"_monsterinsights_sitenote_active":false,"_monsterinsights_sitenote_note":"","_monsterinsights_sitenote_category":0,"footnotes":""},"class_list":["post-1395","page","type-page","status-publish","hentry"],"aioseo_notices":[],"_links":{"self":[{"href":"https:\/\/eeefc.eu\/es\/wp-json\/wp\/v2\/pages\/1395","targetHints":{"allow":["GET"]}}],"collection":[{"href":"https:\/\/eeefc.eu\/es\/wp-json\/wp\/v2\/pages"}],"about":[{"href":"https:\/\/eeefc.eu\/es\/wp-json\/wp\/v2\/types\/page"}],"author":[{"embeddable":true,"href":"https:\/\/eeefc.eu\/es\/wp-json\/wp\/v2\/users\/1"}],"replies":[{"embeddable":true,"href":"https:\/\/eeefc.eu\/es\/wp-json\/wp\/v2\/comments?post=1395"}],"version-history":[{"count":2,"href":"https:\/\/eeefc.eu\/es\/wp-json\/wp\/v2\/pages\/1395\/revisions"}],"predecessor-version":[{"id":2385,"href":"https:\/\/eeefc.eu\/es\/wp-json\/wp\/v2\/pages\/1395\/revisions\/2385"}],"wp:attachment":[{"href":"https:\/\/eeefc.eu\/es\/wp-json\/wp\/v2\/media?parent=1395"}],"curies":[{"name":"wp","href":"https:\/\/api.w.org\/{rel}","templated":true}]}}