{"id":752,"date":"2022-02-09T13:25:40","date_gmt":"2022-02-09T13:25:40","guid":{"rendered":"https:\/\/eeefc.eu\/?page_id=752"},"modified":"2025-03-06T11:44:55","modified_gmt":"2025-03-06T09:44:55","slug":"resources-documents","status":"publish","type":"page","link":"https:\/\/eeefc.eu\/en_gb\/resources-documents\/","title":{"rendered":"Resources"},"content":{"rendered":"<h2>Programs<\/h2>\r\n<ul>\r\n<li style=\"list-style-type: none;\">\r\n<ul>\r\n<li><a href=\"https:\/\/eeefc.eu\/wp-content\/uploads\/2022\/03\/Agenda-March-8th-2022-Kick-Off-Meeting.pdf\">Agenda March 8th 2022 Kick Off Meeting<\/a><\/li>\r\n<\/ul>\r\n<\/li>\r\n<\/ul>\r\n<h2>Presentations<\/h2>\r\n<ul>\r\n<li style=\"list-style-type: none;\">\r\n<ul>\r\n<li style=\"text-align: left;\"><a href=\"https:\/\/eeefc.eu\/wp-content\/uploads\/2022\/04\/Kick-OFF-Work-package.pdf\" target=\"_blank\" rel=\"noopener\"><span style=\"color: #ff6600;\">Kick OFF Work package<\/span><\/a><\/li>\r\n<li><span style=\"color: #ff6600;\"><a style=\"color: #ff6600;\" href=\"https:\/\/eeefc.eu\/wp-content\/uploads\/2022\/04\/Kick-Off-Description-of-the-project.pdf\" target=\"_blank\" rel=\"noopener\">Kick Off Description of the project<\/a><\/span><\/li>\r\n<li><span style=\"color: #ff6600;\"><a style=\"color: #ff6600;\" href=\"https:\/\/eeefc.eu\/resources-documents\/multiplier-event-finland-eeefcom-2\/\" target=\"_blank\" rel=\"noopener\">Multiplier Event Finland Welcome and Introduction<\/a><\/span><\/li>\r\n<li><span style=\"color: #ff6600;\"><a style=\"color: #ff6600;\" href=\"https:\/\/eeefc.eu\/finish-multiplier-presentation-provisional-findings-from-three-community\/\" target=\"_blank\" rel=\"noopener\">Finish Multiplier Presentation &#8211; Provisional Findings from Three Communities<\/a><\/span><\/li>\r\n<li><span style=\"color: #ff6600;\"><a style=\"color: #ff6600;\" href=\"https:\/\/eeefc.eu\/wp-content\/uploads\/2024\/06\/French-Multiplier-Presentation.pdf\" target=\"_blank\" rel=\"noopener\">Multiplier Event France &#8211; Welcome and Project Presentation<\/a><\/span><\/li>\r\n<li><a href=\"https:\/\/eeefc.eu\/wp-content\/uploads\/2024\/12\/Learning-Together-Training-Toolkit-slides.FrenchMultiplier27-6-2024.pdf\" target=\"_blank\" rel=\"noopener\"><span style=\"color: #800080;\"><span style=\"color: #ff6600;\">Toolkit Slides &#8211; Learning Together RAI\u00a0<\/span><\/span><\/a><\/li>\r\n<li><a href=\"https:\/\/eeefc.eu\/wp-content\/uploads\/2024\/10\/Dublin-Multiplier-Event_18-10-2024-2.pdf\"><span style=\"color: #ff6600;\">Dublin Multiplier Event_18 10 2024 (2)<\/span><\/a><\/li>\r\n<\/ul>\r\n<\/li>\r\n<\/ul>\r\n\r\n<h2 class=\"wp-block-heading\">Media<\/h2>\r\n<ul>\r\n<li style=\"list-style-type: none;\">\r\n<ul>\r\n<li><span style=\"color: #ff6600;\">Multiplier Event France &#8211; Audio<\/span><\/li>\r\n<\/ul>\r\n<\/li>\r\n<\/ul>\r\n<audio class=\"wp-audio-shortcode\" id=\"audio-752-1\" preload=\"none\" style=\"width: 100%;\" controls=\"controls\"><source type=\"audio\/mpeg\" src=\"https:\/\/eeefc.eu\/wp-content\/uploads\/2024\/07\/Presentation-Educational-Toolkit.mp3?_=1\" \/><a href=\"https:\/\/eeefc.eu\/wp-content\/uploads\/2024\/07\/Presentation-Educational-Toolkit.mp3\">https:\/\/eeefc.eu\/wp-content\/uploads\/2024\/07\/Presentation-Educational-Toolkit.mp3<\/a><\/audio>\r\n\r\n\r\n\r\n<h2>\u00a0<\/h2>\r\n<h2>Best Practice Guidelines and Toolkit<\/h2>\r\n<ul>\r\n<li style=\"list-style-type: none;\">\r\n<ul>\r\n<li><a href=\"https:\/\/eeefc.eu\/wp-content\/uploads\/2024\/12\/English_Best-Practice-Guidelines-PR5-and-Toolkit-PR3_PU.pdf\"><span style=\"color: #ff6600;\">Best Practice Guidelines and Toolkit &#8211; English<\/span><\/a><\/li>\r\n<li><a href=\"https:\/\/eeefc.eu\/wp-content\/uploads\/2025\/03\/RAI-Best-Practice-Guidelines-and-Toolkit-Proof-11-FIN.pdf\"><span style=\"color: #ff6600;\">PARHAITA K\u00c4YT\u00c4NT\u00d6J\u00c4 KOSKEVAT OHJEET &amp; TY\u00d6KALUPAKKI &#8211; Suomi<\/span><\/a><\/li>\r\n<li><a href=\"https:\/\/eeefc.eu\/wp-content\/uploads\/2025\/01\/07625-RAI-Best-Practice-Guidelines-and-Toolkit-Proof-08-FR.pdf\"><span style=\"color: #ff6600;\">Lignes Directrices des Meilleures Pratiques et Bo\u00eete \u00e0 Outils &#8211; Fran\u00e7ais<\/span><\/a><\/li>\r\n<\/ul>\r\n<\/li>\r\n<\/ul>\r\n\r\n\r\n","protected":false},"excerpt":{"rendered":"<p>Programs Agenda March 8th 2022 Kick Off Meeting Presentations Kick OFF Work package Kick Off Description of the project Multiplier [&hellip;]<\/p>\n","protected":false},"author":1,"featured_media":0,"parent":0,"menu_order":0,"comment_status":"closed","ping_status":"closed","template":"","meta":{"om_disable_all_campaigns":false,"_monsterinsights_skip_tracking":false,"_monsterinsights_sitenote_active":false,"_monsterinsights_sitenote_note":"","_monsterinsights_sitenote_category":0,"footnotes":""},"class_list":["post-752","page","type-page","status-publish","hentry"],"aioseo_notices":[],"_links":{"self":[{"href":"https:\/\/eeefc.eu\/en_gb\/wp-json\/wp\/v2\/pages\/752","targetHints":{"allow":["GET"]}}],"collection":[{"href":"https:\/\/eeefc.eu\/en_gb\/wp-json\/wp\/v2\/pages"}],"about":[{"href":"https:\/\/eeefc.eu\/en_gb\/wp-json\/wp\/v2\/types\/page"}],"author":[{"embeddable":true,"href":"https:\/\/eeefc.eu\/en_gb\/wp-json\/wp\/v2\/users\/1"}],"replies":[{"embeddable":true,"href":"https:\/\/eeefc.eu\/en_gb\/wp-json\/wp\/v2\/comments?post=752"}],"version-history":[{"count":27,"href":"https:\/\/eeefc.eu\/en_gb\/wp-json\/wp\/v2\/pages\/752\/revisions"}],"predecessor-version":[{"id":2494,"href":"https:\/\/eeefc.eu\/en_gb\/wp-json\/wp\/v2\/pages\/752\/revisions\/2494"}],"wp:attachment":[{"href":"https:\/\/eeefc.eu\/en_gb\/wp-json\/wp\/v2\/media?parent=752"}],"curies":[{"name":"wp","href":"https:\/\/api.w.org\/{rel}","templated":true}]}}