{"id":717,"date":"2017-01-02T08:30:05","date_gmt":"2017-01-02T08:30:05","guid":{"rendered":"https:\/\/demo.themegrill.com\/flash-default-2\/?page_id=11"},"modified":"2017-01-02T08:30:05","modified_gmt":"2017-01-02T08:30:05","slug":"typografie","status":"publish","type":"page","link":"https:\/\/eeefc.eu\/de\/typografie\/","title":{"rendered":"Typografie"},"content":{"rendered":"<h1>Kopfzeile eins<\/h1>\n<h2>Kopfzeile zwei<\/h2>\n<h3>Kopfzeile drei<\/h3>\n<h4>Kopfzeile vier<\/h4>\n<h5>Kopfzeile f\u00fcnf<\/h5>\n<h6>Kopfzeile sechs<\/h6>\n<h2>Blockanf\u00fchrungszeichen<\/h2>\n<p>Einzeilige Blockquote:<\/p>\n<blockquote><p>Bleib hungrig. Bleib dumm.<\/p><\/blockquote>\n<p>Mehrzeiliges Blockzitat mit Zitierverweis:<\/p>\n<blockquote><p>Die Leute denken, dass Konzentration bedeutet, dass man zu der Sache, auf die man sich konzentrieren muss, Ja sagt. Aber das bedeutet es \u00fcberhaupt nicht. Es bedeutet, nein zu sagen zu den hundert anderen guten Ideen, die es gibt. Man muss sorgf\u00e4ltig ausw\u00e4hlen. Ich bin eigentlich genauso stolz auf die Dinge, die wir nicht gemacht haben, wie auf die, die ich gemacht habe. Innovation bedeutet, zu 1.000 Dingen nein zu sagen. <cite>Steve Jobs - Apple Worldwide Developers' Conference, 1997<\/cite><\/p><\/blockquote>\n<h2>Tische<\/h2>\n<table>\n<tbody>\n<tr>\n<th>Mitarbeiter<\/th>\n<th class=\"views\">Gehalt<\/th>\n<th><\/th>\n<\/tr>\n<tr class=\"odd\">\n<td><a href=\"http:\/\/example.com\/\">Jane<\/a><\/td>\n<td>$1<\/td>\n<td>Denn das ist alles, was Steve Job f\u00fcr sein Gehalt brauchte.<\/td>\n<\/tr>\n<tr class=\"even\">\n<td><a href=\"http:\/\/example.com\">John<\/a><\/td>\n<td>$100K<\/td>\n<td>F\u00fcr all das, was er bloggt.<\/td>\n<\/tr>\n<tr class=\"odd\">\n<td><a href=\"http:\/\/example.com\/\">Jane<\/a><\/td>\n<td>$100M<\/td>\n<td>Bilder sagen mehr als tausend Worte, oder? Also Tom x 1.000.<\/td>\n<\/tr>\n<tr class=\"even\">\n<td><a href=\"http:\/\/example.com\/\">Jane<\/a><\/td>\n<td>$100B<\/td>\n<td>Mit solchen Haaren?! Genug gesagt...<\/td>\n<\/tr>\n<\/tbody>\n<\/table>\n<h2><\/h2>\n<h2>Definition Listen<\/h2>\n<dl>\n<dt>Definition Liste Titel<\/dt>\n<dd>Definition Liste Division.<\/dd>\n<dt>Startup<\/dt>\n<dd>Ein Startup-Unternehmen oder eine Neugr\u00fcndung ist ein Unternehmen oder eine tempor\u00e4re Organisation, die nach einem wiederholbaren und skalierbaren Gesch\u00e4ftsmodell sucht.<\/dd>\n<dt>#dowork<\/dt>\n<dd>Der von Rob Dyrdek und seinem pers\u00f6nlichen Leibw\u00e4chter Christopher \"Big Black\" Boykins gepr\u00e4gte Begriff \"Do Work\" funktioniert als Selbstmotivator und zur Motivierung von Freunden.<\/dd>\n<dt>Mach es live<\/dt>\n<dd>Ich \u00fcberlasse es Bill O'Reilly <a title=\"Wir machen es live\" href=\"https:\/\/www.youtube.com\/watch?v=O_HyZ5aW76c\">erkl\u00e4ren<\/a> diese.<\/dd>\n<\/dl>\n<h2><\/h2>\n<h2>Ungeordnete Listen (verschachtelt)<\/h2>\n<ul>\n<li>Posten eins auflisten\n<ul>\n<li>Posten eins auflisten\n<ul>\n<li>Posten eins auflisten<\/li>\n<li>Punkt zwei der Liste<\/li>\n<li>Punkt drei der Liste<\/li>\n<li>Punkt vier der Liste<\/li>\n<\/ul>\n<\/li>\n<li>Punkt zwei der Liste<\/li>\n<li>Punkt drei der Liste<\/li>\n<li>Punkt vier der Liste<\/li>\n<\/ul>\n<\/li>\n<li>Punkt zwei der Liste<\/li>\n<li>Punkt drei der Liste<\/li>\n<li>Punkt vier der Liste<\/li>\n<\/ul>\n<h2><\/h2>\n<h2>Geordnete Liste (verschachtelt)<\/h2>\n<ol>\n<li>Posten eins auflisten\n<ol>\n<li>Posten eins auflisten\n<ol>\n<li>Posten eins auflisten<\/li>\n<li>Punkt zwei der Liste<\/li>\n<li>Punkt drei der Liste<\/li>\n<li>Punkt vier der Liste<\/li>\n<\/ol>\n<\/li>\n<li>Punkt zwei der Liste<\/li>\n<li>Punkt drei der Liste<\/li>\n<li>Punkt vier der Liste<\/li>\n<\/ol>\n<\/li>\n<li>Punkt zwei der Liste<\/li>\n<li>Punkt drei der Liste<\/li>\n<li>Punkt vier der Liste<\/li>\n<\/ol>\n<h2><\/h2>\n<h2>HTML-Tags<\/h2>\n<p>Diese unterst\u00fctzten Tags stammen aus dem Code von WordPress.com <a title=\"Code\" href=\"http:\/\/en.support.wordpress.com\/code\/\">FAQ<\/a>.<\/p>\n<p><strong>Adressanh\u00e4nger<\/strong><\/p>\n<address>1 Endlosschleife<br \/>\nCupertino, CA 95014<br \/>\nVereinigte Staaten<\/address>\n<address>\u00a0<\/address>\n<p><strong>Anker-Tag (alias Link)<\/strong><\/p>\n<p>Dies ist ein Beispiel f\u00fcr eine <a title=\"Apfel\" href=\"http:\/\/apple.com\">Link<\/a>.<\/p>\n<p><strong>Abk\u00fcrzung Tag<\/strong><\/p>\n<p>Die Abk\u00fcrzung <abbr title=\"Ernsthaft\">srsly<\/abbr> steht f\u00fcr \"ernsthaft\".<\/p>\n<p><strong>Akronym Tag<\/strong><\/p>\n<p>Das Akronym <acronym title=\"F\u00fcr den Sieg\">ftw<\/acronym> steht f\u00fcr \"f\u00fcr den Sieg\".<\/p>\n<p><strong>Gro\u00dfer Tag<\/strong><\/p>\n<p>Diese Tests sind eine <big>gro\u00df<\/big> aber dieses Tag wird in HTML5 nicht mehr unterst\u00fctzt.<\/p>\n<p><strong>Tag zitieren<\/strong><\/p>\n<p>\"Code ist Poesie.\" -<cite>Automattic<\/cite><\/p>\n<p><strong>Code-Tag<\/strong><\/p>\n<p>Sie werden sp\u00e4ter in diesen Tests erfahren, dass <code>wortumbruch: wortumbruch;<\/code> wird Ihr bester Freund sein.<\/p>\n<p><strong>Tag l\u00f6schen<\/strong><\/p>\n<p>Mit diesem Tag k\u00f6nnen Sie <del>Text durchstreichen<\/del>, aber dieses Tag wird in HTML5 nicht mehr unterst\u00fctzt (verwenden Sie das <code>&lt;strike&gt;<\/code> stattdessen).<\/p>\n<p><strong>Tag hervorheben<\/strong><\/p>\n<p>Der emphasize-Tag sollte <em>kursiv setzen<\/em> Text.<\/p>\n<p><strong>Tag einf\u00fcgen<\/strong><\/p>\n<p>Diese Markierung sollte bezeichnen <ins>eingef\u00fcgt<\/ins> Text.<\/p>\n<p><strong>Tastatur-Tag<\/strong><\/p>\n<p>Dieser kaum bekannte Tag emuliert <kbd>Tastaturtext<\/kbd>die in der Regel wie die <code><code><\/code> Tag.<\/p>\n<p><strong>Vorformatierter Tag<\/strong><\/p>\n<p>Mit diesem Tag werden gro\u00dfe Codebl\u00f6cke formatiert.<\/p>\n<pre>.post-title {\n\tmargin: 0 0 5px;\n\tfont-weight: bold;\n\tSchriftgr\u00f6\u00dfe: 38px;\n\tline-height: 1.2;\n}\n\n<\/pre>\n<p><strong>Zitat Tag<\/strong><\/p>\n<p><q>Entwickler, Entwickler, Entwickler...<\/q> -Steve Ballmer<\/p>\n<p><strong>Starker Tag<\/strong><\/p>\n<p>Dieser Tag zeigt <strong>fetter Text.<\/strong><\/p>\n<p><strong>Tiefgestelltes Tag<\/strong><\/p>\n<p>Wissenschaftliches Styling mit H<sub>2<\/sub>O, wodurch die \"2\" nach unten gedr\u00fcckt werden sollte.<\/p>\n<p><strong>Hochgestelltes Tag<\/strong><\/p>\n<p>Bleiben wir bei der Wissenschaft und Isaac Newtons E = MC<sup>2<\/sup>was die 2 anheben sollte.<\/p>\n<p><strong>Fernschreiber-Tag<\/strong><\/p>\n<p>Dieser selten verwendete Tag emuliert <tt>Fernschreibtext<\/tt>die in der Regel wie die <code><code><\/code> Tag.<\/p>\n<p><strong>Variable Tag<\/strong><\/p>\n<p>Damit k\u00f6nnen Sie Folgendes bezeichnen <var>Variablen<\/var>.<\/p>","protected":false},"excerpt":{"rendered":"<p>Header one Header two Header three Header four Header five Header six Blockquotes Single line blockquote: Stay hungry. Stay foolish. [&hellip;]<\/p>","protected":false},"author":1,"featured_media":0,"parent":0,"menu_order":0,"comment_status":"closed","ping_status":"closed","template":"","meta":{"om_disable_all_campaigns":false,"_monsterinsights_skip_tracking":false,"_monsterinsights_sitenote_active":false,"_monsterinsights_sitenote_note":"","_monsterinsights_sitenote_category":0,"footnotes":""},"class_list":["post-717","page","type-page","status-publish","hentry"],"aioseo_notices":[],"_links":{"self":[{"href":"https:\/\/eeefc.eu\/de\/wp-json\/wp\/v2\/pages\/717","targetHints":{"allow":["GET"]}}],"collection":[{"href":"https:\/\/eeefc.eu\/de\/wp-json\/wp\/v2\/pages"}],"about":[{"href":"https:\/\/eeefc.eu\/de\/wp-json\/wp\/v2\/types\/page"}],"author":[{"embeddable":true,"href":"https:\/\/eeefc.eu\/de\/wp-json\/wp\/v2\/users\/1"}],"replies":[{"embeddable":true,"href":"https:\/\/eeefc.eu\/de\/wp-json\/wp\/v2\/comments?post=717"}],"version-history":[{"count":0,"href":"https:\/\/eeefc.eu\/de\/wp-json\/wp\/v2\/pages\/717\/revisions"}],"wp:attachment":[{"href":"https:\/\/eeefc.eu\/de\/wp-json\/wp\/v2\/media?parent=717"}],"curies":[{"name":"wp","href":"https:\/\/api.w.org\/{rel}","templated":true}]}}