{"id":1819,"date":"2022-03-27T17:49:18","date_gmt":"2022-03-27T17:49:18","guid":{"rendered":"https:\/\/eeefc.eu\/?page_id=1819"},"modified":"2024-12-19T16:33:45","modified_gmt":"2024-12-19T14:33:45","slug":"das_team","status":"publish","type":"page","link":"https:\/\/eeefc.eu\/de\/das_team\/","title":{"rendered":"Die Mannschaft"},"content":{"rendered":"<p><img loading=\"lazy\" decoding=\"async\" class=\"alignnone wp-image-1827 size-full\" src=\"https:\/\/eeefc.eu\/wp-content\/uploads\/2022\/03\/Martha-Griffin-DCU.png\" alt=\"\" width=\"225\" height=\"300\" \/><\/p>\n<p>Martha Griffin - DCU<\/p>\n<hr \/>\n<p><img loading=\"lazy\" decoding=\"async\" class=\"alignnone size-full wp-image-1715\" src=\"https:\/\/eeefc.eu\/wp-content\/uploads\/2022\/03\/Team_Liam.png\" alt=\"\" width=\"230\" height=\"300\" \/><\/p>\n<p>L\u00edam Mac Gabhann ist au\u00dferordentlicher Professor f\u00fcr psychische Gesundheitspraxis an der School of Nursing, Psychotherapy &amp; Community Health der Dublin City University. Er ist Dozent, Fachmann f\u00fcr psychische Gesundheit und Aktivist in der Gemeinde. Zusammen mit einer gro\u00dfen Gruppe von Kollegen konzentriert sich sein Hauptforschungsprogramm auf<em>Wandel der Dialoge in Gemeinschaften f\u00fcr psychische Gesundheit<\/em>`. Ein Gro\u00dfteil dieser Arbeit konzentriert sich darauf, dass Menschen ihre eigenen Erfahrungen, Wahrnehmungen und Praktiken mit anderen Menschen\/Gruppen, die mit psychischer Gesundheit in Verbindung gebracht werden, in Einklang bringen und verschiedene Ans\u00e4tze nutzen, um diese auf individueller, Gruppen-, Organisations- und Gemeinschaftsebene zu verbessern. Beispiele f\u00fcr relevante Bereiche sind: Menschen mit au\u00dfergew\u00f6hnlichen Erfahrungen und \u00dcberzeugungen; Menschen, die von der Gesellschaft und der Gemeinschaft entrechtet werden; und im Bereich Trauma und Reaktionen auf traumatische Ereignisse.  Zu den Ans\u00e4tzen geh\u00f6ren kooperatives Lernen, partizipatives Handeln, offener Dialog und systemische Familienaufstellungen. Zusammen mit Paddy McGowan, einem erweiterten Team und lokalen Gemeindegruppen hat das Mental Health Trialogue Network Ireland (<a href=\"http:\/\/www.trialogue.co\/\">www.trialogue.co<\/a>) wurde im Jahr 2010 gegr\u00fcndet. Daran beteiligt sind lokale Gemeindegruppen, die sich aus Nutzern psychosozialer Dienste, Betreuern, Dienstleistern und interessierten Gemeindemitgliedern zusammensetzen und monatliche Treffen zum offenen Dialog (Trialog) abhalten, um das Verst\u00e4ndnis der Menschen f\u00fcr Menschen mit psychischen Problemen in ihren Gemeinden und ihre Reaktionen darauf zu verbessern.<\/p>\n<hr \/>\n<div><img loading=\"lazy\" decoding=\"async\" class=\"alignnone size-medium wp-image-2401\" src=\"https:\/\/eeefc.eu\/wp-content\/uploads\/2024\/12\/Triona-300x300.jpg\" alt=\"\" width=\"300\" height=\"300\" srcset=\"https:\/\/eeefc.eu\/wp-content\/uploads\/2024\/12\/Triona-300x300.jpg 300w, https:\/\/eeefc.eu\/wp-content\/uploads\/2024\/12\/Triona-150x150.jpg 150w, https:\/\/eeefc.eu\/wp-content\/uploads\/2024\/12\/Triona-12x12.jpg 12w, https:\/\/eeefc.eu\/wp-content\/uploads\/2024\/12\/Triona.jpg 338w\" sizes=\"auto, (max-width: 300px) 100vw, 300px\" \/><\/div>\n<div>\u00a0<\/div>\n<div class=\"elementToProof\">Triona Byrne<\/div>\n<div class=\"elementToProof\">\u00a0<\/div>\n<div class=\"elementToProof\">Beauftragter f\u00fcr die Entwicklung der Gemeinschaft im Bereich Erholung\u00a0<\/div>\n<div class=\"elementToProof\">\u00a0<\/div>\n<div class=\"elementToProof\">Recovery Academy of Ireland<\/div>\n<div class=\"elementToProof\">\u00a0<\/div>\n<p class=\"elementToProof\">Triona hat eine Ausbildung in Gemeinde- und Jugendarbeit, die sie 2022 an der University of Maynooth abschloss. Aus der Perspektive der Gemeinwesenentwicklung ist Tr\u00edona der Meinung, dass der Prozess genauso wichtig, wenn nicht sogar wichtiger ist als das Endziel, wenn es darum geht, Ver\u00e4nderungen f\u00fcr Einzelpersonen und Gemeinschaften zu erreichen. Sie setzt sich daf\u00fcr ein, mit diesem Ansatz die Solidarit\u00e4t innerhalb der Gemeinschaften zu st\u00e4rken, um sich gemeinsam f\u00fcr Ver\u00e4nderungen einzusetzen. Triona wird bei der Recovery Academy als Beauftragte f\u00fcr die Entwicklung von Recovery-Gemeinschaften arbeiten. In dieser Funktion setzt Triona ihre F\u00e4higkeiten und ihr Wissen \u00fcber die Praxis der Gemeinschaftsentwicklung ein, um eine Gemeinschaft aufzubauen, die Recovery durch die F\u00f6rderung von Recovery-Initiativen unterst\u00fctzt und feiert. Mithilfe der Prinzipien der Gemeinschaftsentwicklung - Kollektivit\u00e4t, Partizipation und Erm\u00e4chtigung der Gemeinschaft - arbeitet Triona daran, die Gemeinschaft zusammenzubringen, damit Einzelpersonen und Familienmitglieder Zugang zu gemeinschaftsweiter Unterst\u00fctzung haben, wenn sie sich auf den Weg der Genesung begeben. Letztlich arbeiten sie auf das Ziel hin, pers\u00f6nliches und gemeinschaftliches Genesungskapital aufzubauen. Triona setzt sich leidenschaftlich f\u00fcr die Beseitigung der Stigmatisierung von Menschen ein, die mit Drogenkonsum und psychischen Problemen konfrontiert sind oder waren, und glaubt, dass dies durch die Sichtbarmachung von Genesung erreicht werden kann.<\/p>\n<hr \/>\n<p><img loading=\"lazy\" decoding=\"async\" class=\"alignnone size-full wp-image-2255\" src=\"https:\/\/eeefc.eu\/wp-content\/uploads\/2024\/06\/claire-230x300-1.jpg\" alt=\"\" width=\"230\" height=\"300\" \/><\/p>\n<p class=\"elementToProof\">Claire Naughton wurde k\u00fcrzlich zur nationalen Koordinatorin der RAI ernannt.<\/p>\n<div class=\"elementToProof\">\n<p class=\"ContentPasted3 elementToProof\">Claire arbeitet seit langem in kommunalen und freiwilligen Suchthilfediensten mit besonderem Schwerpunkt auf Frauen und Kindern.<\/p>\n<p class=\"ContentPasted3 elementToProof\">Claire setzt sich sehr f\u00fcr die F\u00f6rderung der Genesung und die Bek\u00e4mpfung der Stigmatisierung ein.<\/p>\n<\/div>\n<hr \/>\n<p><img loading=\"lazy\" decoding=\"async\" class=\"alignnone size-medium wp-image-2405\" src=\"https:\/\/eeefc.eu\/wp-content\/uploads\/2024\/12\/Bernard-253x300.jpg\" alt=\"\" width=\"253\" height=\"300\" srcset=\"https:\/\/eeefc.eu\/wp-content\/uploads\/2024\/12\/Bernard-253x300.jpg 253w, https:\/\/eeefc.eu\/wp-content\/uploads\/2024\/12\/Bernard-10x12.jpg 10w, https:\/\/eeefc.eu\/wp-content\/uploads\/2024\/12\/Bernard.jpg 621w\" sizes=\"auto, (max-width: 253px) 100vw, 253px\" \/><\/p>\n<p>Bernard Jhon Bikai<\/p>\n<p>Verein Chaque Jour Compte<\/p>\n<p>Frankreich<\/p>\n<p class=\"font_8 wixui-rich-text__text\"><span class=\"wixui-rich-text__text\">Mit seinem breit gef\u00e4cherten Fachwissen ist Bernard auf die Organisation von Sportveranstaltungen, das strategische Management von Sportorganisationen und die Bewertung der Sozialpolitik spezialisiert. Er verf\u00fcgt \u00fcber fundierte Kenntnisse des Non-Profit-Netzes, der Unterst\u00fctzungssysteme und solide Erfahrung in der Arbeit mit Menschen in Schwierigkeiten.\u00a0 <\/span><span class=\"wixui-rich-text__text\">Er engagiert sich f\u00fcr den Schutz von Kindern und Behinderten, bietet sozialp\u00e4dagogische Unterst\u00fctzung f\u00fcr Minderj\u00e4hrige und junge Erwachsene und organisiert Sport- und Kulturprojekte. Seit vielen Jahren setzt sich Bernard f\u00fcr die Wiedereingliederung und die pers\u00f6nliche Entwicklung junger Menschen in Schwierigkeiten ein.<\/span><\/p>\n<hr \/>\n<p data-wp-editing=\"1\"><img loading=\"lazy\" decoding=\"async\" class=\"alignnone size-full wp-image-2254\" src=\"https:\/\/eeefc.eu\/wp-content\/uploads\/2024\/06\/Sabine-230x300-1.jpg\" alt=\"\" width=\"230\" height=\"300\" \/><\/p>\n<p>Sabine Dick<\/p>\n<p>Verein Chaque Jour Compte<\/p>\n<p>Frankreich<\/p>\n<p>Sabine Dick ist systemische Beraterin, Referentin und F\u00fcrsprecherin und arbeitet seit mehr als 20 Jahren in Peer-gef\u00fchrten und kollaborativen Projekten. Sie studierte Soziologie, Anglistik und Ethnologie in Trier und Berlin, Deutschland, und bildete sich sp\u00e4ter in systemischer Therapie, Traumatherapie, intentionaler Peer-Unterst\u00fctzung, systemischer und Familienaufstellung aus. Sie war Sozialarbeiterin im Gefl\u00fcchtetenhaus \"Villa St\u00f6ckle\", einer antipsychiatrischen Einrichtung in Berlin, was ihren Weg nachhaltig gepr\u00e4gt hat. Im Jahr 2018 kam sie zum Arbeiten nach Marseille, Frankreich, wo sie den Offenen Dialog n\u00e4her kennenlernte. Sie arbeitet nun f\u00fcr den Verein<em> Chaque Jour Compte<\/em>der sich mit Sport, Wohlbefinden, Behinderung\/chronischer Krankheit und Integration besch\u00e4ftigt.<\/p>\n<hr \/>\n<p><img loading=\"lazy\" decoding=\"async\" class=\"alignnone size-full wp-image-1778\" src=\"https:\/\/eeefc.eu\/wp-content\/uploads\/2022\/03\/Team_Liisa-kallio_EVIPRO.png\" alt=\"\" width=\"230\" height=\"300\" \/><\/p>\n<p><span lang=\"en-US\">Liisa Kallio<\/span><\/p>\n<p><span lang=\"en-US\">M.Soc.Sc, Finnland, liisa.kallio(at)evipro.fi <\/span><\/p>\n<p><span lang=\"en-US\">Mein beruflicher Hintergrund ist sozialwissenschaftlich, und ich habe viel in der Suchthilfe sowie in der F\u00fchrung und im Management gearbeitet. Ich glaube an die Kraft von Gemeinschaften und Peer-Unterst\u00fctzung sowie an genesungsorientierte Praktiken. Heute arbeite ich als professioneller Coach und Supervisor sowie als Veranstaltungsproduzent.<\/span><\/p>\n<hr \/>\n<p><img loading=\"lazy\" decoding=\"async\" class=\"alignnone size-full wp-image-1777\" src=\"https:\/\/eeefc.eu\/wp-content\/uploads\/2022\/03\/Team_Lauri-Kuosmanen_-EVIPRO.png\" alt=\"\" width=\"230\" height=\"300\" \/><\/p>\n<p><span lang=\"en-US\">Lauri Kuosmanen<\/span><\/p>\n<p><span lang=\"en-US\">Au\u00dferordentlicher Professor, PhD, RN, FEANS, Ausschussmitglied, Finnland, lauri.kuosmanen(at)evipro.fi<\/span><\/p>\n<p><span lang=\"en-US\">Mein beruflicher Hintergrund ist die psychiatrische Krankenpflege und ich habe seit 30 Jahren Berufserfahrung in verschiedenen Positionen im Gesundheitswesen. Ich habe 2009 in Pflegewissenschaft promoviert und 2013 den Titel eines Dozenten (Lehrbeauftragter) erhalten. Meine Forschungsinteressen liegen in den Bereichen Bioethik, Menschenrechte, Digitalisierung und Evaluation von Gesundheitsdienstleistungen. Neben Evipro arbeite ich als Universit\u00e4tsdozentin an der Universit\u00e4t Ostfinnland, Abteilung f\u00fcr Pflegewissenschaft.<\/span><\/p>\n<hr \/>\n<p><img loading=\"lazy\" decoding=\"async\" class=\"alignnone size-full wp-image-1717\" src=\"https:\/\/eeefc.eu\/wp-content\/uploads\/2022\/03\/Team_Stephen.png\" alt=\"\" width=\"230\" height=\"300\" \/><\/p>\n<p>Stephen Finlayson<\/p>\n<p>Penumbra<\/p>\n<p>Schottland<\/p>\n<hr \/>\n\n\n<figure class=\"wp-block-image size-large is-resized\"><img loading=\"lazy\" decoding=\"async\" width=\"1024\" height=\"1024\" src=\"https:\/\/eeefc.eu\/wp-content\/uploads\/2023\/05\/Nikki-Kilburn-Bio-Pic-1024x1024.jpg\" alt=\"\" class=\"wp-image-2159\" style=\"width:236px;height:auto\" srcset=\"https:\/\/eeefc.eu\/wp-content\/uploads\/2023\/05\/Nikki-Kilburn-Bio-Pic-1024x1024.jpg 1024w, https:\/\/eeefc.eu\/wp-content\/uploads\/2023\/05\/Nikki-Kilburn-Bio-Pic-300x300.jpg 300w, https:\/\/eeefc.eu\/wp-content\/uploads\/2023\/05\/Nikki-Kilburn-Bio-Pic-150x150.jpg 150w, https:\/\/eeefc.eu\/wp-content\/uploads\/2023\/05\/Nikki-Kilburn-Bio-Pic-768x768.jpg 768w, https:\/\/eeefc.eu\/wp-content\/uploads\/2023\/05\/Nikki-Kilburn-Bio-Pic-1536x1536.jpg 1536w, https:\/\/eeefc.eu\/wp-content\/uploads\/2023\/05\/Nikki-Kilburn-Bio-Pic-2048x2048.jpg 2048w\" sizes=\"auto, (max-width: 1024px) 100vw, 1024px\" \/><\/figure>\n\n\n\n<p>Nikki Kilburn<\/p>\n\n\n\n<p>Penumbra<\/p>\n\n\n\n<p>Schottland<\/p>\n\n\n\n<hr class=\"wp-block-separator has-alpha-channel-opacity is-style-wide\"\/>\n\n\n\n<figure class=\"wp-block-image\"><img loading=\"lazy\" decoding=\"async\" width=\"225\" height=\"300\" src=\"https:\/\/eeefc.eu\/wp-content\/uploads\/2022\/05\/Siobhan-Russell.png\" alt=\"\" class=\"wp-image-2109\"\/><\/figure>\n\n\n\n<p>Dr. Siobh\u00e1n Russell&nbsp;<\/p>\n\n\n\n<p>Assistenzprofessor, Psychische Gesundheit und Krankenpflege<\/p>\n\n\n\n<p>Schule f\u00fcr Krankenpflege, Psychotherapie und Gemeindegesundheit<\/p>\n\n\n\n<p>Dublin City University<\/p>\n\n\n\n<hr class=\"wp-block-separator has-alpha-channel-opacity is-style-wide\"\/>\n\n\n\n<figure class=\"wp-block-image\"><img loading=\"lazy\" decoding=\"async\" width=\"225\" height=\"300\" src=\"https:\/\/eeefc.eu\/wp-content\/uploads\/2022\/05\/Mary-Farrelly.png\" alt=\"\" class=\"wp-image-2108\"\/><\/figure>\n\n\n\n<p>Dr. Mary Farrelly<\/p>\n\n\n\n<p>Ich bin Assistenzprofessorin f\u00fcr psychische Gesundheitspflege an der Dublin City University und Mitglied des Teams des Dublin North\/North East Recovery College.  Ich habe in verschiedenen Funktionen im Bereich der psychischen Gesundheit gearbeitet, bevor ich in den Bildungsbereich wechselte.  Au\u00dferdem bin ich als Moderatorin f\u00fcr das Hearing Voices Network Ireland t\u00e4tig.<\/p>\n\n\n\n<hr class=\"wp-block-separator has-alpha-channel-opacity is-style-wide\"\/>\n\n\n\n<figure class=\"wp-block-image\"><img loading=\"lazy\" decoding=\"async\" width=\"350\" height=\"263\" src=\"https:\/\/eeefc.eu\/wp-content\/uploads\/2022\/05\/Mark-Philbin.png\" alt=\"\" class=\"wp-image-2106\" srcset=\"https:\/\/eeefc.eu\/wp-content\/uploads\/2022\/05\/Mark-Philbin.png 350w, https:\/\/eeefc.eu\/wp-content\/uploads\/2022\/05\/Mark-Philbin-300x225.png 300w\" sizes=\"auto, (max-width: 350px) 100vw, 350px\" \/><\/figure>\n\n\n\n<p>Dr. Mark Philbin<\/p>\n\n\n\n<p>Dozentin f\u00fcr Gesundheit und Gesellschaft<\/p>\n\n\n\n<p>Schule f\u00fcr Krankenpflege, Psychotherapie und Gemeindegesundheit<\/p>\n\n\n\n<p>Dublin City University<\/p>\n\n\n\n<p>Dublin 9<\/p>\n\n\n\n<hr class=\"wp-block-separator has-alpha-channel-opacity is-style-wide\"\/>\n\n\n\n<figure class=\"wp-block-image size-large is-resized\"><img loading=\"lazy\" decoding=\"async\" width=\"768\" height=\"1024\" src=\"https:\/\/eeefc.eu\/wp-content\/uploads\/2023\/04\/Chris-ODonell-768x1024.jpg\" alt=\"\" class=\"wp-image-2148\" style=\"width:254px;height:auto\" srcset=\"https:\/\/eeefc.eu\/wp-content\/uploads\/2023\/04\/Chris-ODonell-768x1024.jpg 768w, https:\/\/eeefc.eu\/wp-content\/uploads\/2023\/04\/Chris-ODonell-225x300.jpg 225w, https:\/\/eeefc.eu\/wp-content\/uploads\/2023\/04\/Chris-ODonell-1152x1536.jpg 1152w, https:\/\/eeefc.eu\/wp-content\/uploads\/2023\/04\/Chris-ODonell-1536x2048.jpg 1536w, https:\/\/eeefc.eu\/wp-content\/uploads\/2023\/04\/Chris-ODonell-scaled.jpg 1920w\" sizes=\"auto, (max-width: 768px) 100vw, 768px\" \/><\/figure>\n\n\n\n<p>Chris O'Donell<\/p>\n\n\n\n<p>Chris war Peer-Support-Mitarbeiterin im Bereich Obdachlosigkeit, Trauma und Abh\u00e4ngigkeiten. Sie hatte einen Hintergrund in Linguistik und Journalismus und ein Interesse an Heilung durch Verbindung und Humor.<\/p>\n\n\n\n<p><a href=\"https:\/\/recoverycollege.ie\/angel-of-the-street-ascends\/\" title=\"\">https:\/\/recoverycollege.ie\/angel-of-the-street-ascends\/<\/a><\/p>","protected":false},"excerpt":{"rendered":"<p>Martha Griffin &#8211; DCU L\u00edam Mac Gabhann is Associate Professor, in Mental Health Practice at the School of Nursing, Psychotherapy [&hellip;]<\/p>","protected":false},"author":1,"featured_media":0,"parent":0,"menu_order":0,"comment_status":"closed","ping_status":"closed","template":"","meta":{"om_disable_all_campaigns":false,"_monsterinsights_skip_tracking":false,"_monsterinsights_sitenote_active":false,"_monsterinsights_sitenote_note":"","_monsterinsights_sitenote_category":0,"footnotes":""},"class_list":["post-1819","page","type-page","status-publish","hentry"],"aioseo_notices":[],"_links":{"self":[{"href":"https:\/\/eeefc.eu\/de\/wp-json\/wp\/v2\/pages\/1819","targetHints":{"allow":["GET"]}}],"collection":[{"href":"https:\/\/eeefc.eu\/de\/wp-json\/wp\/v2\/pages"}],"about":[{"href":"https:\/\/eeefc.eu\/de\/wp-json\/wp\/v2\/types\/page"}],"author":[{"embeddable":true,"href":"https:\/\/eeefc.eu\/de\/wp-json\/wp\/v2\/users\/1"}],"replies":[{"embeddable":true,"href":"https:\/\/eeefc.eu\/de\/wp-json\/wp\/v2\/comments?post=1819"}],"version-history":[{"count":17,"href":"https:\/\/eeefc.eu\/de\/wp-json\/wp\/v2\/pages\/1819\/revisions"}],"predecessor-version":[{"id":2426,"href":"https:\/\/eeefc.eu\/de\/wp-json\/wp\/v2\/pages\/1819\/revisions\/2426"}],"wp:attachment":[{"href":"https:\/\/eeefc.eu\/de\/wp-json\/wp\/v2\/media?parent=1819"}],"curies":[{"name":"wp","href":"https:\/\/api.w.org\/{rel}","templated":true}]}}