{"id":1551,"date":"2022-03-05T13:18:20","date_gmt":"2022-03-05T13:18:20","guid":{"rendered":"https:\/\/eeefc.eu\/?page_id=1551"},"modified":"2024-12-14T18:56:27","modified_gmt":"2024-12-14T16:56:27","slug":"partner","status":"publish","type":"page","link":"https:\/\/eeefc.eu\/de\/partner\/","title":{"rendered":"Partner"},"content":{"rendered":"<div id=\"pl-1551\" class=\"panel-layout\">\r\n<div id=\"pg-1551-0\" class=\"panel-grid panel-no-style\" data-style=\"{&quot;background_image_attachment&quot;:false,&quot;background_display&quot;:&quot;tile&quot;,&quot;cell_alignment&quot;:&quot;flex-start&quot;}\" data-ratio=\"1\" data-ratio-direction=\"right\">\r\n<div id=\"pgc-1551-0-0\" class=\"panel-grid-cell\" data-weight=\"1\">\r\n<div id=\"panel-1551-0-0-0\" class=\"so-panel widget widget_text panel-first-child panel-last-child\" data-index=\"0\" data-style=\"{&quot;background_image_attachment&quot;:false,&quot;background_display&quot;:&quot;tile&quot;}\">\r\n<h3>Recovery Academy Irland<\/h3>\r\n<h3 class=\"textwidget\"><img loading=\"lazy\" decoding=\"async\" class=\"size-full wp-image-1774 alignleft\" src=\"https:\/\/eeefc.eu\/wp-content\/uploads\/2022\/03\/Logo-Recovery_H.png\" alt=\"\" width=\"325\" height=\"233\" srcset=\"https:\/\/eeefc.eu\/wp-content\/uploads\/2022\/03\/Logo-Recovery_H.png 325w, https:\/\/eeefc.eu\/wp-content\/uploads\/2022\/03\/Logo-Recovery_H-300x215.png 300w\" sizes=\"auto, (max-width: 325px) 100vw, 325px\" \/><\/h3>\r\n<\/div>\r\n<\/div>\r\n<\/div>\r\n<\/div>\r\n<p>&nbsp;<\/p>\r\n<p>Die Recovery Academy Ireland ist eine genossenschaftlich organisierte Wohlt\u00e4tigkeitsorganisation, die sich in ein breiteres internationales Netzwerk von Organisationen einreiht, die die Sichtbarkeit der Genesung f\u00f6rdern und die Stigmatisierung bek\u00e4mpfen. Ihr Hauptaugenmerk liegt auf der F\u00f6rderung und Unterst\u00fctzung aktiver und nachhaltiger Genesung f\u00fcr Menschen mit Suchtproblemen, ihre Familien und Freunde sowie auf dem Eintreten f\u00fcr die Genesenden. Die Recovery Academy Ireland hat es sich zur Aufgabe gemacht, diesen kulturellen Wandel einzuleiten und die Dienste von der reinen Schadensbegrenzung hin zu einem Genesungsmodell umzuorientieren. Die Akademie will dies erreichen, indem sie ein Leben der Erf\u00fcllung, des Wohlbefindens und der uneingeschr\u00e4nkten gesellschaftlichen Teilhabe f\u00fcr Menschen in Genesung f\u00f6rdert, das sich von der Abh\u00e4ngigkeit von Suchtdiensten l\u00f6st und sich mehr auf den Aufbau von Genesungskapital f\u00fcr Einzelpersonen und Gemeinschaften konzentriert.<\/p>\r\n<p><a href=\"http:\/\/www.recoveryacademyireland.ie\">http:\/\/www.recoveryacademyireland.ie<\/a><\/p>\r\n<hr \/>\r\n<h3>DNNERC<\/h3>\r\n<p><img loading=\"lazy\" decoding=\"async\" class=\"size-full wp-image-1497 alignleft\" src=\"https:\/\/eeefc.eu\/wp-content\/uploads\/2022\/03\/Logo-DNNERC_H.png\" alt=\"\" width=\"325\" height=\"233\" srcset=\"https:\/\/eeefc.eu\/wp-content\/uploads\/2022\/03\/Logo-DNNERC_H.png 325w, https:\/\/eeefc.eu\/wp-content\/uploads\/2022\/03\/Logo-DNNERC_H-300x215.png 300w\" sizes=\"auto, (max-width: 325px) 100vw, 325px\" \/><\/p>\r\n<p>Das Dublin North, North East Recovery College bietet Erwachsenen und jungen Menschen vor allem in den Regionen Nord-Dublin, Louth und Meath in Irland eine transformative Ausbildung im Bereich der psychischen Gesundheit an, die jedoch auch auf andere Teile Irlands ausgedehnt wurde. Das Recovery College bietet allen, die sich f\u00fcr die Genesung von psychisch Kranken und Drogenabh\u00e4ngigen interessieren, eine erm\u00e4chtigende und transformative, auf Genesung basierende Ausbildung an.  Die Arbeit des Recovery College basiert auf einem Co-Produktionsansatz, der die Prinzipien der Genesung, der Erwachsenenbildung, der Menschenrechte und der Gemeinschaftsentwicklung miteinander verbindet.<\/p>\r\n<p><a href=\"http:\/\/www.recoverycollege.ie\">http:\/\/www.recoverycollege.ie\u00a0<\/a><\/p>\r\n<hr \/>\r\n<h3 class=\"widget-title\"><span style=\"font-size: revert;\">Evipro<\/span><\/h3>\r\n<p><img loading=\"lazy\" decoding=\"async\" class=\"alignleft wp-image-2095 size-medium\" src=\"https:\/\/eeefc.eu\/wp-content\/uploads\/2022\/04\/Logo-Evipro-e1651146948964-300x96.jpg\" alt=\"\" width=\"300\" height=\"96\" srcset=\"https:\/\/eeefc.eu\/wp-content\/uploads\/2022\/04\/Logo-Evipro-e1651146948964-300x96.jpg 300w, https:\/\/eeefc.eu\/wp-content\/uploads\/2022\/04\/Logo-Evipro-e1651146948964.jpg 569w\" sizes=\"auto, (max-width: 300px) 100vw, 300px\" \/>(Evidence-based Professionals) Das Unternehmen hat Erfahrung in der Organisation von Veranstaltungen wie Konferenzen, Seminaren und Studienbesuchen f\u00fcr Fachleute, um Foren zum gemeinsamen Lernen und Diskutieren zu bieten. Evipro bietet Beratungs- und Betreuungsdienste im Bereich der Sozial- und Gesundheitsdienste an. Die Ausbilder des Unternehmens verf\u00fcgen \u00fcber umfangreiche Erfahrungen in den Bereichen praktische Arbeit, F\u00fchrung, Management, Planung und Forschung, insbesondere in den Bereichen psychische Gesundheit und Suchtkrankheiten. Die Stimme von Dienstleistungsnutzern und Experten mit Erfahrung und Genesung ist in der Arbeit von Evipro pr\u00e4sent. Evipro bietet Beratung, Supervision, ma\u00dfgeschneiderte Schulungen und Fortbildungen f\u00fcr Fachleute im \u00f6ffentlichen Sektor, in Nichtregierungsorganisationen, Privatunternehmen, Schulen und anderen Einrichtungen. Au\u00dferdem bieten unsere akkreditierten Supervisoren und Coaches Schulungen und Coaching f\u00fcr Mitarbeiter und F\u00fchrungskr\u00e4fte an. Evipro ist offizieller Organisator der Konferenzen der Europ\u00e4ischen Konferenz f\u00fcr psychische Gesundheit <a href=\"https:\/\/www.ecmh.eu\">www.ecmh.eu<\/a>.<\/p>\r\n<p><a href=\"http:\/\/www.evipro.fi\">http:\/\/www.evipro.fi<\/a><\/p>\r\n<hr \/>\r\n<h3 class=\"textwidget\">Chaque Jour Compte<\/h3>\r\n<div><img loading=\"lazy\" decoding=\"async\" class=\"wp-image-2132 alignleft\" src=\"https:\/\/eeefc.eu\/wp-content\/uploads\/2023\/03\/cjc_logo_y_vf_2022.png\" alt=\"\" width=\"230\" height=\"206\" \/><\/div>\r\n<div>\r\n<p><em>Chaque Jour Compte<\/em> (<em>Jeder Tag z\u00e4hlt<\/em>) ist eine Vereinigung von Gesundheitsaktivisten, die sich f\u00fcr alternative L\u00f6sungen im Bereich der psychischen Gesundheit einsetzen. Unser Angebot umfasst Sport und Ausfl\u00fcge, individuelle Unterst\u00fctzung, professionelle Unterst\u00fctzung, Schulungen, Lobbyarbeit und Forschung. Chaque Jour Compte wurde 2019 von Bernard Bikai gegr\u00fcndet, einem ehemaligen franz\u00f6sischen Profiboxmeister, Sonderp\u00e4dagogen und Sportlehrer, der darum k\u00e4mpfte, einen \"kranken\" Angeh\u00f6rigen aus einer psychiatrischen Klinik zu befreien. Unser Ziel ist es, das t\u00e4gliche Leben der von uns unterst\u00fctzten Menschen zu verbessern. Was uns leitet, ist die W\u00fcrde, die Beziehung, das Soziale, die Emanzipation und die Autonomie.<\/p>\r\n<p>&nbsp;<\/p>\r\n<a href=\"https:\/\/www.chaquejourcompte13.fr\/\">https:\/\/www.chaquejourcompte13.fr\/<\/a><\/div>\r\n<div><br \/><hr \/><\/div>\r\n<p><!-- \/wp:post-content --><\/p>\r\n<!-- wp:image {\"id\":2158,\"width\":434,\"height\":91} -->\r\n<h3 class=\"wp-block-image is-resized\">Penumbra<\/h3>\r\n<figure class=\"wp-block-image is-resized\"><img loading=\"lazy\" decoding=\"async\" class=\"wp-image-2158 alignleft\" src=\"https:\/\/eeefc.eu\/wp-content\/uploads\/2023\/05\/Penumbra-Logos-RGB_RGB-Penumbra-Colour-Logo.png\" alt=\"\" width=\"316\" height=\"67\" srcset=\"https:\/\/eeefc.eu\/wp-content\/uploads\/2023\/05\/Penumbra-Logos-RGB_RGB-Penumbra-Colour-Logo.png 4961w, https:\/\/eeefc.eu\/wp-content\/uploads\/2023\/05\/Penumbra-Logos-RGB_RGB-Penumbra-Colour-Logo-300x64.png 300w, https:\/\/eeefc.eu\/wp-content\/uploads\/2023\/05\/Penumbra-Logos-RGB_RGB-Penumbra-Colour-Logo-1024x217.png 1024w, https:\/\/eeefc.eu\/wp-content\/uploads\/2023\/05\/Penumbra-Logos-RGB_RGB-Penumbra-Colour-Logo-768x163.png 768w, https:\/\/eeefc.eu\/wp-content\/uploads\/2023\/05\/Penumbra-Logos-RGB_RGB-Penumbra-Colour-Logo-1536x326.png 1536w, https:\/\/eeefc.eu\/wp-content\/uploads\/2023\/05\/Penumbra-Logos-RGB_RGB-Penumbra-Colour-Logo-2048x435.png 2048w\" sizes=\"auto, (max-width: 316px) 100vw, 316px\" \/><\/figure>\r\n<!-- \/wp:image -->\r\n\r\n<!-- wp:paragraph -->\r\n<p>Penumbra ist eine bahnbrechende Wohlt\u00e4tigkeitsorganisation mit Sitz in Schottland, die spezielle Dienste f\u00fcr Menschen mit leichten bis schweren und dauerhaften psychischen Erkrankungen anbietet. Wir unterst\u00fctzen Menschen auf ihrem Weg zu einer besseren psychischen Gesundheit, indem wir mit jedem Einzelnen zusammenarbeiten, um seinen eigenen Weg zu finden. Die Kraft der Lebenserfahrung der Menschen erm\u00f6glicht es uns, bahnbrechende Dienste anzubieten, die das Leben ver\u00e4ndern. Wir sind f\u00fcr Menschen in Krisensituationen da, bieten Suizidpr\u00e4vention, betreutes Wohnen, Selbstverletzungsmanagement und Peer-Unterst\u00fctzung. Wir begleiten die Menschen, die wir unterst\u00fctzen, bei jedem Schritt auf ihrem Weg zu einem besseren Leben. Penumbra unterst\u00fctzt Menschen dabei, ein erf\u00fclltes Leben zu f\u00fchren und ihren Beitrag zu leisten. Dabei folgen wir unserem personenzentrierten Modell der HOPE. F\u00fcr uns ist Hoffnung ein wesentlicher Bestandteil der Genesung, und die Unterst\u00fctzung der Menschen dabei, Hoffnung f\u00fcr die Zukunft zu haben und zu bewahren, ist ein wichtiger Teil unserer Arbeit.<\/p>\r\n<!-- \/wp:paragraph -->\r\n\r\n<!-- wp:paragraph -->\r\n<p><a href=\"https:\/\/www.penumbra.org.uk\/\">https:\/\/www.penumbra.org.uk\/<\/a><\/p>\r\n<!-- \/wp:paragraph -->\r\n\r\n<!-- wp:paragraph \/-->","protected":false},"excerpt":{"rendered":"<p>Recovery Academy Ireland Recovery Academy Ireland ist eine genossenschaftliche Organisation\/eine gemeinn\u00fctzige Einrichtung, die ihren Platz in einem gr\u00f6\u00dferen internationalen Netzwerk einnimmt [...]<\/p>","protected":false},"author":1,"featured_media":0,"parent":0,"menu_order":0,"comment_status":"closed","ping_status":"closed","template":"page-templates\/full-width.php","meta":{"om_disable_all_campaigns":false,"_monsterinsights_skip_tracking":false,"_monsterinsights_sitenote_active":false,"_monsterinsights_sitenote_note":"","_monsterinsights_sitenote_category":0,"footnotes":""},"class_list":["post-1551","page","type-page","status-publish","hentry"],"aioseo_notices":[],"_links":{"self":[{"href":"https:\/\/eeefc.eu\/de\/wp-json\/wp\/v2\/pages\/1551","targetHints":{"allow":["GET"]}}],"collection":[{"href":"https:\/\/eeefc.eu\/de\/wp-json\/wp\/v2\/pages"}],"about":[{"href":"https:\/\/eeefc.eu\/de\/wp-json\/wp\/v2\/types\/page"}],"author":[{"embeddable":true,"href":"https:\/\/eeefc.eu\/de\/wp-json\/wp\/v2\/users\/1"}],"replies":[{"embeddable":true,"href":"https:\/\/eeefc.eu\/de\/wp-json\/wp\/v2\/comments?post=1551"}],"version-history":[{"count":54,"href":"https:\/\/eeefc.eu\/de\/wp-json\/wp\/v2\/pages\/1551\/revisions"}],"predecessor-version":[{"id":2394,"href":"https:\/\/eeefc.eu\/de\/wp-json\/wp\/v2\/pages\/1551\/revisions\/2394"}],"wp:attachment":[{"href":"https:\/\/eeefc.eu\/de\/wp-json\/wp\/v2\/media?parent=1551"}],"curies":[{"name":"wp","href":"https:\/\/api.w.org\/{rel}","templated":true}]}}