{"id":1435,"date":"2022-03-01T12:22:17","date_gmt":"2022-03-01T12:22:17","guid":{"rendered":"https:\/\/eeefc.eu\/?page_id=1435"},"modified":"2024-12-20T20:16:56","modified_gmt":"2024-12-20T18:16:56","slug":"ergebnisse","status":"publish","type":"page","link":"https:\/\/eeefc.eu\/de\/ergebnisse\/","title":{"rendered":"Ergebnisse"},"content":{"rendered":"<p>Ergebnisse: Welche Projektergebnisse und sonstigen Resultate erwarten Sie von Ihrem Projekt?<\/p>\n\n\n\n<ul class=\"wp-block-list\">\n<li>Verbesserte F\u00e4higkeit der Projektteilnehmer, sich in ihrer breiteren Gemeinschaft zu engagieren und durch die Bestimmung ihrer eigenen Bildungsbed\u00fcrfnisse und deren Erf\u00fcllung ein erm\u00e4chtigendes kritisches Bewusstsein zu entwickeln, das ihr eigenes Wohlergehen und das ihrer Mitsch\u00fcler f\u00f6rdert. <\/li>\n<\/ul>\n\n\n\n<ul class=\"wp-block-list\">\n<li>Entwicklung eines erprobten p\u00e4dagogischen Rahmens, der auf menschenrechtsbasierten Ans\u00e4tzen zur Inklusion beruht und als Bildungsprozess in gr\u00f6\u00dferen Gemeinschaften verallgemeinerbar ist. <\/li>\n<\/ul>\n\n\n\n<ul class=\"wp-block-list\">\n<li>Verankerung eines nachhaltigen Modells f\u00fcr die Durchf\u00fchrung von Bildungsprogrammen in den teilnehmenden Partnergemeinden. <\/li>\n<\/ul>\n\n\n\n<ul class=\"wp-block-list\">\n<li>Entwicklung eines Train-the-Trainer-Toolkits f\u00fcr alle, die das Programm abgeschlossen haben und es selbst in ihrer Gemeinde durchf\u00fchren m\u00f6chten. <\/li>\n<\/ul>\n\n\n\n<ul class=\"wp-block-list\">\n<li>Entwicklung eines Leitfadens f\u00fcr bew\u00e4hrte Praktiken, der allen zur Verf\u00fcgung steht, die entweder dieses Projekt oder ein Projekt mit \u00e4hnlichen Werten, Absichten und Prozessen umsetzen wollen oder k\u00f6nnen.<\/li>\n<\/ul>\n\n\n\n<p><\/p>","protected":false},"excerpt":{"rendered":"<p>Ergebnisse: Welche Projektergebnisse und sonstigen Resultate erwarten Sie von Ihrem Projekt?<\/p>","protected":false},"author":1,"featured_media":0,"parent":0,"menu_order":0,"comment_status":"closed","ping_status":"closed","template":"","meta":{"om_disable_all_campaigns":false,"_monsterinsights_skip_tracking":false,"_monsterinsights_sitenote_active":false,"_monsterinsights_sitenote_note":"","_monsterinsights_sitenote_category":0,"footnotes":""},"class_list":["post-1435","page","type-page","status-publish","hentry"],"aioseo_notices":[],"_links":{"self":[{"href":"https:\/\/eeefc.eu\/de\/wp-json\/wp\/v2\/pages\/1435","targetHints":{"allow":["GET"]}}],"collection":[{"href":"https:\/\/eeefc.eu\/de\/wp-json\/wp\/v2\/pages"}],"about":[{"href":"https:\/\/eeefc.eu\/de\/wp-json\/wp\/v2\/types\/page"}],"author":[{"embeddable":true,"href":"https:\/\/eeefc.eu\/de\/wp-json\/wp\/v2\/users\/1"}],"replies":[{"embeddable":true,"href":"https:\/\/eeefc.eu\/de\/wp-json\/wp\/v2\/comments?post=1435"}],"version-history":[{"count":3,"href":"https:\/\/eeefc.eu\/de\/wp-json\/wp\/v2\/pages\/1435\/revisions"}],"predecessor-version":[{"id":2472,"href":"https:\/\/eeefc.eu\/de\/wp-json\/wp\/v2\/pages\/1435\/revisions\/2472"}],"wp:attachment":[{"href":"https:\/\/eeefc.eu\/de\/wp-json\/wp\/v2\/media?parent=1435"}],"curies":[{"name":"wp","href":"https:\/\/api.w.org\/{rel}","templated":true}]}}