{"id":1433,"date":"2022-03-01T12:10:15","date_gmt":"2022-03-01T12:10:15","guid":{"rendered":"https:\/\/eeefc.eu\/?page_id=1433"},"modified":"2024-12-20T20:09:35","modified_gmt":"2024-12-20T18:09:35","slug":"umsetzung","status":"publish","type":"page","link":"https:\/\/eeefc.eu\/de\/umsetzung\/","title":{"rendered":"Umsetzung"},"content":{"rendered":"<p>Durchf\u00fchrung: Welche Aktivit\u00e4ten werden Sie durchf\u00fchren?<\/p>\n\n\n\n<p>Ein Prozess der Gemeinschaftsbeteiligung, bei dem die Gemeinschaft zusammen mit den Projektpartnern einen partizipativen Lernprozess entwickelt, um ein Bildungsprogramm mit zwei Modulen zu entwickeln: <\/p>\n\n\n\n<p>(a) Erholung: Gemeinsam lernen, Train the Trainers<\/p>\n\n\n\n<p> und <\/p>\n\n\n\n<p>(b) gemeinsam mit den Programmteilnehmern ein ma\u00dfgeschneidertes Bildungsprogramm f\u00fcr psychische Gesundheit und Wohlbefinden zu entwickeln, das auf die Bed\u00fcrfnisse der Teilnehmer abgestimmt ist und deren Gemeinschaftsf\u00e4higkeit st\u00e4rkt<\/p>\n\n\n\n<ul class=\"wp-block-list\">\n<li>Entwicklung eines Train-the-Trainer-Toolkits als Leitfaden f\u00fcr die Durchf\u00fchrung des Bildungsprogramms, <\/li>\n<\/ul>\n\n\n\n<ul class=\"wp-block-list\">\n<li>Einrichtung einer Projektwebsite, um die Projektergebnisse zu verbreiten und die laufende F\u00f6rderung der Projektergebnisse, <\/li>\n<\/ul>\n\n\n\n<ul class=\"wp-block-list\">\n<li>Verbreitung der Ergebnisse und der Leitlinien f\u00fcr bew\u00e4hrte Verfahren an ein breites und relevantes Publikum.<\/li>\n<\/ul>\n\n\n\n<p><\/p>\n\n\n\n<p><\/p>","protected":false},"excerpt":{"rendered":"<p>Durchf\u00fchrung: Welche Aktivit\u00e4ten werden Sie durchf\u00fchren? Ein Prozess der Gemeindebeteiligung, bei dem die Gemeinde zusammen mit den Projektpartnern [...]<\/p>","protected":false},"author":1,"featured_media":0,"parent":0,"menu_order":0,"comment_status":"closed","ping_status":"closed","template":"","meta":{"om_disable_all_campaigns":false,"_monsterinsights_skip_tracking":false,"_monsterinsights_sitenote_active":false,"_monsterinsights_sitenote_note":"","_monsterinsights_sitenote_category":0,"footnotes":""},"class_list":["post-1433","page","type-page","status-publish","hentry"],"aioseo_notices":[],"_links":{"self":[{"href":"https:\/\/eeefc.eu\/de\/wp-json\/wp\/v2\/pages\/1433","targetHints":{"allow":["GET"]}}],"collection":[{"href":"https:\/\/eeefc.eu\/de\/wp-json\/wp\/v2\/pages"}],"about":[{"href":"https:\/\/eeefc.eu\/de\/wp-json\/wp\/v2\/types\/page"}],"author":[{"embeddable":true,"href":"https:\/\/eeefc.eu\/de\/wp-json\/wp\/v2\/users\/1"}],"replies":[{"embeddable":true,"href":"https:\/\/eeefc.eu\/de\/wp-json\/wp\/v2\/comments?post=1433"}],"version-history":[{"count":3,"href":"https:\/\/eeefc.eu\/de\/wp-json\/wp\/v2\/pages\/1433\/revisions"}],"predecessor-version":[{"id":2468,"href":"https:\/\/eeefc.eu\/de\/wp-json\/wp\/v2\/pages\/1433\/revisions\/2468"}],"wp:attachment":[{"href":"https:\/\/eeefc.eu\/de\/wp-json\/wp\/v2\/media?parent=1433"}],"curies":[{"name":"wp","href":"https:\/\/api.w.org\/{rel}","templated":true}]}}