{"id":1412,"date":"2022-02-28T09:42:16","date_gmt":"2022-02-28T07:42:16","guid":{"rendered":"https:\/\/eeefc.eu\/?page_id=1412"},"modified":"2024-12-20T20:18:13","modified_gmt":"2024-12-20T18:18:13","slug":"hintergrund","status":"publish","type":"page","link":"https:\/\/eeefc.eu\/de\/hintergrund\/","title":{"rendered":"Hintergrund"},"content":{"rendered":"<p>Im Rahmen dieses Projekts wurde ein internationales Netzwerk von Fachleuten, erfahrenen Experten, Akademikern und Menschen, die von psychischen Problemen und Drogenkonsum betroffen sind, aufgebaut, um die F\u00e4higkeit der Gemeinschaft, auf diese Probleme zu reagieren, durch die Entwicklung und Umsetzung eines erm\u00e4chtigenden Bildungsprozesses f\u00fcr Erwachsene in f\u00fcnf bestimmten Gemeinden zu st\u00e4rken.<\/p>\r\n<p>Im Rahmen des Projekts wurden die Auswirkungen des partizipatorischen Prozesses und der p\u00e4dagogischen Intervention auf die teilnehmenden Akteure bewertet und Leitlinien f\u00fcr bew\u00e4hrte Verfahren f\u00fcr andere entwickelt, die den Prozess in ihren Gemeinden nachahmen m\u00f6chten.<\/p>\r\n<p>In der Genfer Charta f\u00fcr das Wohlbefinden (Weltgesundheitsorganisation, 2021) wurden Antworten empfohlen<\/p>\r\n<p>\"die die Gesundheit und das Wohlergehen des Planeten, der Gesellschaft, der Gemeinschaft und des Einzelnen sowie Ver\u00e4nderungen in den sozialen Strukturen einbeziehen, um die Menschen dabei zu unterst\u00fctzen, ihr Leben und ihre Gesundheit selbst in die Hand zu nehmen\" (S.1)<\/p>\r\n<p>und legt nahe, dass in Zukunft demokratischere Ans\u00e4tze zum Verst\u00e4ndnis und zur F\u00f6rderung des Wohlergehens der B\u00fcrger erforderlich sind.<\/p>\r\n<p>Die Rechtfertigung f\u00fcr dieses Projekt ergibt sich aus der zunehmenden Einsicht auf EU-Ebene, dass marginalisierte und gef\u00e4hrdete Bev\u00f6lkerungsgruppen umfassendere integrative Ans\u00e4tze ben\u00f6tigen, bei denen sie aktiv an der Entscheidung beteiligt werden, wie sie mit ihrer Gesundheit und ihrem Wohlbefinden umgehen wollen (Hickey et al. 2022).<\/p>\r\n<p>Die Erasmus+-Kooperationspartnerschaft ist davon \u00fcberzeugt, dass dieser innovative partizipatorische Bildungsprozess in den am Projekt beteiligten Gemeinschaften die Widerstandsf\u00e4higkeit und die F\u00e4higkeit entwickeln wird, auf die Herausforderungen der psychischen Gesundheit und des Drogenkonsums zu reagieren.<\/p>","protected":false},"excerpt":{"rendered":"<p>Im Rahmen dieses Projekts wurde ein internationales Netzwerk von Fachleuten, Experten aus der Praxis, Akademikern und Menschen, die von psychischer Gesundheit und [...]<\/p>","protected":false},"author":1,"featured_media":0,"parent":0,"menu_order":0,"comment_status":"closed","ping_status":"closed","template":"","meta":{"om_disable_all_campaigns":false,"_monsterinsights_skip_tracking":false,"_monsterinsights_sitenote_active":false,"_monsterinsights_sitenote_note":"","_monsterinsights_sitenote_category":0,"footnotes":""},"class_list":["post-1412","page","type-page","status-publish","hentry"],"aioseo_notices":[],"_links":{"self":[{"href":"https:\/\/eeefc.eu\/de\/wp-json\/wp\/v2\/pages\/1412","targetHints":{"allow":["GET"]}}],"collection":[{"href":"https:\/\/eeefc.eu\/de\/wp-json\/wp\/v2\/pages"}],"about":[{"href":"https:\/\/eeefc.eu\/de\/wp-json\/wp\/v2\/types\/page"}],"author":[{"embeddable":true,"href":"https:\/\/eeefc.eu\/de\/wp-json\/wp\/v2\/users\/1"}],"replies":[{"embeddable":true,"href":"https:\/\/eeefc.eu\/de\/wp-json\/wp\/v2\/comments?post=1412"}],"version-history":[{"count":10,"href":"https:\/\/eeefc.eu\/de\/wp-json\/wp\/v2\/pages\/1412\/revisions"}],"predecessor-version":[{"id":2473,"href":"https:\/\/eeefc.eu\/de\/wp-json\/wp\/v2\/pages\/1412\/revisions\/2473"}],"wp:attachment":[{"href":"https:\/\/eeefc.eu\/de\/wp-json\/wp\/v2\/media?parent=1412"}],"curies":[{"name":"wp","href":"https:\/\/api.w.org\/{rel}","templated":true}]}}