{"id":1395,"date":"2022-02-14T16:45:55","date_gmt":"2022-02-14T16:45:55","guid":{"rendered":"https:\/\/eeefc.eu\/?page_id=1395"},"modified":"2024-12-14T18:27:35","modified_gmt":"2024-12-14T16:27:35","slug":"das-projekt","status":"publish","type":"page","link":"https:\/\/eeefc.eu\/de\/das-projekt\/","title":{"rendered":"Das Projekt"},"content":{"rendered":"<p>Das EEEFCom-Projekt war ein vom Erasmus-Programm finanziertes Projekt, das mit einem kooperativen Netzwerk von Partnern zusammenarbeitete, zu denen Organisationen f\u00fcr psychische Gesundheit und Sucht in vier geografischen Gebieten geh\u00f6rten. Das Projekt mit dem Titel \"Embedding an Emancipatory Educational Framework in Communities\" (EEEFCom) bestand aus f\u00fcnf Partnern: Dublin North, North East Recovery College (Irland), The Recovery Academy (Irland), Evipro (Finnland), Chaque Jour Compte (Frankreich) und Penumbra (Schottland).<\/p>\n<p>Das kooperative Netzwerk entwickelte ein ma\u00dfgeschneidertes Modell und einen Rahmen, der zur Durchf\u00fchrung von Bildungsinitiativen f\u00fchrte, die sich auf einen transformativen Bildungsprozess f\u00fcr Teilnehmer und Gemeinschaften konzentrierten.<\/p>\n<p>Seit seiner urspr\u00fcnglichen Entwicklung im Jahr 2022 wurde dieser soziale und p\u00e4dagogische Prozess in vier europ\u00e4ischen St\u00e4dten mehrfach mit verschiedenen Partnern durchgef\u00fchrt, was zu positiven Ergebnissen f\u00fcr viele Teilnehmer und Gemeinden f\u00fchrte.<\/p>","protected":false},"excerpt":{"rendered":"<p>Das EEEFCom-Projekt war ein vom Erasmus-Programm finanziertes Projekt, das mit einem kooperativen Netzwerk von Partnern zusammenarbeitete, zu denen auch [...]<\/p>","protected":false},"author":1,"featured_media":0,"parent":0,"menu_order":0,"comment_status":"closed","ping_status":"closed","template":"","meta":{"om_disable_all_campaigns":false,"_monsterinsights_skip_tracking":false,"_monsterinsights_sitenote_active":false,"_monsterinsights_sitenote_note":"","_monsterinsights_sitenote_category":0,"footnotes":""},"class_list":["post-1395","page","type-page","status-publish","hentry"],"aioseo_notices":[],"_links":{"self":[{"href":"https:\/\/eeefc.eu\/de\/wp-json\/wp\/v2\/pages\/1395","targetHints":{"allow":["GET"]}}],"collection":[{"href":"https:\/\/eeefc.eu\/de\/wp-json\/wp\/v2\/pages"}],"about":[{"href":"https:\/\/eeefc.eu\/de\/wp-json\/wp\/v2\/types\/page"}],"author":[{"embeddable":true,"href":"https:\/\/eeefc.eu\/de\/wp-json\/wp\/v2\/users\/1"}],"replies":[{"embeddable":true,"href":"https:\/\/eeefc.eu\/de\/wp-json\/wp\/v2\/comments?post=1395"}],"version-history":[{"count":2,"href":"https:\/\/eeefc.eu\/de\/wp-json\/wp\/v2\/pages\/1395\/revisions"}],"predecessor-version":[{"id":2385,"href":"https:\/\/eeefc.eu\/de\/wp-json\/wp\/v2\/pages\/1395\/revisions\/2385"}],"wp:attachment":[{"href":"https:\/\/eeefc.eu\/de\/wp-json\/wp\/v2\/media?parent=1395"}],"curies":[{"name":"wp","href":"https:\/\/api.w.org\/{rel}","templated":true}]}}